{"id":27768,"date":"2024-09-13T21:00:53","date_gmt":"2024-09-13T21:00:53","guid":{"rendered":"https:\/\/eyedoc-ahmedgalal.com\/dry-eye\/"},"modified":"2024-11-19T16:00:05","modified_gmt":"2024-11-19T16:00:05","slug":"dry-eye","status":"publish","type":"page","link":"https:\/\/eyedoc-ahmedgalal.com\/de\/dry-eye\/","title":{"rendered":"Trockenes Auge"},"content":{"rendered":"\t\t<div data-elementor-type=\"wp-page\" data-elementor-id=\"27768\" class=\"elementor elementor-27768 elementor-22551\" data-elementor-settings=\"{&quot;ha_cmc_init_switcher&quot;:&quot;no&quot;}\">\n\t\t\t\t\t\t<section class=\"elementor-section elementor-top-section elementor-element elementor-element-90d20f2 elementor-section-content-middle elementor-section-boxed elementor-section-height-default elementor-section-height-default sc_fly_static\" data-id=\"90d20f2\" data-element_type=\"section\" data-e-type=\"section\" data-settings=\"{&quot;background_background&quot;:&quot;classic&quot;,&quot;_ha_eqh_enable&quot;:false}\">\n\t\t\t\t\t\t<div class=\"elementor-container elementor-column-gap-default\">\n\t\t\t\t\t<div class=\"elementor-column elementor-col-50 elementor-top-column elementor-element elementor-element-bba7d3f sc_inner_width_none sc_content_align_inherit sc_layouts_column_icons_position_left sc_fly_static\" data-id=\"bba7d3f\" data-element_type=\"column\" data-e-type=\"column\">\n\t\t\t<div class=\"elementor-widget-wrap elementor-element-populated\">\n\t\t\t\t\t\t<div class=\"elementor-element elementor-element-756ee5c no-title sc_fly_static elementor-widget elementor-widget-image\" data-id=\"756ee5c\" data-element_type=\"widget\" data-e-type=\"widget\" data-widget_type=\"image.default\">\n\t\t\t\t<div class=\"elementor-widget-container\">\n\t\t\t\t\t\t\t\t\t\t\t\t\t\t\t<img fetchpriority=\"high\" decoding=\"async\" width=\"1024\" height=\"897\" src=\"https:\/\/eyedoc-ahmedgalal.com\/wp-content\/uploads\/2024\/09\/\u0637\u0643.webp\" class=\"attachment-full size-full wp-image-22854\" alt=\"\" srcset=\"https:\/\/eyedoc-ahmedgalal.com\/wp-content\/uploads\/2024\/09\/\u0637\u0643.webp 1024w, https:\/\/eyedoc-ahmedgalal.com\/wp-content\/uploads\/2024\/09\/\u0637\u0643-300x263.webp 300w, https:\/\/eyedoc-ahmedgalal.com\/wp-content\/uploads\/2024\/09\/\u0637\u0643-768x673.webp 768w, https:\/\/eyedoc-ahmedgalal.com\/wp-content\/uploads\/2024\/09\/\u0637\u0643-370x324.webp 370w, https:\/\/eyedoc-ahmedgalal.com\/wp-content\/uploads\/2024\/09\/\u0637\u0643-840x736.webp 840w, https:\/\/eyedoc-ahmedgalal.com\/wp-content\/uploads\/2024\/09\/\u0637\u0643-410x359.webp 410w, https:\/\/eyedoc-ahmedgalal.com\/wp-content\/uploads\/2024\/09\/\u0637\u0643-600x526.webp 600w\" sizes=\"(max-width: 1024px) 100vw, 1024px\" \/>\t\t\t\t\t\t\t\t\t\t\t\t\t\t\t<\/div>\n\t\t\t\t<\/div>\n\t\t\t\t\t<\/div>\n\t\t<\/div>\n\t\t\t\t<div class=\"elementor-column elementor-col-50 elementor-top-column elementor-element elementor-element-1843352 sc_inner_width_none sc_content_align_inherit sc_layouts_column_icons_position_left sc_fly_static\" data-id=\"1843352\" data-element_type=\"column\" data-e-type=\"column\">\n\t\t\t<div class=\"elementor-widget-wrap elementor-element-populated\">\n\t\t\t\t\t\t<div class=\"elementor-element elementor-element-14ccc2f sc_fly_static elementor-widget elementor-widget-trx_sc_title\" data-id=\"14ccc2f\" data-element_type=\"widget\" data-e-type=\"widget\" data-widget_type=\"trx_sc_title.default\">\n\t\t\t\t<div class=\"elementor-widget-container\">\n\t\t\t\t\t<div\t\tclass=\"sc_title sc_title_default\" ><h1 class=\"sc_item_title sc_title_title sc_item_title_style_default sc_item_title_tag\"\n\t\t\t><span class=\"sc_item_title_text\">Trockenes Auge<\/span><\/h1><div class=\"sc_item_descr sc_title_descr\"><p>Chronische Symptome des trockenen Auges werden durch unzureichende Tr\u00e4nenproduktion, \u00fcberm\u00e4\u00dfige Tr\u00e4nenverdunstung durch Umwelteinfl\u00fcsse (z. B. Bildschirmarbeit) oder einen Mangel an Meibom-Dr\u00fcsen verschlimmert. Etwa neun von zehn F\u00e4llen von trockenem Auge stehen im Zusammenhang mit Umweltfaktoren und pers\u00f6nlichen Lebensstilgewohnheiten. Gelegentlich k\u00f6nnen Autoimmunerkrankungen oder Diabetes f\u00fcr das trockene Auge verantwortlich sein.<\/p>\n<p>In der Augenklinik sind wir bestrebt, Patienten mit trockenem Auge L\u00f6sungen anzubieten, die ihren Augenkomfort verbessern. Die Behandlung des trockenen Auges h\u00e4ngt von den individuellen Bed\u00fcrfnissen des Patienten ab.<\/p>\n<\/div><\/div>\t\t\t\t<\/div>\n\t\t\t\t<\/div>\n\t\t\t\t\t<\/div>\n\t\t<\/div>\n\t\t\t\t\t<\/div>\n\t\t<\/section>\n\t\t\t\t<section class=\"elementor-section elementor-top-section elementor-element elementor-element-46387cdb elementor-section-boxed elementor-section-height-default elementor-section-height-default animation_type_block sc_fly_static elementor-invisible\" data-id=\"46387cdb\" data-element_type=\"section\" data-e-type=\"section\" data-settings=\"{&quot;background_background&quot;:&quot;classic&quot;,&quot;animation&quot;:&quot;fadeInUp&quot;,&quot;_ha_eqh_enable&quot;:false}\">\n\t\t\t\t\t\t\t<div class=\"elementor-background-overlay\"><\/div>\n\t\t\t\t\t\t\t<div class=\"elementor-container elementor-column-gap-extended\">\n\t\t\t\t\t<div class=\"elementor-column elementor-col-100 elementor-top-column elementor-element elementor-element-5fe8c887 sc_inner_width_none sc_content_align_inherit sc_layouts_column_icons_position_left sc_fly_static\" data-id=\"5fe8c887\" data-element_type=\"column\" data-e-type=\"column\">\n\t\t\t<div class=\"elementor-widget-wrap elementor-element-populated\">\n\t\t\t\t\t\t<div class=\"elementor-element elementor-element-43412d4f sc_fly_static elementor-widget elementor-widget-trx_sc_title\" data-id=\"43412d4f\" data-element_type=\"widget\" data-e-type=\"widget\" data-widget_type=\"trx_sc_title.default\">\n\t\t\t\t<div class=\"elementor-widget-container\">\n\t\t\t\t\t<div\t\tclass=\"sc_title sc_title_default\" ><div class=\"sc_item_descr sc_title_descr sc_align_center sc_item_descr_with_custom_color trx_addons_inline_2084717399\"><p>Neben der Verwendung verschiedener k\u00fcnstlicher Tr\u00e4nenersatzmittel kann eine Lidhygiene dazu beitragen, Verstopfungen der Meibom-Dr\u00fcsen zu beseitigen und die Qualit\u00e4t des Tr\u00e4nenfilms zu verbessern. Diese Behandlung muss regelm\u00e4\u00dfig wiederholt werden.<\/p>\n<\/div><\/div>\t\t\t\t<\/div>\n\t\t\t\t<\/div>\n\t\t\t\t\t<\/div>\n\t\t<\/div>\n\t\t\t\t\t<\/div>\n\t\t<\/section>\n\t\t\t\t<\/div>\n\t\t","protected":false},"excerpt":{"rendered":"<p>Trockenes Auge Chronische Symptome des trockenen Auges werden durch unzureichende Tr\u00e4nenproduktion, \u00fcberm\u00e4\u00dfige Tr\u00e4nenverdunstung durch Umwelteinfl\u00fcsse (z. B. Bildschirmarbeit) oder einen Mangel an Meibom-Dr\u00fcsen verschlimmert. Etwa neun von zehn F\u00e4llen von&hellip;<\/p>\n","protected":false},"author":2,"featured_media":0,"parent":0,"menu_order":0,"comment_status":"closed","ping_status":"closed","template":"","meta":{"footnotes":""},"class_list":["post-27768","page","type-page","status-publish","hentry"],"_links":{"self":[{"href":"https:\/\/eyedoc-ahmedgalal.com\/de\/wp-json\/wp\/v2\/pages\/27768","targetHints":{"allow":["GET"]}}],"collection":[{"href":"https:\/\/eyedoc-ahmedgalal.com\/de\/wp-json\/wp\/v2\/pages"}],"about":[{"href":"https:\/\/eyedoc-ahmedgalal.com\/de\/wp-json\/wp\/v2\/types\/page"}],"author":[{"embeddable":true,"href":"https:\/\/eyedoc-ahmedgalal.com\/de\/wp-json\/wp\/v2\/users\/2"}],"replies":[{"embeddable":true,"href":"https:\/\/eyedoc-ahmedgalal.com\/de\/wp-json\/wp\/v2\/comments?post=27768"}],"version-history":[{"count":2,"href":"https:\/\/eyedoc-ahmedgalal.com\/de\/wp-json\/wp\/v2\/pages\/27768\/revisions"}],"predecessor-version":[{"id":27770,"href":"https:\/\/eyedoc-ahmedgalal.com\/de\/wp-json\/wp\/v2\/pages\/27768\/revisions\/27770"}],"wp:attachment":[{"href":"https:\/\/eyedoc-ahmedgalal.com\/de\/wp-json\/wp\/v2\/media?parent=27768"}],"curies":[{"name":"wp","href":"https:\/\/api.w.org\/{rel}","templated":true}]}}