{"id":27771,"date":"2024-09-21T11:57:22","date_gmt":"2024-09-21T11:57:22","guid":{"rendered":"https:\/\/eyedoc-ahmedgalal.com\/diabetic-retinal-disease\/"},"modified":"2024-11-19T19:49:58","modified_gmt":"2024-11-19T19:49:58","slug":"diabetic-retinal-disease","status":"publish","type":"page","link":"https:\/\/eyedoc-ahmedgalal.com\/de\/diabetic-retinal-disease\/","title":{"rendered":"Diabetische Netzhauterkrankung"},"content":{"rendered":"\t\t<div data-elementor-type=\"wp-page\" data-elementor-id=\"27771\" class=\"elementor elementor-27771 elementor-23880\" data-elementor-settings=\"{&quot;ha_cmc_init_switcher&quot;:&quot;no&quot;}\">\n\t\t\t\t\t\t<section class=\"elementor-section elementor-top-section elementor-element elementor-element-24f9706 elementor-section-stretched scheme_default elementor-section-boxed elementor-section-height-default elementor-section-height-default sc_fly_static\" data-id=\"24f9706\" data-element_type=\"section\" data-e-type=\"section\" data-settings=\"{&quot;stretch_section&quot;:&quot;section-stretched&quot;,&quot;background_background&quot;:&quot;classic&quot;,&quot;_ha_eqh_enable&quot;:false}\">\n\t\t\t\t\t\t<div class=\"elementor-container elementor-column-gap-extended\">\n\t\t\t\t\t<div class=\"elementor-column elementor-col-100 elementor-top-column elementor-element elementor-element-29801cd sc_inner_width_none sc_content_align_inherit sc_layouts_column_icons_position_left sc_fly_static\" data-id=\"29801cd\" data-element_type=\"column\" data-e-type=\"column\">\n\t\t\t<div class=\"elementor-widget-wrap elementor-element-populated\">\n\t\t\t\t\t\t<div class=\"elementor-element elementor-element-ab88c54 sc_height_huge sc_fly_static elementor-widget elementor-widget-spacer\" data-id=\"ab88c54\" data-element_type=\"widget\" data-e-type=\"widget\" data-widget_type=\"spacer.default\">\n\t\t\t\t<div class=\"elementor-widget-container\">\n\t\t\t\t\t\t\t<div class=\"elementor-spacer\">\n\t\t\t<div class=\"elementor-spacer-inner\"><\/div>\n\t\t<\/div>\n\t\t\t\t\t\t<\/div>\n\t\t\t\t<\/div>\n\t\t\t\t<section class=\"elementor-section elementor-inner-section elementor-element elementor-element-ef8e98d elementor-section-content-middle elementor-section-boxed elementor-section-height-default elementor-section-height-default sc_fly_static\" data-id=\"ef8e98d\" data-element_type=\"section\" data-e-type=\"section\" data-settings=\"{&quot;_ha_eqh_enable&quot;:false}\">\n\t\t\t\t\t\t<div class=\"elementor-container elementor-column-gap-no\">\n\t\t\t\t\t<div class=\"elementor-column elementor-col-50 elementor-inner-column elementor-element elementor-element-4a27a81 sc_inner_width_none sc_content_align_inherit sc_layouts_column_icons_position_left sc_fly_static\" data-id=\"4a27a81\" data-element_type=\"column\" data-e-type=\"column\">\n\t\t\t<div class=\"elementor-widget-wrap elementor-element-populated\">\n\t\t\t\t\t\t<div class=\"elementor-element elementor-element-e382008 sc_fly_static elementor-widget elementor-widget-trx_sc_title\" data-id=\"e382008\" data-element_type=\"widget\" data-e-type=\"widget\" data-widget_type=\"trx_sc_title.default\">\n\t\t\t\t<div class=\"elementor-widget-container\">\n\t\t\t\t\t<div\t\tclass=\"sc_title sc_title_default\" ><span class=\"sc_item_subtitle sc_title_subtitle sc_item_subtitle_above sc_item_title_style_default\">Retinopathie und Makulopathie<\/span><h2 class=\"sc_item_title sc_title_title sc_item_title_style_default sc_item_title_tag\"\n\t\t\t><span class=\"sc_item_title_text\">Behandlung der Diabetischen Augenkrankheit<\/span><\/h2><\/div>\t\t\t\t<\/div>\n\t\t\t\t<\/div>\n\t\t\t\t<div class=\"elementor-element elementor-element-ca2fdb2 sc_fly_static elementor-widget elementor-widget-spacer\" data-id=\"ca2fdb2\" data-element_type=\"widget\" data-e-type=\"widget\" data-widget_type=\"spacer.default\">\n\t\t\t\t<div class=\"elementor-widget-container\">\n\t\t\t\t\t\t\t<div class=\"elementor-spacer\">\n\t\t\t<div class=\"elementor-spacer-inner\"><\/div>\n\t\t<\/div>\n\t\t\t\t\t\t<\/div>\n\t\t\t\t<\/div>\n\t\t\t\t<div class=\"elementor-element elementor-element-a6bc4d6 sc_fly_static elementor-widget elementor-widget-text-editor\" data-id=\"a6bc4d6\" data-element_type=\"widget\" data-e-type=\"widget\" data-widget_type=\"text-editor.default\">\n\t\t\t\t<div class=\"elementor-widget-container\">\n\t\t\t\t\t\t\t\t\t<p data-sourcepos=\"9:1-9:130\">Was ist eine diabetische Augenerkrankung?<\/p><section class=\"av_textblock_section av-ej2k44-bca8b2ca2b55b11b07a264be6bade7f4 \"><div class=\"avia_textblock\"><p>Diabetes ist eine systemische Erkrankung, die alle Teile des K\u00f6rpers betrifft. Die Spezialisten der Augenklinik Regensburg konzentrieren sich auf die Behandlung der Ver\u00e4nderungen, die eine Zuckerkrankheit am Auge hervorruft.<\/p><\/div><\/section><section class=\"av_textblock_section av-c0sdxw-67f9d26fcb20f4c2bfc6b8c7f7b0040e \"><div class=\"avia_textblock\"><p>Die diabetische Retinopathie ist eine Erkrankung, die die W\u00e4nde der kleineren Gef\u00e4\u00dfe im Auge angreift und zu einer Aussackung (Ausbeulung) der Gef\u00e4\u00dfe f\u00fchrt. Diese Erscheinung kann zu Undichtigkeiten und Blutungen im Auge f\u00fchren. Die unzureichende Sauerstoffversorgung des Auges kann unbehandelt dazu f\u00fchren, dass abnormale Gef\u00e4\u00dfe wachsen und in der Folge zur Erblindung f\u00fchren.<\/p><\/div><\/section>\t\t\t\t\t\t\t\t<\/div>\n\t\t\t\t<\/div>\n\t\t\t\t\t<\/div>\n\t\t<\/div>\n\t\t\t\t<div class=\"elementor-column elementor-col-50 elementor-inner-column elementor-element elementor-element-42b717d sc_inner_width_none sc_content_align_inherit sc_layouts_column_icons_position_left sc_fly_static\" data-id=\"42b717d\" data-element_type=\"column\" data-e-type=\"column\">\n\t\t\t<div class=\"elementor-widget-wrap elementor-element-populated\">\n\t\t\t\t\t\t<div class=\"elementor-element elementor-element-69741fa sc_fly_static elementor-widget elementor-widget-spacer\" data-id=\"69741fa\" data-element_type=\"widget\" data-e-type=\"widget\" data-widget_type=\"spacer.default\">\n\t\t\t\t<div class=\"elementor-widget-container\">\n\t\t\t\t\t\t\t<div class=\"elementor-spacer\">\n\t\t\t<div class=\"elementor-spacer-inner\"><\/div>\n\t\t<\/div>\n\t\t\t\t\t\t<\/div>\n\t\t\t\t<\/div>\n\t\t\t\t<div class=\"elementor-element elementor-element-363a378 animation_type_block sc_fly_static elementor-invisible elementor-widget elementor-widget-image\" data-id=\"363a378\" data-element_type=\"widget\" data-e-type=\"widget\" data-settings=\"{&quot;_animation&quot;:&quot;fadeIn&quot;}\" data-widget_type=\"image.default\">\n\t\t\t\t<div class=\"elementor-widget-container\">\n\t\t\t\t\t\t\t\t\t\t\t\t\t\t\t<img fetchpriority=\"high\" decoding=\"async\" width=\"650\" height=\"487\" src=\"https:\/\/eyedoc-ahmedgalal.com\/wp-content\/uploads\/2024\/09\/retinaldiseases.webp\" class=\"attachment-full size-full wp-image-24018\" alt=\"\" srcset=\"https:\/\/eyedoc-ahmedgalal.com\/wp-content\/uploads\/2024\/09\/retinaldiseases.webp 650w, https:\/\/eyedoc-ahmedgalal.com\/wp-content\/uploads\/2024\/09\/retinaldiseases-300x225.webp 300w, https:\/\/eyedoc-ahmedgalal.com\/wp-content\/uploads\/2024\/09\/retinaldiseases-370x277.webp 370w, https:\/\/eyedoc-ahmedgalal.com\/wp-content\/uploads\/2024\/09\/retinaldiseases-410x307.webp 410w, https:\/\/eyedoc-ahmedgalal.com\/wp-content\/uploads\/2024\/09\/retinaldiseases-600x450.webp 600w\" sizes=\"(max-width: 650px) 100vw, 650px\" \/>\t\t\t\t\t\t\t\t\t\t\t\t\t\t\t<\/div>\n\t\t\t\t<\/div>\n\t\t\t\t<div class=\"elementor-element elementor-element-44f98a9 sc_fly_static elementor-widget elementor-widget-spacer\" data-id=\"44f98a9\" data-element_type=\"widget\" data-e-type=\"widget\" data-widget_type=\"spacer.default\">\n\t\t\t\t<div class=\"elementor-widget-container\">\n\t\t\t\t\t\t\t<div class=\"elementor-spacer\">\n\t\t\t<div class=\"elementor-spacer-inner\"><\/div>\n\t\t<\/div>\n\t\t\t\t\t\t<\/div>\n\t\t\t\t<\/div>\n\t\t\t\t\t<\/div>\n\t\t<\/div>\n\t\t\t\t\t<\/div>\n\t\t<\/section>\n\t\t\t\t<div class=\"elementor-element elementor-element-cd3eb99 sc_fly_static elementor-widget elementor-widget-spacer\" data-id=\"cd3eb99\" data-element_type=\"widget\" data-e-type=\"widget\" data-widget_type=\"spacer.default\">\n\t\t\t\t<div class=\"elementor-widget-container\">\n\t\t\t\t\t\t\t<div class=\"elementor-spacer\">\n\t\t\t<div class=\"elementor-spacer-inner\"><\/div>\n\t\t<\/div>\n\t\t\t\t\t\t<\/div>\n\t\t\t\t<\/div>\n\t\t\t\t<div class=\"elementor-element elementor-element-21b26c5 sc_fly_static elementor-widget elementor-widget-text-editor\" data-id=\"21b26c5\" data-element_type=\"widget\" data-e-type=\"widget\" data-widget_type=\"text-editor.default\">\n\t\t\t\t<div class=\"elementor-widget-container\">\n\t\t\t\t\t\t\t\t\t<p>Ein unkontrollierter Blutzuckerspiegel kann Sehst\u00f6rungen wie ein diabetisches Makula\u00f6dem, fortgeschrittene diabetische Augenkomplikationen und einen Grauen Star verursachen.<\/p><p data-sourcepos=\"11:1-11:201\">Die Symptome sind nicht immer sp\u00fcrbar, aber verschwommenes oder verzerrtes zentrales Sehen, pl\u00f6tzlich auftretende Punkte im Gesichtsfeld oder Gesichtsfeldausf\u00e4lle bei Diabetikern m\u00fcssen so fr\u00fch wie m\u00f6glich untersucht werden.<\/p><p data-sourcepos=\"13:1-13:252\"><strong>Wir empfehlen Ihnen, Ihre Augen regelm\u00e4\u00dfig untersuchen zu lassen, auch wenn Sie keine Sehver\u00e4nderungen haben. Denn die Zuckerkrankheit kann Ihr Sehverm\u00f6gen allm\u00e4hlich beeintr\u00e4chtigen, und wenn die diabetische Retinopathie zu weit fortgeschritten ist, besteht die Gefahr, dass sie nicht erfolgreich behandelt werden kann.<\/strong><\/p>\t\t\t\t\t\t\t\t<\/div>\n\t\t\t\t<\/div>\n\t\t\t\t\t<\/div>\n\t\t<\/div>\n\t\t\t\t\t<\/div>\n\t\t<\/section>\n\t\t\t\t<section class=\"elementor-section elementor-top-section elementor-element elementor-element-0471bca elementor-section-content-middle elementor-reverse-mobile elementor-section-boxed elementor-section-height-default elementor-section-height-default sc_fly_static\" data-id=\"0471bca\" data-element_type=\"section\" data-e-type=\"section\" data-settings=\"{&quot;background_background&quot;:&quot;classic&quot;,&quot;_ha_eqh_enable&quot;:false}\">\n\t\t\t\t\t\t\t<div class=\"elementor-background-overlay\"><\/div>\n\t\t\t\t\t\t\t<div class=\"elementor-container elementor-column-gap-default\">\n\t\t\t\t\t<div class=\"elementor-column elementor-col-50 elementor-top-column elementor-element elementor-element-f583808 sc_inner_width_none sc_content_align_inherit sc_layouts_column_icons_position_left sc_fly_static\" data-id=\"f583808\" data-element_type=\"column\" data-e-type=\"column\">\n\t\t\t<div class=\"elementor-widget-wrap elementor-element-populated\">\n\t\t\t\t\t\t<div class=\"elementor-element elementor-element-638437f sc_fly_static elementor-widget elementor-widget-image\" data-id=\"638437f\" data-element_type=\"widget\" data-e-type=\"widget\" data-widget_type=\"image.default\">\n\t\t\t\t<div class=\"elementor-widget-container\">\n\t\t\t\t\t\t\t\t\t\t\t\t\t\t\t<img decoding=\"async\" width=\"1024\" height=\"683\" src=\"https:\/\/eyedoc-ahmedgalal.com\/wp-content\/uploads\/2024\/09\/Glaucoma-Dr-Agarwals-Eye-Hospital-scaled-1-1024x683.webp\" class=\"attachment-large size-large wp-image-23850\" alt=\"\" srcset=\"https:\/\/eyedoc-ahmedgalal.com\/wp-content\/uploads\/2024\/09\/Glaucoma-Dr-Agarwals-Eye-Hospital-scaled-1-1024x683.webp 1024w, https:\/\/eyedoc-ahmedgalal.com\/wp-content\/uploads\/2024\/09\/Glaucoma-Dr-Agarwals-Eye-Hospital-scaled-1-300x200.webp 300w, https:\/\/eyedoc-ahmedgalal.com\/wp-content\/uploads\/2024\/09\/Glaucoma-Dr-Agarwals-Eye-Hospital-scaled-1-768x512.webp 768w, https:\/\/eyedoc-ahmedgalal.com\/wp-content\/uploads\/2024\/09\/Glaucoma-Dr-Agarwals-Eye-Hospital-scaled-1-1536x1024.webp 1536w, https:\/\/eyedoc-ahmedgalal.com\/wp-content\/uploads\/2024\/09\/Glaucoma-Dr-Agarwals-Eye-Hospital-scaled-1-2048x1366.webp 2048w, https:\/\/eyedoc-ahmedgalal.com\/wp-content\/uploads\/2024\/09\/Glaucoma-Dr-Agarwals-Eye-Hospital-scaled-1-370x247.webp 370w, https:\/\/eyedoc-ahmedgalal.com\/wp-content\/uploads\/2024\/09\/Glaucoma-Dr-Agarwals-Eye-Hospital-scaled-1-840x560.webp 840w, https:\/\/eyedoc-ahmedgalal.com\/wp-content\/uploads\/2024\/09\/Glaucoma-Dr-Agarwals-Eye-Hospital-scaled-1-410x273.webp 410w, https:\/\/eyedoc-ahmedgalal.com\/wp-content\/uploads\/2024\/09\/Glaucoma-Dr-Agarwals-Eye-Hospital-scaled-1-600x400.webp 600w\" sizes=\"(max-width: 1024px) 100vw, 1024px\" \/>\t\t\t\t\t\t\t\t\t\t\t\t\t\t\t<\/div>\n\t\t\t\t<\/div>\n\t\t\t\t\t<\/div>\n\t\t<\/div>\n\t\t\t\t<div class=\"elementor-column elementor-col-50 elementor-top-column elementor-element elementor-element-79d4559 sc_inner_width_none sc_content_align_inherit sc_layouts_column_icons_position_left sc_fly_static\" data-id=\"79d4559\" data-element_type=\"column\" data-e-type=\"column\">\n\t\t\t<div class=\"elementor-widget-wrap elementor-element-populated\">\n\t\t\t\t\t\t<div class=\"elementor-element elementor-element-a32a58d sc_fly_static elementor-widget elementor-widget-spacer\" data-id=\"a32a58d\" data-element_type=\"widget\" data-e-type=\"widget\" data-widget_type=\"spacer.default\">\n\t\t\t\t<div class=\"elementor-widget-container\">\n\t\t\t\t\t\t\t<div class=\"elementor-spacer\">\n\t\t\t<div class=\"elementor-spacer-inner\"><\/div>\n\t\t<\/div>\n\t\t\t\t\t\t<\/div>\n\t\t\t\t<\/div>\n\t\t\t\t<div class=\"elementor-element elementor-element-bf4216f sc_fly_static elementor-widget elementor-widget-trx_sc_title\" data-id=\"bf4216f\" data-element_type=\"widget\" data-e-type=\"widget\" data-widget_type=\"trx_sc_title.default\">\n\t\t\t\t<div class=\"elementor-widget-container\">\n\t\t\t\t\t<div\t\tclass=\"sc_title sc_title_default\" ><h2 class=\"sc_item_title sc_title_title sc_item_title_style_default sc_item_title_tag trx_addons_inline_1535541261\"\n\t\t\t><span class=\"sc_item_title_text\">Was k\u00f6nnen Sie tun, um Ihre Augen vor diabetischen Ver\u00e4nderungen zu sch\u00fctzen?\n<\/span><\/h2><\/div>\t\t\t\t<\/div>\n\t\t\t\t<\/div>\n\t\t\t\t<div class=\"elementor-element elementor-element-ac805cd sc_fly_static elementor-widget elementor-widget-spacer\" data-id=\"ac805cd\" data-element_type=\"widget\" data-e-type=\"widget\" data-widget_type=\"spacer.default\">\n\t\t\t\t<div class=\"elementor-widget-container\">\n\t\t\t\t\t\t\t<div class=\"elementor-spacer\">\n\t\t\t<div class=\"elementor-spacer-inner\"><\/div>\n\t\t<\/div>\n\t\t\t\t\t\t<\/div>\n\t\t\t\t<\/div>\n\t\t\t\t<div class=\"elementor-element elementor-element-37093a4 sc_fly_static elementor-widget elementor-widget-text-editor\" data-id=\"37093a4\" data-element_type=\"widget\" data-e-type=\"widget\" data-widget_type=\"text-editor.default\">\n\t\t\t\t<div class=\"elementor-widget-container\">\n\t\t\t\t\t\t\t\t\t<p>Sie k\u00f6nnen Ihr Risiko, eine schwere diabetische Retinopathie zu entwickeln, verringern, wenn Sie regelm\u00e4\u00dfig zu Ihren diabetischen Augenuntersuchungen gehen. Bei Bedarf erg\u00e4nzen OCT Untersuchungen der Netzhautmitte und Ultraweitwinkelaufnahmen Ihrer Netzhaut die klinische Untersuchung. In der Augenklinik Regensburg haben wir uns auf das Screening und die Behandlung der diabetischen Retinopathie spezialisiert und vereinbaren gerne einen Termin f\u00fcr eine Untersuchung.<\/p><ul><li>Halten Sie Blutzucker (HbA1c), Blutdruck und Cholesterin auf den mit Ihrem Diabetologen (Endokrinologen) und Hausarzt vereinbarten Werten.<\/li><li>Treiben Sie regelm\u00e4\u00dfig Sport, bleiben Sie aktiv und ern\u00e4hren Sie sich gesund.<\/li><li>Wenn Sie Raucher sind, versuchen Sie, das Rauchen einzuschr\u00e4nken oder vielleicht aufzugeben. Reduzieren Sie Ihren Alkoholkonsum<\/li><\/ul>\t\t\t\t\t\t\t\t<\/div>\n\t\t\t\t<\/div>\n\t\t\t\t\t<\/div>\n\t\t<\/div>\n\t\t\t\t\t<\/div>\n\t\t<\/section>\n\t\t\t\t<section class=\"elementor-section elementor-top-section elementor-element elementor-element-859c202 elementor-section-stretched scheme_default elementor-reverse-mobile elementor-section-content-middle elementor-section-boxed elementor-section-height-default elementor-section-height-default sc_fly_static\" data-id=\"859c202\" data-element_type=\"section\" data-e-type=\"section\" data-settings=\"{&quot;stretch_section&quot;:&quot;section-stretched&quot;,&quot;background_background&quot;:&quot;classic&quot;,&quot;_ha_eqh_enable&quot;:false}\">\n\t\t\t\t\t\t<div class=\"elementor-container elementor-column-gap-default\">\n\t\t\t\t\t<div class=\"elementor-column elementor-col-50 elementor-top-column elementor-element elementor-element-0b9fd6c sc_inner_width_none sc_content_align_inherit sc_layouts_column_icons_position_left sc_fly_static\" data-id=\"0b9fd6c\" data-element_type=\"column\" data-e-type=\"column\">\n\t\t\t<div class=\"elementor-widget-wrap elementor-element-populated\">\n\t\t\t\t\t\t<div class=\"elementor-element elementor-element-9ab5bf5 sc_fly_static elementor-widget elementor-widget-trx_sc_title\" data-id=\"9ab5bf5\" data-element_type=\"widget\" data-e-type=\"widget\" data-widget_type=\"trx_sc_title.default\">\n\t\t\t\t<div class=\"elementor-widget-container\">\n\t\t\t\t\t<div\t\tclass=\"sc_title sc_title_default\" ><h2 class=\"sc_item_title sc_title_title sc_item_title_style_default sc_item_title_tag trx_addons_inline_1374525509\"\n\t\t\t><span class=\"sc_item_title_text\">Behandlung der diabetischen Retinopathie und Makulopathie<\/span><\/h2><\/div>\t\t\t\t<\/div>\n\t\t\t\t<\/div>\n\t\t\t\t<div class=\"elementor-element elementor-element-d15766c sc_fly_static elementor-widget elementor-widget-spacer\" data-id=\"d15766c\" data-element_type=\"widget\" data-e-type=\"widget\" data-widget_type=\"spacer.default\">\n\t\t\t\t<div class=\"elementor-widget-container\">\n\t\t\t\t\t\t\t<div class=\"elementor-spacer\">\n\t\t\t<div class=\"elementor-spacer-inner\"><\/div>\n\t\t<\/div>\n\t\t\t\t\t\t<\/div>\n\t\t\t\t<\/div>\n\t\t\t\t<div class=\"elementor-element elementor-element-bb803b5 sc_fly_static elementor-widget elementor-widget-text-editor\" data-id=\"bb803b5\" data-element_type=\"widget\" data-e-type=\"widget\" data-widget_type=\"text-editor.default\">\n\t\t\t\t<div class=\"elementor-widget-container\">\n\t\t\t\t\t\t\t\t\t<p><span style=\"vertical-align: inherit;\"><span style=\"vertical-align: inherit;\">If you develop proliferative diabetic retinopathy (the growth of abnormal and new blood vessels) or maculopathy, tests and treatments will be recommended.<\/span><\/span><\/p><p><strong><span style=\"vertical-align: inherit;\"><span style=\"vertical-align: inherit;\">The goal of treating proliferative diabetic retinopathy<\/span><\/span><\/strong><span style=\"vertical-align: inherit;\"><span style=\"vertical-align: inherit;\"> \u00a0is to prevent the formation of new abnormal blood vessels in the retina.<\/span><\/span><\/p><p><span style=\"vertical-align: inherit;\"><span style=\"vertical-align: inherit;\">If the treatment is successful, the new vessels shrink and some of them even disappear over the course of a few months.<\/span><\/span><\/p><p><strong><span style=\"vertical-align: inherit;\"><span style=\"vertical-align: inherit;\">The goal of treating diabetic maculopathy<\/span><\/span><\/strong><span style=\"vertical-align: inherit;\"><span style=\"vertical-align: inherit;\"> \u00a0is to reduce the swelling or edema.<\/span><\/span><\/p><p><span style=\"vertical-align: inherit;\"><span style=\"vertical-align: inherit;\">Treatment is tailored to the stage of the disease and the patient and may include one or more of the following:\u00a0 <\/span><\/span><strong><span style=\"vertical-align: inherit;\"><span style=\"vertical-align: inherit;\">anti-VEGF or steroid injections, laser treatments, or vitrectomy<\/span><\/span><\/strong><span style=\"vertical-align: inherit;\"><span style=\"vertical-align: inherit;\"> .<\/span><\/span><\/p><p>\u00a0<\/p>\t\t\t\t\t\t\t\t<\/div>\n\t\t\t\t<\/div>\n\t\t\t\t\t<\/div>\n\t\t<\/div>\n\t\t\t\t<div class=\"elementor-column elementor-col-50 elementor-top-column elementor-element elementor-element-6db6323 sc_inner_width_none sc_content_align_inherit sc_layouts_column_icons_position_left sc_fly_static\" data-id=\"6db6323\" data-element_type=\"column\" data-e-type=\"column\">\n\t\t\t<div class=\"elementor-widget-wrap elementor-element-populated\">\n\t\t\t\t\t\t<div class=\"elementor-element elementor-element-bc3715b sc_fly_static elementor-widget elementor-widget-image\" data-id=\"bc3715b\" data-element_type=\"widget\" data-e-type=\"widget\" data-widget_type=\"image.default\">\n\t\t\t\t<div class=\"elementor-widget-container\">\n\t\t\t\t\t\t\t\t\t\t\t\t\t\t\t<img decoding=\"async\" width=\"1000\" height=\"667\" src=\"https:\/\/eyedoc-ahmedgalal.com\/wp-content\/uploads\/2024\/09\/tropfen2.gif\" class=\"attachment-full size-full wp-image-23821\" alt=\"\" \/>\t\t\t\t\t\t\t\t\t\t\t\t\t\t\t<\/div>\n\t\t\t\t<\/div>\n\t\t\t\t<div class=\"elementor-element elementor-element-c27162c sc_fly_static elementor-widget elementor-widget-text-editor\" data-id=\"c27162c\" data-element_type=\"widget\" data-e-type=\"widget\" data-widget_type=\"text-editor.default\">\n\t\t\t\t<div class=\"elementor-widget-container\">\n\t\t\t\t\t\t\t\t\t<p><strong>Die Laserbehandlung<\/strong>\u00a0kann entweder auf einen lokal begrenzten Bereich oder auf die gesamte Netzhaut mit Ausnahme der Makula oder auf beides angewendet werden.<\/p><p><strong>Wenn Sie einen hohen Augendruck oder ein Glaukom entwickeln<\/strong>, k\u00f6nnen Tropfen verabreicht werden, um den Druck zu kontrollieren und die Gefahr von Langzeitsch\u00e4den zu verringern.<\/p><p><strong>Wenn Sie einen durch den Diabetes einen Grauen Star (Katarakt) entwickelt haben<\/strong>, ist eine Operation erforderlich, um die getr\u00fcbte Linse in Ihrem Auge zu entfernen, die dann durch ein klares k\u00fcnstliches Linsenimplantat (Intraokularlinse) ersetzt wird.<\/p><p><strong>Wenn Sie eine Glask\u00f6rperblutung oder Narbengewebe entwickelt haben<\/strong>, das eine Netzhautabl\u00f6sung verursacht, kann eine Vitrektomie erforderlich sein.<\/p>\t\t\t\t\t\t\t\t<\/div>\n\t\t\t\t<\/div>\n\t\t\t\t\t<\/div>\n\t\t<\/div>\n\t\t\t\t\t<\/div>\n\t\t<\/section>\n\t\t\t\t<section class=\"elementor-section elementor-top-section elementor-element elementor-element-6f6b09e elementor-section-boxed elementor-section-height-default elementor-section-height-default animation_type_block sc_fly_static elementor-invisible\" data-id=\"6f6b09e\" data-element_type=\"section\" data-e-type=\"section\" data-settings=\"{&quot;background_background&quot;:&quot;classic&quot;,&quot;animation&quot;:&quot;fadeInUp&quot;,&quot;_ha_eqh_enable&quot;:false}\">\n\t\t\t\t\t\t\t<div class=\"elementor-background-overlay\"><\/div>\n\t\t\t\t\t\t\t<div class=\"elementor-container elementor-column-gap-extended\">\n\t\t\t\t\t<div class=\"elementor-column elementor-col-100 elementor-top-column elementor-element elementor-element-e4e9a9e sc_inner_width_none sc_content_align_inherit sc_layouts_column_icons_position_left sc_fly_static\" data-id=\"e4e9a9e\" data-element_type=\"column\" data-e-type=\"column\">\n\t\t\t<div class=\"elementor-widget-wrap elementor-element-populated\">\n\t\t\t\t\t\t<div class=\"elementor-element elementor-element-c0199dc play_center sc_layouts_hide_on_mobile elementor-view-default sc_fly_static elementor-widget elementor-widget-icon\" data-id=\"c0199dc\" data-element_type=\"widget\" data-e-type=\"widget\" data-widget_type=\"icon.default\">\n\t\t\t\t<div class=\"elementor-widget-container\">\n\t\t\t\t\t\t\t<div class=\"elementor-icon-wrapper\">\n\t\t\t<div class=\"elementor-icon elementor-animation-sink\">\n\t\t\t<i aria-hidden=\"true\" class=\"fas fa-info-circle\"><\/i>\t\t\t<\/div>\n\t\t<\/div>\n\t\t\t\t\t\t<\/div>\n\t\t\t\t<\/div>\n\t\t\t\t<div class=\"elementor-element elementor-element-6807a61 sc_height_small sc_fly_static elementor-widget elementor-widget-spacer\" data-id=\"6807a61\" data-element_type=\"widget\" data-e-type=\"widget\" data-widget_type=\"spacer.default\">\n\t\t\t\t<div class=\"elementor-widget-container\">\n\t\t\t\t\t\t\t<div class=\"elementor-spacer\">\n\t\t\t<div class=\"elementor-spacer-inner\"><\/div>\n\t\t<\/div>\n\t\t\t\t\t\t<\/div>\n\t\t\t\t<\/div>\n\t\t\t\t<div class=\"elementor-element elementor-element-7b658fe sc_fly_static elementor-widget elementor-widget-trx_sc_title\" data-id=\"7b658fe\" data-element_type=\"widget\" data-e-type=\"widget\" data-widget_type=\"trx_sc_title.default\">\n\t\t\t\t<div class=\"elementor-widget-container\">\n\t\t\t\t\t<div\t\tclass=\"sc_title sc_title_default\" ><h4 class=\"sc_item_title sc_title_title sc_align_center sc_item_title_style_default sc_item_title_tag trx_addons_inline_1531570024\"\n\t\t\t><span class=\"sc_item_title_text\">Die Spezialisten der Augenklinik Regensburg beraten Sie gerne welche Behandlungsformen in Ihrem Fall in Frage kommen.\n\n<\/span><\/h4><\/div>\t\t\t\t<\/div>\n\t\t\t\t<\/div>\n\t\t\t\t\t<\/div>\n\t\t<\/div>\n\t\t\t\t\t<\/div>\n\t\t<\/section>\n\t\t\t\t<\/div>\n\t\t","protected":false},"excerpt":{"rendered":"<p>Retinopathie und Makulopathie Behandlung der Diabetischen Augenkrankheit Was ist eine diabetische Augenerkrankung? Diabetes ist eine systemische Erkrankung, die alle Teile des K\u00f6rpers betrifft. Die Spezialisten der Augenklinik Regensburg konzentrieren sich&hellip;<\/p>\n","protected":false},"author":2,"featured_media":26943,"parent":0,"menu_order":0,"comment_status":"closed","ping_status":"closed","template":"elementor_header_footer","meta":{"footnotes":""},"class_list":["post-27771","page","type-page","status-publish","has-post-thumbnail","hentry"],"_links":{"self":[{"href":"https:\/\/eyedoc-ahmedgalal.com\/de\/wp-json\/wp\/v2\/pages\/27771","targetHints":{"allow":["GET"]}}],"collection":[{"href":"https:\/\/eyedoc-ahmedgalal.com\/de\/wp-json\/wp\/v2\/pages"}],"about":[{"href":"https:\/\/eyedoc-ahmedgalal.com\/de\/wp-json\/wp\/v2\/types\/page"}],"author":[{"embeddable":true,"href":"https:\/\/eyedoc-ahmedgalal.com\/de\/wp-json\/wp\/v2\/users\/2"}],"replies":[{"embeddable":true,"href":"https:\/\/eyedoc-ahmedgalal.com\/de\/wp-json\/wp\/v2\/comments?post=27771"}],"version-history":[{"count":28,"href":"https:\/\/eyedoc-ahmedgalal.com\/de\/wp-json\/wp\/v2\/pages\/27771\/revisions"}],"predecessor-version":[{"id":27871,"href":"https:\/\/eyedoc-ahmedgalal.com\/de\/wp-json\/wp\/v2\/pages\/27771\/revisions\/27871"}],"wp:featuredmedia":[{"embeddable":true,"href":"https:\/\/eyedoc-ahmedgalal.com\/de\/wp-json\/wp\/v2\/media\/26943"}],"wp:attachment":[{"href":"https:\/\/eyedoc-ahmedgalal.com\/de\/wp-json\/wp\/v2\/media?parent=27771"}],"curies":[{"name":"wp","href":"https:\/\/api.w.org\/{rel}","templated":true}]}}