{"id":27841,"date":"2024-09-18T12:19:29","date_gmt":"2024-09-18T12:19:29","guid":{"rendered":"https:\/\/eyedoc-ahmedgalal.com\/lens-surgery\/"},"modified":"2024-11-27T19:21:31","modified_gmt":"2024-11-27T19:21:31","slug":"lens-surgery","status":"publish","type":"page","link":"https:\/\/eyedoc-ahmedgalal.com\/de\/lens-surgery\/","title":{"rendered":"linsenchirurgie"},"content":{"rendered":"\t\t<div data-elementor-type=\"wp-page\" data-elementor-id=\"27841\" class=\"elementor elementor-27841 elementor-23419\" data-elementor-settings=\"{&quot;ha_cmc_init_switcher&quot;:&quot;no&quot;}\">\n\t\t\t\t\t\t<section class=\"elementor-section elementor-top-section elementor-element elementor-element-2d2387b elementor-section-content-middle elementor-section-boxed elementor-section-height-default elementor-section-height-default sc_fly_static\" data-id=\"2d2387b\" data-element_type=\"section\" data-e-type=\"section\" data-settings=\"{&quot;background_background&quot;:&quot;classic&quot;,&quot;_ha_eqh_enable&quot;:false}\">\n\t\t\t\t\t\t<div class=\"elementor-container elementor-column-gap-wide\">\n\t\t\t\t\t<div class=\"elementor-column elementor-col-50 elementor-top-column elementor-element elementor-element-2a55d56 sc_inner_width_none sc_content_align_inherit sc_layouts_column_icons_position_left sc_fly_static\" data-id=\"2a55d56\" data-element_type=\"column\" data-e-type=\"column\">\n\t\t\t<div class=\"elementor-widget-wrap elementor-element-populated\">\n\t\t\t\t\t\t<div class=\"elementor-element elementor-element-9c19abb no-title sc_fly_static elementor-widget elementor-widget-image\" data-id=\"9c19abb\" data-element_type=\"widget\" data-e-type=\"widget\" data-widget_type=\"image.default\">\n\t\t\t\t<div class=\"elementor-widget-container\">\n\t\t\t\t\t\t\t\t\t\t\t\t<figure class=\"wp-caption\">\n\t\t\t\t\t\t\t\t\t\t<img fetchpriority=\"high\" decoding=\"async\" width=\"450\" height=\"300\" src=\"https:\/\/eyedoc-ahmedgalal.com\/wp-content\/uploads\/2024\/09\/visian-450x300-1.jpg\" class=\"attachment-full size-full wp-image-23609\" alt=\"\" srcset=\"https:\/\/eyedoc-ahmedgalal.com\/wp-content\/uploads\/2024\/09\/visian-450x300-1.jpg 450w, https:\/\/eyedoc-ahmedgalal.com\/wp-content\/uploads\/2024\/09\/visian-450x300-1-300x200.jpg 300w, https:\/\/eyedoc-ahmedgalal.com\/wp-content\/uploads\/2024\/09\/visian-450x300-1-370x247.jpg 370w, https:\/\/eyedoc-ahmedgalal.com\/wp-content\/uploads\/2024\/09\/visian-450x300-1-410x273.jpg 410w\" sizes=\"(max-width: 600px) 100vw, 450px\" \/>\t\t\t\t\t\t\t\t\t\t\t<figcaption class=\"widget-image-caption wp-caption-text\">Phake Linse Visan ICL<\/figcaption>\n\t\t\t\t\t\t\t\t\t\t<\/figure>\n\t\t\t\t\t\t\t\t\t<\/div>\n\t\t\t\t<\/div>\n\t\t\t\t\t<\/div>\n\t\t<\/div>\n\t\t\t\t<div class=\"elementor-column elementor-col-50 elementor-top-column elementor-element elementor-element-1b71222 sc_inner_width_none sc_content_align_inherit sc_layouts_column_icons_position_left sc_fly_static\" data-id=\"1b71222\" data-element_type=\"column\" data-e-type=\"column\">\n\t\t\t<div class=\"elementor-widget-wrap elementor-element-populated\">\n\t\t\t\t\t\t<div class=\"elementor-element elementor-element-0699c2c sc_fly_static elementor-widget elementor-widget-trx_sc_title\" data-id=\"0699c2c\" data-element_type=\"widget\" data-e-type=\"widget\" data-widget_type=\"trx_sc_title.default\">\n\t\t\t\t<div class=\"elementor-widget-container\">\n\t\t\t\t\t<div\t\tclass=\"sc_title sc_title_default\" ><span class=\"sc_item_subtitle sc_title_subtitle sc_item_subtitle_above sc_item_title_style_default\">Eine sichere Alternative zum Augenlasern<\/span><h2 class=\"sc_item_title sc_title_title sc_item_title_style_default sc_item_title_tag\"\n\t\t\t><span class=\"sc_item_title_text\">Die Linsenkorrektur<\/span><\/h2><div class=\"sc_item_descr sc_title_descr\"><p>Falls eine Laserbehandlung aus medizinischen Gr\u00fcnden nicht m\u00f6glich ist, kann in vielen F\u00e4llen alternativ eine Linsenoperation durchgef\u00fchrt werden. Implantiert werden sogenannte Phake Linsen, wenn die nat\u00fcrliche Linse noch eine gute Nahsehf\u00e4higkeit erm\u00f6glicht.<\/p>\n<p>Dabei wird entweder die nat\u00fcrliche Linse entfernt und durch eine Kunstlinse ersetzt oder eine zus\u00e4tzliche Linse in das Auge eingebracht. Voraussetzung f\u00fcr eine Operation ist auch in diesem Fall eine gr\u00fcndliche Voruntersuchung und Vermessung der Augen.<\/p>\n<\/div><\/div>\t\t\t\t<\/div>\n\t\t\t\t<\/div>\n\t\t\t\t<div class=\"elementor-element elementor-element-2efa5aa sc_height_small sc_fly_static elementor-widget elementor-widget-spacer\" data-id=\"2efa5aa\" data-element_type=\"widget\" data-e-type=\"widget\" data-widget_type=\"spacer.default\">\n\t\t\t\t<div class=\"elementor-widget-container\">\n\t\t\t\t\t\t\t<div class=\"elementor-spacer\">\n\t\t\t<div class=\"elementor-spacer-inner\"><\/div>\n\t\t<\/div>\n\t\t\t\t\t\t<\/div>\n\t\t\t\t<\/div>\n\t\t\t\t\t<\/div>\n\t\t<\/div>\n\t\t\t\t\t<\/div>\n\t\t<\/section>\n\t\t\t\t<section class=\"elementor-section elementor-top-section elementor-element elementor-element-d0ebee1 elementor-section-content-middle elementor-section-boxed elementor-section-height-default elementor-section-height-default sc_fly_static\" data-id=\"d0ebee1\" data-element_type=\"section\" data-e-type=\"section\" data-settings=\"{&quot;background_background&quot;:&quot;classic&quot;,&quot;_ha_eqh_enable&quot;:false}\">\n\t\t\t\t\t\t<div class=\"elementor-container elementor-column-gap-wide\">\n\t\t\t\t\t<div class=\"elementor-column elementor-col-50 elementor-top-column elementor-element elementor-element-c4b968b sc_inner_width_none sc_content_align_inherit sc_layouts_column_icons_position_left sc_fly_static\" data-id=\"c4b968b\" data-element_type=\"column\" data-e-type=\"column\">\n\t\t\t<div class=\"elementor-widget-wrap elementor-element-populated\">\n\t\t\t\t\t\t<div class=\"elementor-element elementor-element-cceb91e sc_fly_static elementor-widget elementor-widget-trx_sc_title\" data-id=\"cceb91e\" data-element_type=\"widget\" data-e-type=\"widget\" data-widget_type=\"trx_sc_title.default\">\n\t\t\t\t<div class=\"elementor-widget-container\">\n\t\t\t\t\t<div\t\tclass=\"sc_title sc_title_default\" ><span class=\"sc_item_subtitle sc_title_subtitle sc_item_subtitle_above sc_item_title_style_default\">Ein optimaler Ersatz f\u00fcr die nat\u00fcrliche Linse<\/span><h2 class=\"sc_item_title sc_title_title sc_item_title_style_default sc_item_title_tag\"\n\t\t\t><span class=\"sc_item_title_text\">Refraktiver Linsenaustausch<\/span><\/h2><div class=\"sc_item_descr sc_title_descr\"><p>Brillen- und Kontaktlinsentr\u00e4ger, die \u00e4lter als 45 sind, wissen, wie schwer die Umstellung auf eine Gleitsichtbrille sein kann. Moderne Multifokallinsen k\u00f6nnen auch die Alterssichtigkeit ausgleichen. Damit wird eine Lesebrille weitgehend \u00fcberfl\u00fcssig. Neben der scharfen Sicht in die Ferne und die N\u00e4he hat diese Behandlung einen weiteren Vorteil: Nach einem refraktiven Linsentausch m\u00fcssen Patienten nicht bef\u00fcrchten, am Grauen Star zu erkranken, denn die Kunstlinse kann sich nicht eintr\u00fcben.<\/p>\n<\/div><\/div>\t\t\t\t<\/div>\n\t\t\t\t<\/div>\n\t\t\t\t<div class=\"elementor-element elementor-element-0bf1640 sc_height_small sc_fly_static elementor-widget elementor-widget-spacer\" data-id=\"0bf1640\" data-element_type=\"widget\" data-e-type=\"widget\" data-widget_type=\"spacer.default\">\n\t\t\t\t<div class=\"elementor-widget-container\">\n\t\t\t\t\t\t\t<div class=\"elementor-spacer\">\n\t\t\t<div class=\"elementor-spacer-inner\"><\/div>\n\t\t<\/div>\n\t\t\t\t\t\t<\/div>\n\t\t\t\t<\/div>\n\t\t\t\t\t<\/div>\n\t\t<\/div>\n\t\t\t\t<div class=\"elementor-column elementor-col-50 elementor-top-column elementor-element elementor-element-651af82 sc_inner_width_none sc_content_align_inherit sc_layouts_column_icons_position_left sc_fly_static\" data-id=\"651af82\" data-element_type=\"column\" data-e-type=\"column\">\n\t\t\t<div class=\"elementor-widget-wrap elementor-element-populated\">\n\t\t\t\t\t\t<div class=\"elementor-element elementor-element-fd182a9 no-title sc_fly_static elementor-widget elementor-widget-image\" data-id=\"fd182a9\" data-element_type=\"widget\" data-e-type=\"widget\" data-widget_type=\"image.default\">\n\t\t\t\t<div class=\"elementor-widget-container\">\n\t\t\t\t\t\t\t\t\t\t\t\t\t\t\t<img decoding=\"async\" width=\"1000\" height=\"667\" src=\"https:\/\/eyedoc-ahmedgalal.com\/wp-content\/uploads\/2024\/09\/multi.gif\" class=\"attachment-full size-full wp-image-23617\" alt=\"\" \/>\t\t\t\t\t\t\t\t\t\t\t\t\t\t\t<\/div>\n\t\t\t\t<\/div>\n\t\t\t\t\t<\/div>\n\t\t<\/div>\n\t\t\t\t\t<\/div>\n\t\t<\/section>\n\t\t\t\t<\/div>\n\t\t","protected":false},"excerpt":{"rendered":"<p>Phake Linse Visan ICL Eine sichere Alternative zum Augenlasern Die Linsenkorrektur Falls eine Laserbehandlung aus medizinischen Gr\u00fcnden nicht m\u00f6glich ist, kann in vielen F\u00e4llen alternativ eine Linsenoperation durchgef\u00fchrt werden. Implantiert&hellip;<\/p>\n","protected":false},"author":2,"featured_media":26943,"parent":0,"menu_order":0,"comment_status":"closed","ping_status":"closed","template":"elementor_header_footer","meta":{"footnotes":""},"class_list":["post-27841","page","type-page","status-publish","has-post-thumbnail","hentry"],"_links":{"self":[{"href":"https:\/\/eyedoc-ahmedgalal.com\/de\/wp-json\/wp\/v2\/pages\/27841","targetHints":{"allow":["GET"]}}],"collection":[{"href":"https:\/\/eyedoc-ahmedgalal.com\/de\/wp-json\/wp\/v2\/pages"}],"about":[{"href":"https:\/\/eyedoc-ahmedgalal.com\/de\/wp-json\/wp\/v2\/types\/page"}],"author":[{"embeddable":true,"href":"https:\/\/eyedoc-ahmedgalal.com\/de\/wp-json\/wp\/v2\/users\/2"}],"replies":[{"embeddable":true,"href":"https:\/\/eyedoc-ahmedgalal.com\/de\/wp-json\/wp\/v2\/comments?post=27841"}],"version-history":[{"count":18,"href":"https:\/\/eyedoc-ahmedgalal.com\/de\/wp-json\/wp\/v2\/pages\/27841\/revisions"}],"predecessor-version":[{"id":28986,"href":"https:\/\/eyedoc-ahmedgalal.com\/de\/wp-json\/wp\/v2\/pages\/27841\/revisions\/28986"}],"wp:featuredmedia":[{"embeddable":true,"href":"https:\/\/eyedoc-ahmedgalal.com\/de\/wp-json\/wp\/v2\/media\/26943"}],"wp:attachment":[{"href":"https:\/\/eyedoc-ahmedgalal.com\/de\/wp-json\/wp\/v2\/media?parent=27841"}],"curies":[{"name":"wp","href":"https:\/\/api.w.org\/{rel}","templated":true}]}}