{"id":27875,"date":"2024-09-18T12:20:35","date_gmt":"2024-09-18T12:20:35","guid":{"rendered":"https:\/\/eyedoc-ahmedgalal.com\/dmek-partial-corneal-replacement\/"},"modified":"2024-11-24T17:17:10","modified_gmt":"2024-11-24T17:17:10","slug":"dmek-partial-corneal-replacement","status":"publish","type":"page","link":"https:\/\/eyedoc-ahmedgalal.com\/de\/dmek-partial-corneal-replacement\/","title":{"rendered":"DMEK \u2013 Schonender Teilersatz Der Hornhaut"},"content":{"rendered":"\t\t<div data-elementor-type=\"wp-page\" data-elementor-id=\"27875\" class=\"elementor elementor-27875 elementor-23423\" data-elementor-settings=\"{&quot;ha_cmc_init_switcher&quot;:&quot;no&quot;}\">\n\t\t\t\t\t\t<section class=\"elementor-section elementor-top-section elementor-element elementor-element-8f7a14f elementor-section-content-middle elementor-section-stretched elementor-section-boxed elementor-section-height-default elementor-section-height-default sc_fly_static\" data-id=\"8f7a14f\" data-element_type=\"section\" data-e-type=\"section\" data-settings=\"{&quot;background_background&quot;:&quot;classic&quot;,&quot;stretch_section&quot;:&quot;section-stretched&quot;,&quot;_ha_eqh_enable&quot;:false}\">\n\t\t\t\t\t\t<div class=\"elementor-container elementor-column-gap-extended\">\n\t\t\t\t\t<div class=\"elementor-column elementor-col-50 elementor-top-column elementor-element elementor-element-13d27ae sc_inner_width_none sc_content_align_inherit sc_layouts_column_icons_position_left sc_fly_static\" data-id=\"13d27ae\" data-element_type=\"column\" data-e-type=\"column\">\n\t\t\t<div class=\"elementor-widget-wrap elementor-element-populated\">\n\t\t\t\t\t\t<div class=\"elementor-element elementor-element-285f076 sc_layouts_hide_on_tablet sc_fly_static elementor-widget elementor-widget-spacer\" data-id=\"285f076\" data-element_type=\"widget\" data-e-type=\"widget\" data-widget_type=\"spacer.default\">\n\t\t\t\t<div class=\"elementor-widget-container\">\n\t\t\t\t\t\t\t<div class=\"elementor-spacer\">\n\t\t\t<div class=\"elementor-spacer-inner\"><\/div>\n\t\t<\/div>\n\t\t\t\t\t\t<\/div>\n\t\t\t\t<\/div>\n\t\t\t\t<div class=\"elementor-element elementor-element-8a1c356 sc_fly_static elementor-widget elementor-widget-spacer\" data-id=\"8a1c356\" data-element_type=\"widget\" data-e-type=\"widget\" data-widget_type=\"spacer.default\">\n\t\t\t\t<div class=\"elementor-widget-container\">\n\t\t\t\t\t\t\t<div class=\"elementor-spacer\">\n\t\t\t<div class=\"elementor-spacer-inner\"><\/div>\n\t\t<\/div>\n\t\t\t\t\t\t<\/div>\n\t\t\t\t<\/div>\n\t\t\t\t<div class=\"elementor-element elementor-element-4c65d5d sc_fly_static elementor-widget elementor-widget-spacer\" data-id=\"4c65d5d\" data-element_type=\"widget\" data-e-type=\"widget\" data-widget_type=\"spacer.default\">\n\t\t\t\t<div class=\"elementor-widget-container\">\n\t\t\t\t\t\t\t<div class=\"elementor-spacer\">\n\t\t\t<div class=\"elementor-spacer-inner\"><\/div>\n\t\t<\/div>\n\t\t\t\t\t\t<\/div>\n\t\t\t\t<\/div>\n\t\t\t\t<div class=\"elementor-element elementor-element-b8d73ef sc_fly_static elementor-widget elementor-widget-trx_sc_title\" data-id=\"b8d73ef\" data-element_type=\"widget\" data-e-type=\"widget\" data-widget_type=\"trx_sc_title.default\">\n\t\t\t\t<div class=\"elementor-widget-container\">\n\t\t\t\t\t<div\t\tclass=\"sc_title sc_title_default\" ><span class=\"sc_item_subtitle sc_title_subtitle sc_item_subtitle_above sc_item_title_style_default\">Bahnbrechender Fortschritt f\u00fcr Ihre Sehkraft<\/span><h2 class=\"sc_item_title sc_title_title sc_item_title_style_default sc_item_title_tag sc_typed\"\n\t\t\t><span class=\"sc_item_title_text\">DMEK \u2013 schonender Teilersatz der Hornhaut<\/span><\/h2><div class=\"sc_item_descr sc_title_descr\"><p>Bis vor wenigen Jahren musste die gesamte Hornhaut bei einer Eintr\u00fcbung der Hornhaut ersetzt werden. Die DMEK (Descemet Membrane Endothelial Keratoplasty) ist ein neuartiges Verfahren, bei dem nur die f\u00fcr die Eintr\u00fcbung der Hornhaut urs\u00e4chliche innerste Schicht (Endothel mit Descemetmembran) ersetzt wird.<\/p>\n<p>Im Vergleich zu einer klassischen Hornhauttransplantation verk\u00fcrzt sich dadurch die Heilungsphase nach der Operation erheblich. Zu einer sp\u00fcrbaren Verbesserung des Sehverm\u00f6gens kommt es in der Regel innerhalb weniger Wochen nach der Operation. Die nur 0.02 Millimeter dicke Zellschicht wird bei dem Eingriff \u00fcber einen 2.5 Millimeter kleine Schnitt ausgetauscht. Die neue Zellschicht wird ber\u00fchrungsfrei mit einer Luftblase gegen die Hornhautr\u00fcckfl\u00e4che gedr\u00fcckt. Dort verankert sich das Endothel von alleine. Eine Naht ist deshalb nicht erforderlich.<\/p>\n<\/div><\/div>\t\t\t\t<\/div>\n\t\t\t\t<\/div>\n\t\t\t\t<div class=\"elementor-element elementor-element-a1d128a sc_layouts_hide_on_tablet sc_layouts_hide_on_mobile sc_fly_static elementor-widget elementor-widget-spacer\" data-id=\"a1d128a\" data-element_type=\"widget\" data-e-type=\"widget\" data-widget_type=\"spacer.default\">\n\t\t\t\t<div class=\"elementor-widget-container\">\n\t\t\t\t\t\t\t<div class=\"elementor-spacer\">\n\t\t\t<div class=\"elementor-spacer-inner\"><\/div>\n\t\t<\/div>\n\t\t\t\t\t\t<\/div>\n\t\t\t\t<\/div>\n\t\t\t\t\t<\/div>\n\t\t<\/div>\n\t\t\t\t<div class=\"elementor-column elementor-col-50 elementor-top-column elementor-element elementor-element-391c444 sc_inner_width_none sc_content_align_inherit sc_layouts_column_icons_position_left sc_fly_static\" data-id=\"391c444\" data-element_type=\"column\" data-e-type=\"column\">\n\t\t\t<div class=\"elementor-widget-wrap elementor-element-populated\">\n\t\t\t\t\t\t<div class=\"elementor-element elementor-element-79712fc sc_layouts_hide_on_tablet sc_fly_static elementor-widget elementor-widget-spacer\" data-id=\"79712fc\" data-element_type=\"widget\" data-e-type=\"widget\" data-widget_type=\"spacer.default\">\n\t\t\t\t<div class=\"elementor-widget-container\">\n\t\t\t\t\t\t\t<div class=\"elementor-spacer\">\n\t\t\t<div class=\"elementor-spacer-inner\"><\/div>\n\t\t<\/div>\n\t\t\t\t\t\t<\/div>\n\t\t\t\t<\/div>\n\t\t\t\t<div class=\"elementor-element elementor-element-e1e2554 sc_fly_static elementor-widget elementor-widget-spacer\" data-id=\"e1e2554\" data-element_type=\"widget\" data-e-type=\"widget\" data-widget_type=\"spacer.default\">\n\t\t\t\t<div class=\"elementor-widget-container\">\n\t\t\t\t\t\t\t<div class=\"elementor-spacer\">\n\t\t\t<div class=\"elementor-spacer-inner\"><\/div>\n\t\t<\/div>\n\t\t\t\t\t\t<\/div>\n\t\t\t\t<\/div>\n\t\t\t\t<div class=\"elementor-element elementor-element-5022119 animation_type_block sc_fly_static elementor-invisible elementor-widget elementor-widget-image\" data-id=\"5022119\" data-element_type=\"widget\" data-e-type=\"widget\" data-settings=\"{&quot;_animation&quot;:&quot;fadeIn&quot;}\" data-widget_type=\"image.default\">\n\t\t\t\t<div class=\"elementor-widget-container\">\n\t\t\t\t\t\t\t\t\t\t\t\t\t\t\t<img fetchpriority=\"high\" decoding=\"async\" width=\"1024\" height=\"682\" src=\"https:\/\/eyedoc-ahmedgalal.com\/wp-content\/uploads\/2024\/09\/doctor-650534_1280-1024x682.jpg\" class=\"attachment-large size-large wp-image-24140\" alt=\"\" srcset=\"https:\/\/eyedoc-ahmedgalal.com\/wp-content\/uploads\/2024\/09\/doctor-650534_1280-1024x682.jpg 1024w, https:\/\/eyedoc-ahmedgalal.com\/wp-content\/uploads\/2024\/09\/doctor-650534_1280-300x200.jpg 300w, https:\/\/eyedoc-ahmedgalal.com\/wp-content\/uploads\/2024\/09\/doctor-650534_1280-768x512.jpg 768w, https:\/\/eyedoc-ahmedgalal.com\/wp-content\/uploads\/2024\/09\/doctor-650534_1280-370x247.jpg 370w, https:\/\/eyedoc-ahmedgalal.com\/wp-content\/uploads\/2024\/09\/doctor-650534_1280-840x560.jpg 840w, https:\/\/eyedoc-ahmedgalal.com\/wp-content\/uploads\/2024\/09\/doctor-650534_1280-410x273.jpg 410w, https:\/\/eyedoc-ahmedgalal.com\/wp-content\/uploads\/2024\/09\/doctor-650534_1280-600x400.jpg 600w, https:\/\/eyedoc-ahmedgalal.com\/wp-content\/uploads\/2024\/09\/doctor-650534_1280.jpg 1280w\" sizes=\"(max-width: 1024px) 100vw, 1024px\" \/>\t\t\t\t\t\t\t\t\t\t\t\t\t\t\t<\/div>\n\t\t\t\t<\/div>\n\t\t\t\t<div class=\"elementor-element elementor-element-b091ae0 sc_fly_static elementor-widget elementor-widget-spacer\" data-id=\"b091ae0\" data-element_type=\"widget\" data-e-type=\"widget\" data-widget_type=\"spacer.default\">\n\t\t\t\t<div class=\"elementor-widget-container\">\n\t\t\t\t\t\t\t<div class=\"elementor-spacer\">\n\t\t\t<div class=\"elementor-spacer-inner\"><\/div>\n\t\t<\/div>\n\t\t\t\t\t\t<\/div>\n\t\t\t\t<\/div>\n\t\t\t\t<div class=\"elementor-element elementor-element-8d0a4a4 sc_fly_static elementor-widget elementor-widget-trx_sc_title\" data-id=\"8d0a4a4\" data-element_type=\"widget\" data-e-type=\"widget\" data-widget_type=\"trx_sc_title.default\">\n\t\t\t\t<div class=\"elementor-widget-container\">\n\t\t\t\t\t<div\t\tclass=\"sc_title sc_title_default\" ><div class=\"sc_item_descr sc_title_descr\"><p>Heute k\u00f6nnen bereits \u00fcber 80% der Hornhauttransplantationen mit dieser schonenden Technik durchgef\u00fchrt werden. Nur in F\u00e4llen in denen die eigene Hornhaut durch Umbauprozesse und Narben so ver\u00e4ndert ist, dass \u00fcber einen Teilersatz eine Verbesserung der der Sehkraft nicht m\u00f6glich ist, wird eine Volltransplantation der Hornhaut noch notwendig.<\/p>\n<\/div><\/div>\t\t\t\t<\/div>\n\t\t\t\t<\/div>\n\t\t\t\t\t<\/div>\n\t\t<\/div>\n\t\t\t\t\t<\/div>\n\t\t<\/section>\n\t\t\t\t<section class=\"elementor-section elementor-top-section elementor-element elementor-element-91d5d09 elementor-section-boxed elementor-section-height-default elementor-section-height-default animation_type_block sc_fly_static elementor-invisible\" data-id=\"91d5d09\" data-element_type=\"section\" data-e-type=\"section\" data-settings=\"{&quot;background_background&quot;:&quot;classic&quot;,&quot;animation&quot;:&quot;fadeInUp&quot;,&quot;_ha_eqh_enable&quot;:false}\">\n\t\t\t\t\t\t\t<div class=\"elementor-background-overlay\"><\/div>\n\t\t\t\t\t\t\t<div class=\"elementor-container elementor-column-gap-extended\">\n\t\t\t\t\t<div class=\"elementor-column elementor-col-100 elementor-top-column elementor-element elementor-element-968459d sc_inner_width_none sc_content_align_inherit sc_layouts_column_icons_position_left sc_fly_static\" data-id=\"968459d\" data-element_type=\"column\" data-e-type=\"column\">\n\t\t\t<div class=\"elementor-widget-wrap elementor-element-populated\">\n\t\t\t\t\t\t<div class=\"elementor-element elementor-element-e197fbc sc_fly_static elementor-widget elementor-widget-trx_sc_title\" data-id=\"e197fbc\" data-element_type=\"widget\" data-e-type=\"widget\" data-widget_type=\"trx_sc_title.default\">\n\t\t\t\t<div class=\"elementor-widget-container\">\n\t\t\t\t\t<div\t\tclass=\"sc_title sc_title_default\" ><h2 class=\"sc_item_title sc_title_title sc_align_center sc_item_title_style_default sc_item_title_tag trx_addons_inline_618980687\"\n\t\t\t><span class=\"sc_item_title_text\">DMEK \u2013 Standardmethode an der Augenklinik <\/span><\/h2><div class=\"sc_item_descr sc_title_descr sc_align_center sc_item_descr_with_custom_color trx_addons_inline_729539220\"><p>Dr. Galal haben bereits vor mehr als 10 Jahren mit den neuen Techniken der schonenden Teiltransplantation der Hornhaut begonnen. Das DMEK Verfahren wird deshalb als Standardmethode an der Augenklinik bei der Behandlung von Eintr\u00fcbungen der Hornhaut verwendet, bei denen die innerste Sicht der Hornhaut erkrankt ist.<\/p>\n<\/div><\/div>\t\t\t\t<\/div>\n\t\t\t\t<\/div>\n\t\t\t\t\t<\/div>\n\t\t<\/div>\n\t\t\t\t\t<\/div>\n\t\t<\/section>\n\t\t\t\t<\/div>\n\t\t","protected":false},"excerpt":{"rendered":"<p>Bahnbrechender Fortschritt f\u00fcr Ihre Sehkraft DMEK \u2013 schonender Teilersatz der Hornhaut Bis vor wenigen Jahren musste die gesamte Hornhaut bei einer Eintr\u00fcbung der Hornhaut ersetzt werden. Die DMEK (Descemet Membrane&hellip;<\/p>\n","protected":false},"author":2,"featured_media":26943,"parent":0,"menu_order":0,"comment_status":"closed","ping_status":"closed","template":"elementor_header_footer","meta":{"footnotes":""},"class_list":["post-27875","page","type-page","status-publish","has-post-thumbnail","hentry"],"_links":{"self":[{"href":"https:\/\/eyedoc-ahmedgalal.com\/de\/wp-json\/wp\/v2\/pages\/27875","targetHints":{"allow":["GET"]}}],"collection":[{"href":"https:\/\/eyedoc-ahmedgalal.com\/de\/wp-json\/wp\/v2\/pages"}],"about":[{"href":"https:\/\/eyedoc-ahmedgalal.com\/de\/wp-json\/wp\/v2\/types\/page"}],"author":[{"embeddable":true,"href":"https:\/\/eyedoc-ahmedgalal.com\/de\/wp-json\/wp\/v2\/users\/2"}],"replies":[{"embeddable":true,"href":"https:\/\/eyedoc-ahmedgalal.com\/de\/wp-json\/wp\/v2\/comments?post=27875"}],"version-history":[{"count":7,"href":"https:\/\/eyedoc-ahmedgalal.com\/de\/wp-json\/wp\/v2\/pages\/27875\/revisions"}],"predecessor-version":[{"id":28469,"href":"https:\/\/eyedoc-ahmedgalal.com\/de\/wp-json\/wp\/v2\/pages\/27875\/revisions\/28469"}],"wp:featuredmedia":[{"embeddable":true,"href":"https:\/\/eyedoc-ahmedgalal.com\/de\/wp-json\/wp\/v2\/media\/26943"}],"wp:attachment":[{"href":"https:\/\/eyedoc-ahmedgalal.com\/de\/wp-json\/wp\/v2\/media?parent=27875"}],"curies":[{"name":"wp","href":"https:\/\/api.w.org\/{rel}","templated":true}]}}