{"id":27893,"date":"2024-09-21T12:05:59","date_gmt":"2024-09-21T12:05:59","guid":{"rendered":"https:\/\/eyedoc-ahmedgalal.com\/behavior-after-eye-surgery\/"},"modified":"2024-11-19T20:23:41","modified_gmt":"2024-11-19T20:23:41","slug":"behavior-after-eye-surgery","status":"publish","type":"page","link":"https:\/\/eyedoc-ahmedgalal.com\/de\/behavior-after-eye-surgery\/","title":{"rendered":"Verhalten nach der Augenoperation"},"content":{"rendered":"\t\t<div data-elementor-type=\"wp-page\" data-elementor-id=\"27893\" class=\"elementor elementor-27893 elementor-23886\" data-elementor-settings=\"{&quot;ha_cmc_init_switcher&quot;:&quot;no&quot;}\">\n\t\t\t\t\t\t<section class=\"elementor-section elementor-top-section elementor-element elementor-element-fcc4298 elementor-section-boxed elementor-section-height-default elementor-section-height-default sc_fly_static\" data-id=\"fcc4298\" data-element_type=\"section\" data-e-type=\"section\" data-settings=\"{&quot;background_background&quot;:&quot;classic&quot;,&quot;_ha_eqh_enable&quot;:false}\">\n\t\t\t\t\t\t<div class=\"elementor-container elementor-column-gap-extended\">\n\t\t\t\t\t<div class=\"elementor-column elementor-col-100 elementor-top-column elementor-element elementor-element-47c14ec sc_inner_width_none sc_content_align_inherit sc_layouts_column_icons_position_left sc_fly_static\" data-id=\"47c14ec\" data-element_type=\"column\" data-e-type=\"column\">\n\t\t\t<div class=\"elementor-widget-wrap elementor-element-populated\">\n\t\t\t\t\t\t<div class=\"elementor-element elementor-element-54d6407 sc_fly_static elementor-widget elementor-widget-trx_sc_title\" data-id=\"54d6407\" data-element_type=\"widget\" data-e-type=\"widget\" data-widget_type=\"trx_sc_title.default\">\n\t\t\t\t<div class=\"elementor-widget-container\">\n\t\t\t\t\t<div\t\tclass=\"sc_title sc_title_default\" ><h2 class=\"sc_item_title sc_title_title sc_item_title_style_default sc_item_title_tag\"\n\t\t\t><span class=\"sc_item_title_text\">Verhalten nach der Augenoperation\n<\/span><\/h2><\/div>\t\t\t\t<\/div>\n\t\t\t\t<\/div>\n\t\t\t\t\t<\/div>\n\t\t<\/div>\n\t\t\t\t\t<\/div>\n\t\t<\/section>\n\t\t\t\t<section class=\"elementor-section elementor-top-section elementor-element elementor-element-113129b elementor-section-boxed elementor-section-height-default elementor-section-height-default sc_fly_static\" data-id=\"113129b\" data-element_type=\"section\" data-e-type=\"section\" data-settings=\"{&quot;background_background&quot;:&quot;classic&quot;,&quot;_ha_eqh_enable&quot;:false}\">\n\t\t\t\t\t\t<div class=\"elementor-container elementor-column-gap-extended\">\n\t\t\t\t\t<div class=\"elementor-column elementor-col-50 elementor-top-column elementor-element elementor-element-30174ed sc_inner_width_none sc_content_align_inherit sc_layouts_column_icons_position_left sc_fly_static\" data-id=\"30174ed\" data-element_type=\"column\" data-e-type=\"column\">\n\t\t\t<div class=\"elementor-widget-wrap elementor-element-populated\">\n\t\t\t\t\t\t<div class=\"elementor-element elementor-element-e1aa4ef elementor-icon-list--layout-traditional elementor-list-item-link-full_width sc_fly_static elementor-widget elementor-widget-icon-list\" data-id=\"e1aa4ef\" data-element_type=\"widget\" data-e-type=\"widget\" data-widget_type=\"icon-list.default\">\n\t\t\t\t<div class=\"elementor-widget-container\">\n\t\t\t\t\t\t\t<ul class=\"elementor-icon-list-items\">\n\t\t\t\t\t\t\t<li class=\"elementor-icon-list-item\">\n\t\t\t\t\t\t\t\t\t\t\t<span class=\"elementor-icon-list-icon\">\n\t\t\t\t\t\t\t<i aria-hidden=\"true\" class=\"fas fa-check-circle\"><\/i>\t\t\t\t\t\t<\/span>\n\t\t\t\t\t\t\t\t\t\t<span class=\"elementor-icon-list-text\">Vermeiden Sie in den ersten Wochen nach der Operation an Ihrem Auge zu reiben. Ein gelegentliches Kratzen oder Fremdk\u00f6rpergef\u00fchl im operierten Auge ist in den ersten Wochen nach einer Augenoperation normal und bessert sich im Lauf der Zeit von allein. Durch die Verwendung von benetzenden Augentropfen (\u201ek\u00fcnstliche Tr\u00e4nen\u201c) k\u00f6nnen Sie die Beschwerden lindern. Falls Sie jedoch einen st\u00e4rkeren, anhaltenden Schmerz versp\u00fcren, ist eine sofortige augen\u00e4rztliche Kontrolle indiziert.<\/span>\n\t\t\t\t\t\t\t\t\t<\/li>\n\t\t\t\t\t\t\t\t<li class=\"elementor-icon-list-item\">\n\t\t\t\t\t\t\t\t\t\t\t<span class=\"elementor-icon-list-icon\">\n\t\t\t\t\t\t\t<i aria-hidden=\"true\" class=\"fas fa-check-circle\"><\/i>\t\t\t\t\t\t<\/span>\n\t\t\t\t\t\t\t\t\t\t<span class=\"elementor-icon-list-text\">Bitte beachten Sie, dass die aktive Teilnahme am Stra\u00dfenverkehr nach einer Augenoperation erst nach R\u00fccksprache mit Ihrem Augenarzt erfolgen darf!<\/span>\n\t\t\t\t\t\t\t\t\t<\/li>\n\t\t\t\t\t\t\t\t<li class=\"elementor-icon-list-item\">\n\t\t\t\t\t\t\t\t\t\t\t<span class=\"elementor-icon-list-icon\">\n\t\t\t\t\t\t\t<i aria-hidden=\"true\" class=\"fas fa-check-circle\"><\/i>\t\t\t\t\t\t<\/span>\n\t\t\t\t\t\t\t\t\t\t<span class=\"elementor-icon-list-text\">Sie d\u00fcrfen die Lider und das Gesicht im Bereich der Augen reinigen. Sie sollten dabei jedoch darauf achten, dass Sie dabei nicht auf das Auge dr\u00fccken. Am besten verwenden Sie hierf\u00fcr lauwarmes Wasser und einen sauberen Waschlappen.<\/span>\n\t\t\t\t\t\t\t\t\t<\/li>\n\t\t\t\t\t\t\t\t<li class=\"elementor-icon-list-item\">\n\t\t\t\t\t\t\t\t\t\t\t<span class=\"elementor-icon-list-icon\">\n\t\t\t\t\t\t\t<i aria-hidden=\"true\" class=\"fas fa-check-circle\"><\/i>\t\t\t\t\t\t<\/span>\n\t\t\t\t\t\t\t\t\t\t<span class=\"elementor-icon-list-text\">Duschen, Baden und Haare waschen ist nach der Operation problemlos m\u00f6glich. In den ersten beiden Wochen sollten Sie dabei jedoch vermeiden, dass Wasser, Seife oder Shampoo direkt in die Augen gelangen. Wenn versehentlich etwas Wasser in das Auge kommt, ist das kein Grund zur Beunruhigung. Nach 6 \u2013 8 Wochen ist die Wundheilung am Auge \u00fcblicherweise ganz abgeschlossen.<\/span>\n\t\t\t\t\t\t\t\t\t<\/li>\n\t\t\t\t\t\t<\/ul>\n\t\t\t\t\t\t<\/div>\n\t\t\t\t<\/div>\n\t\t\t\t\t<\/div>\n\t\t<\/div>\n\t\t\t\t<div class=\"elementor-column elementor-col-50 elementor-top-column elementor-element elementor-element-e1abed5 sc_inner_width_none sc_content_align_inherit sc_layouts_column_icons_position_left sc_fly_static\" data-id=\"e1abed5\" data-element_type=\"column\" data-e-type=\"column\">\n\t\t\t<div class=\"elementor-widget-wrap elementor-element-populated\">\n\t\t\t\t\t\t<div class=\"elementor-element elementor-element-9c311f7 elementor-icon-list--layout-traditional elementor-list-item-link-full_width sc_fly_static elementor-widget elementor-widget-icon-list\" data-id=\"9c311f7\" data-element_type=\"widget\" data-e-type=\"widget\" data-widget_type=\"icon-list.default\">\n\t\t\t\t<div class=\"elementor-widget-container\">\n\t\t\t\t\t\t\t<ul class=\"elementor-icon-list-items\">\n\t\t\t\t\t\t\t<li class=\"elementor-icon-list-item\">\n\t\t\t\t\t\t\t\t\t\t\t<span class=\"elementor-icon-list-icon\">\n\t\t\t\t\t\t\t<i aria-hidden=\"true\" class=\"fas fa-check-circle\"><\/i>\t\t\t\t\t\t<\/span>\n\t\t\t\t\t\t\t\t\t\t<span class=\"elementor-icon-list-text\">Sie k\u00f6nnen im Allgemeinen die normalen Aktivit\u00e4ten des t\u00e4glichen Lebens ohne Einschr\u00e4nkungen nach Ihrer Operation wieder aufnehmen. Sie d\u00fcrfen sich b\u00fccken, normale k\u00f6rperliche T\u00e4tigkeiten im Haus erledigen und Gymnastik oder Yoga-\u00dcbungen durchf\u00fchren. In den ersten beiden Wochen nach der Operation sollten sie jedoch auf Schwimmbad- oder Saunabesuche und \u00fcberm\u00e4\u00dfige k\u00f6rperliche Anstrengungen verzichten. In der Regel bestehen ab etwa 2 Wochen nach der Operation keine k\u00f6rperlichen Einschr\u00e4nkungen mehr. Wenn Sie hinsichtlich der Aus\u00fcbung einer spezifischen T\u00e4tigkeit oder Sportart unsicher sind, fragen Sie Ihren Augenarzt.<\/span>\n\t\t\t\t\t\t\t\t\t<\/li>\n\t\t\t\t\t\t\t\t<li class=\"elementor-icon-list-item\">\n\t\t\t\t\t\t\t\t\t\t\t<span class=\"elementor-icon-list-icon\">\n\t\t\t\t\t\t\t<i aria-hidden=\"true\" class=\"fas fa-check-circle\"><\/i>\t\t\t\t\t\t<\/span>\n\t\t\t\t\t\t\t\t\t\t<span class=\"elementor-icon-list-text\">Augen\u00e4rztliche Kontrolluntersuchungen werden entsprechend dem jeweiligen Untersuchungsbefund und dem durchgef\u00fchrten Eingriff vereinbart. Sollten einmal unerwartete Probleme auftreten, stellen Sie sich bitte immer unverz\u00fcglich beim Augenarzt vor.<\/span>\n\t\t\t\t\t\t\t\t\t<\/li>\n\t\t\t\t\t\t<\/ul>\n\t\t\t\t\t\t<\/div>\n\t\t\t\t<\/div>\n\t\t\t\t\t<\/div>\n\t\t<\/div>\n\t\t\t\t\t<\/div>\n\t\t<\/section>\n\t\t\t\t<section class=\"elementor-section elementor-top-section elementor-element elementor-element-24f9706 elementor-section-stretched scheme_default elementor-section-content-middle elementor-section-boxed elementor-section-height-default elementor-section-height-default sc_fly_static\" data-id=\"24f9706\" data-element_type=\"section\" data-e-type=\"section\" data-settings=\"{&quot;stretch_section&quot;:&quot;section-stretched&quot;,&quot;background_background&quot;:&quot;classic&quot;,&quot;_ha_eqh_enable&quot;:false}\">\n\t\t\t\t\t\t<div class=\"elementor-container elementor-column-gap-extended\">\n\t\t\t\t\t<div class=\"elementor-column elementor-col-50 elementor-top-column elementor-element elementor-element-29801cd sc_inner_width_none sc_content_align_inherit sc_layouts_column_icons_position_left sc_fly_static\" data-id=\"29801cd\" data-element_type=\"column\" data-e-type=\"column\">\n\t\t\t<div class=\"elementor-widget-wrap elementor-element-populated\">\n\t\t\t\t\t\t<div class=\"elementor-element elementor-element-e382008 sc_fly_static elementor-widget elementor-widget-trx_sc_title\" data-id=\"e382008\" data-element_type=\"widget\" data-e-type=\"widget\" data-widget_type=\"trx_sc_title.default\">\n\t\t\t\t<div class=\"elementor-widget-container\">\n\t\t\t\t\t<div\t\tclass=\"sc_title sc_title_default\" ><h2 class=\"sc_item_title sc_title_title sc_item_title_style_default sc_item_title_tag\"\n\t\t\t><span class=\"sc_item_title_text\">Bitte nehmen Sie unverz\u00fcglich mit Ihrem Augenarzt Kontakt auf, wenn:\n\n<\/span><\/h2><\/div>\t\t\t\t<\/div>\n\t\t\t\t<\/div>\n\t\t\t\t<div class=\"elementor-element elementor-element-1bf3f6a sc_fly_static elementor-widget elementor-widget-text-editor\" data-id=\"1bf3f6a\" data-element_type=\"widget\" data-e-type=\"widget\" data-widget_type=\"text-editor.default\">\n\t\t\t\t<div class=\"elementor-widget-container\">\n\t\t\t\t\t\t\t\t\t<ul><li>das Sehverm\u00f6gen pl\u00f6tzlich schlechter wird<\/li><li>am operierten Auge anhaltende Schmerzen auftreten<\/li><li>das Sehverm\u00f6gen am operierten Auge im Verlauf eher schlechter als besser wird.<\/li><li>Schwarze Punkte, Lichtblitze, oder ein Schatten auftreten.<\/li><li>sich das operierte Auge stark r\u00f6tet.<\/li><li>\u00a0<\/li><\/ul>\t\t\t\t\t\t\t\t<\/div>\n\t\t\t\t<\/div>\n\t\t\t\t\t<\/div>\n\t\t<\/div>\n\t\t\t\t<div class=\"elementor-column elementor-col-50 elementor-top-column elementor-element elementor-element-665c961 sc_inner_width_none sc_content_align_inherit sc_layouts_column_icons_position_left sc_fly_static\" data-id=\"665c961\" data-element_type=\"column\" data-e-type=\"column\">\n\t\t\t<div class=\"elementor-widget-wrap elementor-element-populated\">\n\t\t\t\t\t\t<div class=\"elementor-element elementor-element-0ff2fc4 sc_fly_static elementor-widget elementor-widget-image\" data-id=\"0ff2fc4\" data-element_type=\"widget\" data-e-type=\"widget\" data-widget_type=\"image.default\">\n\t\t\t\t<div class=\"elementor-widget-container\">\n\t\t\t\t\t\t\t\t\t\t\t\t\t\t\t<img fetchpriority=\"high\" decoding=\"async\" width=\"500\" height=\"334\" src=\"https:\/\/eyedoc-ahmedgalal.com\/wp-content\/uploads\/2024\/09\/133875-1.jpg\" class=\"attachment-full size-full wp-image-23757\" alt=\"\" srcset=\"https:\/\/eyedoc-ahmedgalal.com\/wp-content\/uploads\/2024\/09\/133875-1.jpg 500w, https:\/\/eyedoc-ahmedgalal.com\/wp-content\/uploads\/2024\/09\/133875-1-300x200.jpg 300w, https:\/\/eyedoc-ahmedgalal.com\/wp-content\/uploads\/2024\/09\/133875-1-370x247.jpg 370w, https:\/\/eyedoc-ahmedgalal.com\/wp-content\/uploads\/2024\/09\/133875-1-410x274.jpg 410w\" sizes=\"(max-width: 600px) 100vw, 500px\" \/>\t\t\t\t\t\t\t\t\t\t\t\t\t\t\t<\/div>\n\t\t\t\t<\/div>\n\t\t\t\t\t<\/div>\n\t\t<\/div>\n\t\t\t\t\t<\/div>\n\t\t<\/section>\n\t\t\t\t<section class=\"elementor-section elementor-top-section elementor-element elementor-element-b4b4c74 elementor-section-stretched scheme_default elementor-section-content-middle elementor-section-boxed elementor-section-height-default elementor-section-height-default sc_fly_static\" data-id=\"b4b4c74\" data-element_type=\"section\" data-e-type=\"section\" data-settings=\"{&quot;stretch_section&quot;:&quot;section-stretched&quot;,&quot;background_background&quot;:&quot;classic&quot;,&quot;_ha_eqh_enable&quot;:false}\">\n\t\t\t\t\t\t<div class=\"elementor-container elementor-column-gap-extended\">\n\t\t\t\t\t<div class=\"elementor-column elementor-col-50 elementor-top-column elementor-element elementor-element-d1a2281 sc_inner_width_none sc_content_align_inherit sc_layouts_column_icons_position_left sc_fly_static\" data-id=\"d1a2281\" data-element_type=\"column\" data-e-type=\"column\">\n\t\t\t<div class=\"elementor-widget-wrap elementor-element-populated\">\n\t\t\t\t\t\t<div class=\"elementor-element elementor-element-d4fd551 sc_fly_static elementor-widget elementor-widget-image\" data-id=\"d4fd551\" data-element_type=\"widget\" data-e-type=\"widget\" data-widget_type=\"image.default\">\n\t\t\t\t<div class=\"elementor-widget-container\">\n\t\t\t\t\t\t\t\t\t\t\t\t\t\t\t<img decoding=\"async\" width=\"1000\" height=\"667\" src=\"https:\/\/eyedoc-ahmedgalal.com\/wp-content\/uploads\/2024\/09\/tropfen2.gif\" class=\"attachment-large size-large wp-image-23821\" alt=\"\" \/>\t\t\t\t\t\t\t\t\t\t\t\t\t\t\t<\/div>\n\t\t\t\t<\/div>\n\t\t\t\t<div class=\"elementor-element elementor-element-2c67776 sc_height_huge sc_fly_static elementor-widget elementor-widget-spacer\" data-id=\"2c67776\" data-element_type=\"widget\" data-e-type=\"widget\" data-widget_type=\"spacer.default\">\n\t\t\t\t<div class=\"elementor-widget-container\">\n\t\t\t\t\t\t\t<div class=\"elementor-spacer\">\n\t\t\t<div class=\"elementor-spacer-inner\"><\/div>\n\t\t<\/div>\n\t\t\t\t\t\t<\/div>\n\t\t\t\t<\/div>\n\t\t\t\t\t<\/div>\n\t\t<\/div>\n\t\t\t\t<div class=\"elementor-column elementor-col-50 elementor-top-column elementor-element elementor-element-0f8c876 sc_inner_width_none sc_content_align_inherit sc_layouts_column_icons_position_left sc_fly_static\" data-id=\"0f8c876\" data-element_type=\"column\" data-e-type=\"column\">\n\t\t\t<div class=\"elementor-widget-wrap elementor-element-populated\">\n\t\t\t\t\t\t<div class=\"elementor-element elementor-element-a6ba91a sc_fly_static elementor-widget elementor-widget-trx_sc_title\" data-id=\"a6ba91a\" data-element_type=\"widget\" data-e-type=\"widget\" data-widget_type=\"trx_sc_title.default\">\n\t\t\t\t<div class=\"elementor-widget-container\">\n\t\t\t\t\t<div\t\tclass=\"sc_title sc_title_default\" ><h2 class=\"sc_item_title sc_title_title sc_item_title_style_default sc_item_title_tag\"\n\t\t\t><span class=\"sc_item_title_text\">Anwendung von Augentropfen\n<\/span><\/h2><span class=\"sc_item_subtitle sc_title_subtitle sc_item_subtitle_below sc_item_title_style_default\">Bitte beachten Sie bei der Anwendung von Augentropfen folgende Punkte:<\/span><\/div>\t\t\t\t<\/div>\n\t\t\t\t<\/div>\n\t\t\t\t<div class=\"elementor-element elementor-element-3487078 sc_fly_static elementor-widget elementor-widget-text-editor\" data-id=\"3487078\" data-element_type=\"widget\" data-e-type=\"widget\" data-widget_type=\"text-editor.default\">\n\t\t\t\t<div class=\"elementor-widget-container\">\n\t\t\t\t\t\t\t\t\t<ul><li>Die Spitze der Tropfenflasche nicht mit den Wimpern oder den Fingern ber\u00fchren.<\/li><li>Unkonservierte Einmaldosen k\u00f6nnen einmalig auch an beiden Augen angewendet werden. Bei der n\u00e4chsten Tropfengabe muss allerdings wieder eine frische Einmaldosis verwenden.<\/li><li>Wenn Sie sich nicht sicher sind, ob ein Tropfen auf das Auge gelangt ist, k\u00f6nnen Sie ohne Bedenken einen weiteren Tropfen verwenden. Da \u00fcbersch\u00fcssige Fl\u00fcssigkeit aus dem Auge herausl\u00e4uft, ist eine \u00dcberdosierung nicht m\u00f6glich.<\/li><li>Wenn Sie mehrere Augentropfen verordnet bekommen haben, sollten Sie zwischen den einzelnen Tropfengaben mindestens f\u00fcnf Minuten warten, damit der zweite Tropfen nicht den ersten Tropfen aussp\u00fclt.<\/li><li>Nach einer Augenoperation sollen nur die Tropfen verwendet werden, welche neu verschrieben wurden. Am Partnerauge sollen alle Tropfen und Salben wie gewohnt weiterverwendet werden. Im Zweifelsfall fragen Sie bitte bei Ihrem Augenarzt nach.<\/li><li>Bei einem Fremdk\u00f6rpergef\u00fchl oder Augenbrennen ist nach einer Augenoperation in der Regel zur Linderung der Beschwerden die Anwendung von unkonservierten Tr\u00e4nenersatzmitteln m\u00f6glich.<\/li><\/ul>\t\t\t\t\t\t\t\t<\/div>\n\t\t\t\t<\/div>\n\t\t\t\t\t<\/div>\n\t\t<\/div>\n\t\t\t\t\t<\/div>\n\t\t<\/section>\n\t\t\t\t<\/div>\n\t\t","protected":false},"excerpt":{"rendered":"<p>Verhalten nach der Augenoperation Vermeiden Sie in den ersten Wochen nach der Operation an Ihrem Auge zu reiben. Ein gelegentliches Kratzen oder Fremdk\u00f6rpergef\u00fchl im operierten Auge ist in den ersten&hellip;<\/p>\n","protected":false},"author":2,"featured_media":26943,"parent":0,"menu_order":0,"comment_status":"closed","ping_status":"closed","template":"elementor_header_footer","meta":{"footnotes":""},"class_list":["post-27893","page","type-page","status-publish","has-post-thumbnail","hentry"],"_links":{"self":[{"href":"https:\/\/eyedoc-ahmedgalal.com\/de\/wp-json\/wp\/v2\/pages\/27893","targetHints":{"allow":["GET"]}}],"collection":[{"href":"https:\/\/eyedoc-ahmedgalal.com\/de\/wp-json\/wp\/v2\/pages"}],"about":[{"href":"https:\/\/eyedoc-ahmedgalal.com\/de\/wp-json\/wp\/v2\/types\/page"}],"author":[{"embeddable":true,"href":"https:\/\/eyedoc-ahmedgalal.com\/de\/wp-json\/wp\/v2\/users\/2"}],"replies":[{"embeddable":true,"href":"https:\/\/eyedoc-ahmedgalal.com\/de\/wp-json\/wp\/v2\/comments?post=27893"}],"version-history":[{"count":7,"href":"https:\/\/eyedoc-ahmedgalal.com\/de\/wp-json\/wp\/v2\/pages\/27893\/revisions"}],"predecessor-version":[{"id":27900,"href":"https:\/\/eyedoc-ahmedgalal.com\/de\/wp-json\/wp\/v2\/pages\/27893\/revisions\/27900"}],"wp:featuredmedia":[{"embeddable":true,"href":"https:\/\/eyedoc-ahmedgalal.com\/de\/wp-json\/wp\/v2\/media\/26943"}],"wp:attachment":[{"href":"https:\/\/eyedoc-ahmedgalal.com\/de\/wp-json\/wp\/v2\/media?parent=27893"}],"curies":[{"name":"wp","href":"https:\/\/api.w.org\/{rel}","templated":true}]}}