{"id":27903,"date":"2024-09-22T17:49:34","date_gmt":"2024-09-22T17:49:34","guid":{"rendered":"https:\/\/eyedoc-ahmedgalal.com\/diagnostics\/"},"modified":"2024-11-19T20:31:48","modified_gmt":"2024-11-19T20:31:48","slug":"diagnostics","status":"publish","type":"page","link":"https:\/\/eyedoc-ahmedgalal.com\/de\/diagnostics\/","title":{"rendered":"Moderne Augendiagnostik"},"content":{"rendered":"\t\t<div data-elementor-type=\"wp-page\" data-elementor-id=\"27903\" class=\"elementor elementor-27903 elementor-24309\" data-elementor-settings=\"{&quot;ha_cmc_init_switcher&quot;:&quot;no&quot;}\">\n\t\t\t\t\t\t<section class=\"elementor-section elementor-top-section elementor-element elementor-element-418c69d elementor-section-content-middle elementor-section-boxed elementor-section-height-default elementor-section-height-default sc_fly_static\" data-id=\"418c69d\" data-element_type=\"section\" data-e-type=\"section\" data-settings=\"{&quot;background_background&quot;:&quot;classic&quot;,&quot;_ha_eqh_enable&quot;:false}\">\n\t\t\t\t\t\t<div class=\"elementor-container elementor-column-gap-wide\">\n\t\t\t\t\t<div class=\"elementor-column elementor-col-50 elementor-top-column elementor-element elementor-element-cf71829 sc_inner_width_none sc_content_align_inherit sc_layouts_column_icons_position_left sc_fly_static\" data-id=\"cf71829\" data-element_type=\"column\" data-e-type=\"column\">\n\t\t\t<div class=\"elementor-widget-wrap elementor-element-populated\">\n\t\t\t\t\t\t<div class=\"elementor-element elementor-element-fb31f8e no-title sc_fly_static elementor-widget elementor-widget-image\" data-id=\"fb31f8e\" data-element_type=\"widget\" data-e-type=\"widget\" data-widget_type=\"image.default\">\n\t\t\t\t<div class=\"elementor-widget-container\">\n\t\t\t\t\t\t\t\t\t\t\t\t\t\t\t<img fetchpriority=\"high\" decoding=\"async\" width=\"1024\" height=\"672\" src=\"https:\/\/eyedoc-ahmedgalal.com\/wp-content\/uploads\/2024\/09\/optometrist-disease-eye-exams-min-1024x672-1.jpg\" class=\"attachment-full size-full wp-image-24854\" alt=\"\" srcset=\"https:\/\/eyedoc-ahmedgalal.com\/wp-content\/uploads\/2024\/09\/optometrist-disease-eye-exams-min-1024x672-1.jpg 1024w, https:\/\/eyedoc-ahmedgalal.com\/wp-content\/uploads\/2024\/09\/optometrist-disease-eye-exams-min-1024x672-1-300x197.jpg 300w, https:\/\/eyedoc-ahmedgalal.com\/wp-content\/uploads\/2024\/09\/optometrist-disease-eye-exams-min-1024x672-1-768x504.jpg 768w, https:\/\/eyedoc-ahmedgalal.com\/wp-content\/uploads\/2024\/09\/optometrist-disease-eye-exams-min-1024x672-1-370x243.jpg 370w, https:\/\/eyedoc-ahmedgalal.com\/wp-content\/uploads\/2024\/09\/optometrist-disease-eye-exams-min-1024x672-1-840x551.jpg 840w, https:\/\/eyedoc-ahmedgalal.com\/wp-content\/uploads\/2024\/09\/optometrist-disease-eye-exams-min-1024x672-1-410x269.jpg 410w, https:\/\/eyedoc-ahmedgalal.com\/wp-content\/uploads\/2024\/09\/optometrist-disease-eye-exams-min-1024x672-1-600x394.jpg 600w\" sizes=\"(max-width: 1024px) 100vw, 1024px\" \/>\t\t\t\t\t\t\t\t\t\t\t\t\t\t\t<\/div>\n\t\t\t\t<\/div>\n\t\t\t\t\t<\/div>\n\t\t<\/div>\n\t\t\t\t<div class=\"elementor-column elementor-col-50 elementor-top-column elementor-element elementor-element-a116f72 sc_inner_width_none sc_content_align_inherit sc_layouts_column_icons_position_left sc_fly_static\" data-id=\"a116f72\" data-element_type=\"column\" data-e-type=\"column\">\n\t\t\t<div class=\"elementor-widget-wrap elementor-element-populated\">\n\t\t\t\t\t\t<div class=\"elementor-element elementor-element-d92f810 sc_fly_static elementor-widget elementor-widget-trx_sc_title\" data-id=\"d92f810\" data-element_type=\"widget\" data-e-type=\"widget\" data-widget_type=\"trx_sc_title.default\">\n\t\t\t\t<div class=\"elementor-widget-container\">\n\t\t\t\t\t<div\t\tclass=\"sc_title sc_title_default\" ><h2 class=\"sc_item_title sc_title_title sc_item_title_style_default sc_item_title_tag\"\n\t\t\t><span class=\"sc_item_title_text\">Moderne Augendiagnostik\n<\/span><\/h2><div class=\"sc_item_descr sc_title_descr\"><p>Die Augen sind unser wichtigstes Sinnesorgan. Dank der Fortschritte in der Medizin k\u00f6nnen viele Augenerkrankungen heute gut behandelt werden. Voraussetzung f\u00fcr eine effektive Therapie ist jedoch eine exakte und zuverl\u00e4ssige Diagnostik.<\/p>\n<p>In der Augenklinik Regensburg f\u00fchren wir komplexe Untersuchungen des Auges mit modernen Ger\u00e4ten durch.<\/p>\n<\/div><\/div>\t\t\t\t<\/div>\n\t\t\t\t<\/div>\n\t\t\t\t\t<\/div>\n\t\t<\/div>\n\t\t\t\t\t<\/div>\n\t\t<\/section>\n\t\t\t\t<section class=\"elementor-section elementor-top-section elementor-element elementor-element-c6bcd38 elementor-section-content-middle elementor-section-boxed elementor-section-height-default elementor-section-height-default sc_fly_static\" data-id=\"c6bcd38\" data-element_type=\"section\" data-e-type=\"section\" data-settings=\"{&quot;background_background&quot;:&quot;classic&quot;,&quot;_ha_eqh_enable&quot;:false}\">\n\t\t\t\t\t\t<div class=\"elementor-container elementor-column-gap-extended\">\n\t\t\t\t\t<div class=\"elementor-column elementor-col-50 elementor-top-column elementor-element elementor-element-2cbf7d9 sc_inner_width_none sc_content_align_inherit sc_layouts_column_icons_position_left sc_fly_static\" data-id=\"2cbf7d9\" data-element_type=\"column\" data-e-type=\"column\">\n\t\t\t<div class=\"elementor-widget-wrap elementor-element-populated\">\n\t\t\t\t\t\t<div class=\"elementor-element elementor-element-cf2b7c4 sc_fly_static elementor-widget elementor-widget-trx_sc_title\" data-id=\"cf2b7c4\" data-element_type=\"widget\" data-e-type=\"widget\" data-widget_type=\"trx_sc_title.default\">\n\t\t\t\t<div class=\"elementor-widget-container\">\n\t\t\t\t\t<div\t\tclass=\"sc_title sc_title_default\" ><h2 class=\"sc_item_title sc_title_title sc_item_title_style_default sc_item_title_tag\"\n\t\t\t><span class=\"sc_item_title_text\">Folgende Diagnosetechniken stehen unseren Patienten zur Verf\u00fcgung:\n\n<\/span><\/h2><\/div>\t\t\t\t<\/div>\n\t\t\t\t<\/div>\n\t\t\t\t<div class=\"elementor-element elementor-element-7563cbc no-title sc_fly_static elementor-widget elementor-widget-image\" data-id=\"7563cbc\" data-element_type=\"widget\" data-e-type=\"widget\" data-widget_type=\"image.default\">\n\t\t\t\t<div class=\"elementor-widget-container\">\n\t\t\t\t\t\t\t\t\t\t\t\t<figure class=\"wp-caption\">\n\t\t\t\t\t\t\t\t\t\t<img decoding=\"async\" width=\"300\" height=\"300\" src=\"https:\/\/eyedoc-ahmedgalal.com\/wp-content\/uploads\/2024\/09\/diagnostik-02-300x300-1.jpg\" class=\"attachment-full size-full wp-image-24848\" alt=\"\" srcset=\"https:\/\/eyedoc-ahmedgalal.com\/wp-content\/uploads\/2024\/09\/diagnostik-02-300x300-1.jpg 300w, https:\/\/eyedoc-ahmedgalal.com\/wp-content\/uploads\/2024\/09\/diagnostik-02-300x300-1-150x150.jpg 150w, https:\/\/eyedoc-ahmedgalal.com\/wp-content\/uploads\/2024\/09\/diagnostik-02-300x300-1-120x120.jpg 120w\" sizes=\"(max-width: 300px) 100vw, 300px\" \/>\t\t\t\t\t\t\t\t\t\t\t<figcaption class=\"widget-image-caption wp-caption-text\">Fluoreszenzangiographie bei Gef\u00e4\u00dfverschluss der Netzhaut<\/figcaption>\n\t\t\t\t\t\t\t\t\t\t<\/figure>\n\t\t\t\t\t\t\t\t\t<\/div>\n\t\t\t\t<\/div>\n\t\t\t\t\t<\/div>\n\t\t<\/div>\n\t\t\t\t<div class=\"elementor-column elementor-col-50 elementor-top-column elementor-element elementor-element-dcc53e7 sc_inner_width_none sc_content_align_inherit sc_layouts_column_icons_position_left sc_fly_static\" data-id=\"dcc53e7\" data-element_type=\"column\" data-e-type=\"column\">\n\t\t\t<div class=\"elementor-widget-wrap elementor-element-populated\">\n\t\t\t\t\t\t<div class=\"elementor-element elementor-element-165fb80 elementor-tabs-view-vertical sc_tabs_icon_position_left sc_fly_static elementor-widget elementor-widget-tabs\" data-id=\"165fb80\" data-element_type=\"widget\" data-e-type=\"widget\" data-widget_type=\"tabs.default\">\n\t\t\t\t<div class=\"elementor-widget-container\">\n\t\t\t\t\t\t\t<div class=\"elementor-tabs\">\n\t\t\t<div class=\"elementor-tabs-wrapper\" role=\"tablist\" >\n\t\t\t\t\t\t\t\t\t<div id=\"elementor-tab-title-2341\" class=\"elementor-tab-title elementor-tab-desktop-title\" aria-selected=\"true\" data-tab=\"1\" role=\"tab\" tabindex=\"0\" aria-controls=\"elementor-tab-content-2341\" aria-expanded=\"false\">Fluoreszenzangiographie<\/div>\n\t\t\t\t\t\t\t\t\t<div id=\"elementor-tab-title-2342\" class=\"elementor-tab-title elementor-tab-desktop-title\" aria-selected=\"false\" data-tab=\"2\" role=\"tab\" tabindex=\"-1\" aria-controls=\"elementor-tab-content-2342\" aria-expanded=\"false\">Optische Biometrie<\/div>\n\t\t\t\t\t\t\t\t\t<div id=\"elementor-tab-title-2343\" class=\"elementor-tab-title elementor-tab-desktop-title\" aria-selected=\"false\" data-tab=\"3\" role=\"tab\" tabindex=\"-1\" aria-controls=\"elementor-tab-content-2343\" aria-expanded=\"false\">Optische Coh\u00e4renztomographie (OCT) der Netzhaut<\/div>\n\t\t\t\t\t\t\t\t\t<div id=\"elementor-tab-title-2344\" class=\"elementor-tab-title elementor-tab-desktop-title\" aria-selected=\"false\" data-tab=\"4\" role=\"tab\" tabindex=\"-1\" aria-controls=\"elementor-tab-content-2344\" aria-expanded=\"false\">Pachymetrie<\/div>\n\t\t\t\t\t\t\t\t\t<div id=\"elementor-tab-title-2345\" class=\"elementor-tab-title elementor-tab-desktop-title\" aria-selected=\"false\" data-tab=\"5\" role=\"tab\" tabindex=\"-1\" aria-controls=\"elementor-tab-content-2345\" aria-expanded=\"false\">Papillentomographie (HRT) des Sehnervs<\/div>\n\t\t\t\t\t\t\t\t\t<div id=\"elementor-tab-title-2346\" class=\"elementor-tab-title elementor-tab-desktop-title\" aria-selected=\"false\" data-tab=\"6\" role=\"tab\" tabindex=\"-1\" aria-controls=\"elementor-tab-content-2346\" aria-expanded=\"false\">Scanning Laser Ophthalmoskopie<\/div>\n\t\t\t\t\t\t\t\t\t<div id=\"elementor-tab-title-2347\" class=\"elementor-tab-title elementor-tab-desktop-title\" aria-selected=\"false\" data-tab=\"7\" role=\"tab\" tabindex=\"-1\" aria-controls=\"elementor-tab-content-2347\" aria-expanded=\"false\">Scheimpflug Untersuchung des vorderen Augenabschnittes<\/div>\n\t\t\t\t\t\t\t<\/div>\n\t\t\t<div class=\"elementor-tabs-content-wrapper\" role=\"tablist\" aria-orientation=\"vertical\">\n\t\t\t\t\t\t\t\t\t<div class=\"elementor-tab-title elementor-tab-mobile-title\" aria-selected=\"true\" data-tab=\"1\" role=\"tab\" tabindex=\"0\" aria-controls=\"elementor-tab-content-2341\" aria-expanded=\"false\">Fluoreszenzangiographie<\/div>\n\t\t\t\t\t<div id=\"elementor-tab-content-2341\" class=\"elementor-tab-content elementor-clearfix\" data-tab=\"1\" role=\"tabpanel\" aria-labelledby=\"elementor-tab-title-2341\" tabindex=\"0\" hidden=\"false\"><p>Die Fluoreszenzangiographie wird eingesetzt, um Erkrankungen am Augenhintergrund zu diagnostizieren. Hierzu wird das Gef\u00e4\u00dfsystem der Netzhaut sowie der Aderhaut mithilfe spezieller Farbstoffe (Fluoreszein, Indocyaningr\u00fcn) sichtbar gemacht und mit einer Kamera aufgenommen.<\/p><p>Die Fluoreszezangiographie wird eingesetzt in der Diagnostik der altersbedingten Makuladegeneration, diabetischer Netzhautver\u00e4nderungen, bei Gef\u00e4\u00dfverschl\u00fcssen und unterschiedlichen entz\u00fcndlichen Erkrankungen.<\/p><\/div>\n\t\t\t\t\t\t\t\t\t<div class=\"elementor-tab-title elementor-tab-mobile-title\" aria-selected=\"false\" data-tab=\"2\" role=\"tab\" tabindex=\"-1\" aria-controls=\"elementor-tab-content-2342\" aria-expanded=\"false\">Optische Biometrie<\/div>\n\t\t\t\t\t<div id=\"elementor-tab-content-2342\" class=\"elementor-tab-content elementor-clearfix\" data-tab=\"2\" role=\"tabpanel\" aria-labelledby=\"elementor-tab-title-2342\" tabindex=\"0\" hidden=\"hidden\"><p>Bei der Operation des grauen Stars (Katarakt) wird die getr\u00fcbte nat\u00fcrliche Linse gegen eine klare Kunstlinse ausgetauscht. Um einen optimalen Operationserfolg zu erreichen, muss das Auge vor der Operation pr\u00e4zise vermessen werden, um die optimale Linsest\u00e4rke berechnen zu k\u00f6nnen.<\/p><p>Die derzeit modernste Methodik\u00a0ist die hochpr\u00e4zise Vermessung des Auges mithilfe eines speziellen optischen Verfahrens.<\/p><p>Im Gegensatz zu dem \u00e4lteren Ultraschallverfahren ist die optische Biometrie komplett ber\u00fchrungsfrei und zeichnet sich durch eine hohe Zielgenauigkeit aus.<\/p><\/div>\n\t\t\t\t\t\t\t\t\t<div class=\"elementor-tab-title elementor-tab-mobile-title\" aria-selected=\"false\" data-tab=\"3\" role=\"tab\" tabindex=\"-1\" aria-controls=\"elementor-tab-content-2343\" aria-expanded=\"false\">Optische Coh\u00e4renztomographie (OCT) der Netzhaut<\/div>\n\t\t\t\t\t<div id=\"elementor-tab-content-2343\" class=\"elementor-tab-content elementor-clearfix\" data-tab=\"3\" role=\"tabpanel\" aria-labelledby=\"elementor-tab-title-2343\" tabindex=\"0\" hidden=\"hidden\"><div class=\"csc-header csc-header-n4 ka-handler\"><p>Mit Hilfe der optischen Coh\u00e4renztomographie k\u00f6nnen die einzelnen Netzhautschichten untersucht und Ver\u00e4nderungen in der Netzhaut exakt lokalisiert werden. Die OCT Untersuchung ist ein wichtiger Baustein in der Diagnostik von Netzhauterkrankungen. Die Befunde der OCT Untersuchung sind in vielen F\u00e4llen f\u00fcr die Therapieentscheidung wegweisend. \u00dcber eine Messung der Netzhautdicke kann der Therapieerfolg bei verschiedenen Therapien exakt verfolgt werden.<\/p><\/div><div class=\"ka-content\"><p class=\"bodytext\">Einen besonderen Stellenwert hat die OCT Untersuchung bei der altersbedingten Makuladegeneration, bei diabetischen Netzhauterkrankungen, bei Gef\u00e4\u00dfverschl\u00fcssen, bei Membranen auf der Netzhautmitte (epiretinale Gliose) und Makulal\u00f6chern.<\/p><\/div><\/div>\n\t\t\t\t\t\t\t\t\t<div class=\"elementor-tab-title elementor-tab-mobile-title\" aria-selected=\"false\" data-tab=\"4\" role=\"tab\" tabindex=\"-1\" aria-controls=\"elementor-tab-content-2344\" aria-expanded=\"false\">Pachymetrie<\/div>\n\t\t\t\t\t<div id=\"elementor-tab-content-2344\" class=\"elementor-tab-content elementor-clearfix\" data-tab=\"4\" role=\"tabpanel\" aria-labelledby=\"elementor-tab-title-2344\" tabindex=\"0\" hidden=\"hidden\"><p data-sourcepos=\"5:1-5:419\">Bei der Pachymetrie handelt es sich um eine exakte Messung der Hornhautdicke. F\u00fcr die Interpretation des gemessenen Augeninnendrucks in der Diagnose und Therapie des gr\u00fcnen Stars (Glaukom) ist die Bestimmung der Hornhautdicke eine wichtige Voraussetzung, denn der tats\u00e4chliche Augeninnendruck ist von der Hornhautdicke abh\u00e4ngig. Durchgef\u00fchrt wird die Pachymetrie deshalb bei der Erstdiagnostik eines gr\u00fcnen Stars und bei einem erh\u00f6hten Augeninnendruck. \u2028Eingesetzt wird die Pachymetrie auch in der Diagnostik vor einem refraktiven Eingriff. Nur bei einer ausreichenden Hornhautdicke ist die Durchf\u00fchrung einer Laseroperation m\u00f6glich.<\/p><\/div>\n\t\t\t\t\t\t\t\t\t<div class=\"elementor-tab-title elementor-tab-mobile-title\" aria-selected=\"false\" data-tab=\"5\" role=\"tab\" tabindex=\"-1\" aria-controls=\"elementor-tab-content-2345\" aria-expanded=\"false\">Papillentomographie (HRT) des Sehnervs<\/div>\n\t\t\t\t\t<div id=\"elementor-tab-content-2345\" class=\"elementor-tab-content elementor-clearfix\" data-tab=\"5\" role=\"tabpanel\" aria-labelledby=\"elementor-tab-title-2345\" tabindex=\"0\" hidden=\"hidden\"><p data-sourcepos=\"5:1-5:278\">Bei der Papillentomographie wird der Sehnervenkopf mithilfe eines computergesteuerten Lasersystems abgetastet und dreidimensional analysiert. Die Papillentomographie wird zur Fr\u00fcherkennung des gr\u00fcnen Stars (Glaukom) eingesetzt. Mit dieser Untersuchungsmethode kann der Therapieerfolg bei der Behandlung des gr\u00fcnen Stars \u00fcberwacht werden. Ver\u00e4nderungen des Sehnervs k\u00f6nnen mit der Papillentomographie fr\u00fcher und deutlicher festgestellt werden als mit anderen Untersuchungsmethoden. Regelm\u00e4\u00dfige Untersuchungen geben dem Augenarzt wertvolle Hinweise f\u00fcr seine Therapieentscheidung.<\/p><\/div>\n\t\t\t\t\t\t\t\t\t<div class=\"elementor-tab-title elementor-tab-mobile-title\" aria-selected=\"false\" data-tab=\"6\" role=\"tab\" tabindex=\"-1\" aria-controls=\"elementor-tab-content-2346\" aria-expanded=\"false\">Scanning Laser Ophthalmoskopie<\/div>\n\t\t\t\t\t<div id=\"elementor-tab-content-2346\" class=\"elementor-tab-content elementor-clearfix\" data-tab=\"6\" role=\"tabpanel\" aria-labelledby=\"elementor-tab-title-2346\" tabindex=\"0\" hidden=\"hidden\"><p>Bei der Scanning Laser Ophthalmoskopie (SLO) wird die Netzhaut und die Aderhaut des Auges auf krankhafte Ver\u00e4nderungen untersucht. Mittels Laserlicht unterschiedlicher Wellenl\u00e4ngen wird der Augenhintergrund dabei abgetastet und auf krankhafte Ver\u00e4nderungen untersucht.<\/p><p>Die SLO Untersuchung hat einen wichtigen Stellenwert bei der Erkennung der altersabh\u00e4ngigen Makuladegeneration (AMD), der diabetischen Netzhauterkrankung sowie verschiedenen anderen Erkrankungen des Augenhintergrundes und wird insbesondere in der Verlaufsbeurteilung eingesetzt. Eine Erweiterung der Pupille (medizinische Mydriasis) ist f\u00fcr die SLO Untersuchung nicht erforderlich.<\/p><\/div>\n\t\t\t\t\t\t\t\t\t<div class=\"elementor-tab-title elementor-tab-mobile-title\" aria-selected=\"false\" data-tab=\"7\" role=\"tab\" tabindex=\"-1\" aria-controls=\"elementor-tab-content-2347\" aria-expanded=\"false\">Scheimpflug Untersuchung des vorderen Augenabschnittes<\/div>\n\t\t\t\t\t<div id=\"elementor-tab-content-2347\" class=\"elementor-tab-content elementor-clearfix\" data-tab=\"7\" role=\"tabpanel\" aria-labelledby=\"elementor-tab-title-2347\" tabindex=\"0\" hidden=\"hidden\"><p>Die Untersuchung mit einer Scheimpflugkamera erm\u00f6glicht eine dreidimensionale Vermessung des vorderen Augenabschnittes. Die Untersuchung erlaubt die Beurteilung der Hornhautvorderfl\u00e4che und der Hornhautr\u00fcckfl\u00e4che, die fl\u00e4chige Bestimmung der Hornhautdicke, die Beurteilung der Vorderkammertiefe und die Erfassung von Linsentr\u00fcbungen beim Grauen Star (Katarakt).<\/p><p>Mit Hilfe moderner Analyseprogramme ist eine fr\u00fchzeitige Erkennung unterschiedlicher Hornhauterkrankungen wie beispielsweise des Keratokonus m\u00f6glich. Die Scheimpfluguntersuchung ist eine Routineuntersuchung vor der operativen Behandlung von Fehlsichtigkeiten (\u201eRefraktive Chirurgie\u201c) und der Implantation von Sonderlinsen bei der Behandlung des Grauen Stars.<\/p><\/div>\n\t\t\t\t\t\t\t<\/div>\n\t\t<\/div>\n\t\t\t\t\t\t<\/div>\n\t\t\t\t<\/div>\n\t\t\t\t\t<\/div>\n\t\t<\/div>\n\t\t\t\t\t<\/div>\n\t\t<\/section>\n\t\t\t\t<section class=\"elementor-section elementor-top-section elementor-element elementor-element-1344fc7 elementor-section-boxed elementor-section-height-default elementor-section-height-default animation_type_block sc_fly_static elementor-invisible\" data-id=\"1344fc7\" data-element_type=\"section\" data-e-type=\"section\" data-settings=\"{&quot;background_background&quot;:&quot;classic&quot;,&quot;animation&quot;:&quot;fadeInUp&quot;,&quot;_ha_eqh_enable&quot;:false}\">\n\t\t\t\t\t\t\t<div class=\"elementor-background-overlay\"><\/div>\n\t\t\t\t\t\t\t<div class=\"elementor-container elementor-column-gap-extended\">\n\t\t\t\t\t<div class=\"elementor-column elementor-col-100 elementor-top-column elementor-element elementor-element-282fb56 sc_inner_width_none sc_content_align_inherit sc_layouts_column_icons_position_left sc_fly_static\" data-id=\"282fb56\" data-element_type=\"column\" data-e-type=\"column\">\n\t\t\t<div class=\"elementor-widget-wrap elementor-element-populated\">\n\t\t\t\t\t\t<div class=\"elementor-element elementor-element-dadc83c sc_fly_static elementor-widget elementor-widget-trx_sc_title\" data-id=\"dadc83c\" data-element_type=\"widget\" data-e-type=\"widget\" data-widget_type=\"trx_sc_title.default\">\n\t\t\t\t<div class=\"elementor-widget-container\">\n\t\t\t\t\t<div\t\tclass=\"sc_title sc_title_default\" ><div class=\"sc_item_descr sc_title_descr sc_align_center sc_item_descr_with_custom_color trx_addons_inline_473878118\"><p>Wir legen gro\u00dfen Wert auf eine individuelle, pers\u00f6nliche und menschliche Beratung ohne den allgemeinen Zustand des Betroffenen aus dem Auge zu verlieren. Unterst\u00fctzt werden wir von modernster Technologie, die uns erlaubt neben der allgemeinen Augendiagnostik eine Reihe von Spezialuntersuchungen durchf\u00fchren zu k\u00f6nnen. Bei der Untersuchung von Kindern und bei neuroophthalmologischen Problemen werden wir von einer Orthoptistin unterst\u00fctzt.<\/p>\n<\/div><\/div>\t\t\t\t<\/div>\n\t\t\t\t<\/div>\n\t\t\t\t\t<\/div>\n\t\t<\/div>\n\t\t\t\t\t<\/div>\n\t\t<\/section>\n\t\t\t\t<\/div>\n\t\t","protected":false},"excerpt":{"rendered":"<p>Moderne Augendiagnostik Die Augen sind unser wichtigstes Sinnesorgan. Dank der Fortschritte in der Medizin k\u00f6nnen viele Augenerkrankungen heute gut behandelt werden. Voraussetzung f\u00fcr eine effektive Therapie ist jedoch eine exakte&hellip;<\/p>\n","protected":false},"author":2,"featured_media":26943,"parent":0,"menu_order":0,"comment_status":"closed","ping_status":"closed","template":"elementor_header_footer","meta":{"footnotes":""},"class_list":["post-27903","page","type-page","status-publish","has-post-thumbnail","hentry"],"_links":{"self":[{"href":"https:\/\/eyedoc-ahmedgalal.com\/de\/wp-json\/wp\/v2\/pages\/27903","targetHints":{"allow":["GET"]}}],"collection":[{"href":"https:\/\/eyedoc-ahmedgalal.com\/de\/wp-json\/wp\/v2\/pages"}],"about":[{"href":"https:\/\/eyedoc-ahmedgalal.com\/de\/wp-json\/wp\/v2\/types\/page"}],"author":[{"embeddable":true,"href":"https:\/\/eyedoc-ahmedgalal.com\/de\/wp-json\/wp\/v2\/users\/2"}],"replies":[{"embeddable":true,"href":"https:\/\/eyedoc-ahmedgalal.com\/de\/wp-json\/wp\/v2\/comments?post=27903"}],"version-history":[{"count":4,"href":"https:\/\/eyedoc-ahmedgalal.com\/de\/wp-json\/wp\/v2\/pages\/27903\/revisions"}],"predecessor-version":[{"id":27907,"href":"https:\/\/eyedoc-ahmedgalal.com\/de\/wp-json\/wp\/v2\/pages\/27903\/revisions\/27907"}],"wp:featuredmedia":[{"embeddable":true,"href":"https:\/\/eyedoc-ahmedgalal.com\/de\/wp-json\/wp\/v2\/media\/26943"}],"wp:attachment":[{"href":"https:\/\/eyedoc-ahmedgalal.com\/de\/wp-json\/wp\/v2\/media?parent=27903"}],"curies":[{"name":"wp","href":"https:\/\/api.w.org\/{rel}","templated":true}]}}