{"id":27910,"date":"2024-09-22T17:50:45","date_gmt":"2024-09-22T17:50:45","guid":{"rendered":"https:\/\/eyedoc-ahmedgalal.com\/contact-lens-studio\/"},"modified":"2024-11-19T20:45:23","modified_gmt":"2024-11-19T20:45:23","slug":"contact-lens-studio","status":"publish","type":"page","link":"https:\/\/eyedoc-ahmedgalal.com\/de\/contact-lens-studio\/","title":{"rendered":"Kontaktlinsen Studio Regensburg"},"content":{"rendered":"\t\t<div data-elementor-type=\"wp-page\" data-elementor-id=\"27910\" class=\"elementor elementor-27910 elementor-24311\" data-elementor-settings=\"{&quot;ha_cmc_init_switcher&quot;:&quot;no&quot;}\">\n\t\t\t\t\t\t<section class=\"elementor-section elementor-top-section elementor-element elementor-element-536f081 elementor-section-content-middle elementor-reverse-mobile elementor-section-boxed elementor-section-height-default elementor-section-height-default sc_fly_static\" data-id=\"536f081\" data-element_type=\"section\" data-e-type=\"section\" data-settings=\"{&quot;background_background&quot;:&quot;classic&quot;,&quot;_ha_eqh_enable&quot;:false}\">\n\t\t\t\t\t\t<div class=\"elementor-container elementor-column-gap-default\">\n\t\t\t\t\t<div class=\"elementor-column elementor-col-50 elementor-top-column elementor-element elementor-element-217408b sc_inner_width_none sc_content_align_inherit sc_layouts_column_icons_position_left sc_fly_static\" data-id=\"217408b\" data-element_type=\"column\" data-e-type=\"column\">\n\t\t\t<div class=\"elementor-widget-wrap elementor-element-populated\">\n\t\t\t\t\t\t<div class=\"elementor-element elementor-element-41edfa7 sc_layouts_hide_on_tablet sc_fly_static elementor-widget elementor-widget-spacer\" data-id=\"41edfa7\" data-element_type=\"widget\" data-e-type=\"widget\" data-widget_type=\"spacer.default\">\n\t\t\t\t<div class=\"elementor-widget-container\">\n\t\t\t\t\t\t\t<div class=\"elementor-spacer\">\n\t\t\t<div class=\"elementor-spacer-inner\"><\/div>\n\t\t<\/div>\n\t\t\t\t\t\t<\/div>\n\t\t\t\t<\/div>\n\t\t\t\t<div class=\"elementor-element elementor-element-d97e915 no-title sc_fly_static elementor-widget elementor-widget-image\" data-id=\"d97e915\" data-element_type=\"widget\" data-e-type=\"widget\" data-widget_type=\"image.default\">\n\t\t\t\t<div class=\"elementor-widget-container\">\n\t\t\t\t\t\t\t\t\t\t\t\t\t\t\t<img fetchpriority=\"high\" decoding=\"async\" width=\"1211\" height=\"631\" src=\"https:\/\/eyedoc-ahmedgalal.com\/wp-content\/uploads\/2024\/09\/Contact-Lens-e1727094880603.png\" class=\"attachment-full size-full wp-image-24859\" alt=\"\" srcset=\"https:\/\/eyedoc-ahmedgalal.com\/wp-content\/uploads\/2024\/09\/Contact-Lens-e1727094880603.png 1211w, https:\/\/eyedoc-ahmedgalal.com\/wp-content\/uploads\/2024\/09\/Contact-Lens-e1727094880603-300x156.png 300w, https:\/\/eyedoc-ahmedgalal.com\/wp-content\/uploads\/2024\/09\/Contact-Lens-e1727094880603-1024x534.png 1024w, https:\/\/eyedoc-ahmedgalal.com\/wp-content\/uploads\/2024\/09\/Contact-Lens-e1727094880603-768x400.png 768w, https:\/\/eyedoc-ahmedgalal.com\/wp-content\/uploads\/2024\/09\/Contact-Lens-e1727094880603-370x193.png 370w, https:\/\/eyedoc-ahmedgalal.com\/wp-content\/uploads\/2024\/09\/Contact-Lens-e1727094880603-840x438.png 840w, https:\/\/eyedoc-ahmedgalal.com\/wp-content\/uploads\/2024\/09\/Contact-Lens-e1727094880603-410x214.png 410w, https:\/\/eyedoc-ahmedgalal.com\/wp-content\/uploads\/2024\/09\/Contact-Lens-e1727094880603-600x313.png 600w\" sizes=\"(max-width: 1211px) 100vw, 1211px\" \/>\t\t\t\t\t\t\t\t\t\t\t\t\t\t\t<\/div>\n\t\t\t\t<\/div>\n\t\t\t\t\t<\/div>\n\t\t<\/div>\n\t\t\t\t<div class=\"elementor-column elementor-col-50 elementor-top-column elementor-element elementor-element-347bb79 sc_inner_width_none sc_content_align_inherit sc_layouts_column_icons_position_left sc_fly_static\" data-id=\"347bb79\" data-element_type=\"column\" data-e-type=\"column\">\n\t\t\t<div class=\"elementor-widget-wrap elementor-element-populated\">\n\t\t\t\t\t\t<div class=\"elementor-element elementor-element-d86c0c6 sc_fly_static elementor-widget elementor-widget-trx_sc_title\" data-id=\"d86c0c6\" data-element_type=\"widget\" data-e-type=\"widget\" data-widget_type=\"trx_sc_title.default\">\n\t\t\t\t<div class=\"elementor-widget-container\">\n\t\t\t\t\t<div\t\tclass=\"sc_title sc_title_default\" ><h2 class=\"sc_item_title sc_title_title sc_item_title_style_default sc_item_title_tag\"\n\t\t\t><span class=\"sc_item_title_text\">Kontaktlinsen Studio Regensburg\n<\/span><\/h2><div class=\"sc_item_descr sc_title_descr\"><p>In dem Kontaktlinsenstudio unserer renommierten Augenklinik bieten wir Ihnen modernste Versorgungsm\u00f6glichkeiten rund um Kontaktlinsen \u2013 sowohl f\u00fcr den Alltag als auch bei komplexen Augenerkrankungen. Unser Team aus erfahrenen Optikern unter der Leitung von Frau Kreuter und  die Augen\u00e4rzte der Augenklinik Regensburg arbeiten Hand in Hand, um Ihnen eine optimale Sehl\u00f6sung zu erm\u00f6glichen.<\/p>\n<\/div><\/div>\t\t\t\t<\/div>\n\t\t\t\t<\/div>\n\t\t\t\t<section class=\"elementor-section elementor-inner-section elementor-element elementor-element-07f6b1d elementor-section-full_width sc_section_toggle_on elementor-section-height-default elementor-section-height-default sc_section_toggle_state_show sc_fly_static\" data-id=\"07f6b1d\" data-element_type=\"section\" data-e-type=\"section\" data-settings=\"{&quot;_ha_eqh_enable&quot;:false}\">\n\t\t\t\t\t\t<div class=\"elementor-container elementor-column-gap-extended\">\n\t\t\t\t\t<div class=\"elementor-column elementor-col-100 elementor-inner-column elementor-element elementor-element-d31f781 sc_inner_width_none sc_content_align_inherit sc_layouts_column_icons_position_left sc_fly_static\" data-id=\"d31f781\" data-element_type=\"column\" data-e-type=\"column\">\n\t\t\t<div class=\"elementor-widget-wrap elementor-element-populated\">\n\t\t\t\t\t\t<div class=\"elementor-element elementor-element-71a0394 sc_fly_static elementor-widget elementor-widget-trx_sc_title\" data-id=\"71a0394\" data-element_type=\"widget\" data-e-type=\"widget\" data-widget_type=\"trx_sc_title.default\">\n\t\t\t\t<div class=\"elementor-widget-container\">\n\t\t\t\t\t<div\t\tclass=\"sc_title sc_title_default\" ><h5 class=\"sc_item_title sc_title_title sc_item_title_style_default sc_item_title_tag\"\n\t\t\t><span class=\"sc_item_title_text\">Individuelle Versorgung f\u00fcr jedes Auge\n<\/span><\/h5><\/div>\t\t\t\t<\/div>\n\t\t\t\t<\/div>\n\t\t\t\t<div class=\"elementor-element elementor-element-6747638 sc_fly_static elementor-widget elementor-widget-text-editor\" data-id=\"6747638\" data-element_type=\"widget\" data-e-type=\"widget\" data-widget_type=\"text-editor.default\">\n\t\t\t\t<div class=\"elementor-widget-container\">\n\t\t\t\t\t\t\t\t\t<p>Ob Sie einfache Fehlsichtigkeiten wie Kurz- oder Weitsichtigkeit ausgleichen m\u00f6chten oder unter besonderen Augenerkrankungen wie einem Keratokonus leiden \u2013 wir finden f\u00fcr jeden Patienten die passende Kontaktlinse. Dank unserer speziellen Expertise und modernster Technik k\u00f6nnen wir auch bei schwierigen F\u00e4llen das Sehverm\u00f6gen sp\u00fcrbar verbessern.<\/p>\t\t\t\t\t\t\t\t<\/div>\n\t\t\t\t<\/div>\n\t\t\t\t\t<\/div>\n\t\t<\/div>\n\t\t\t\t\t<\/div>\n\t\t<\/section>\n\t\t\t\t<section class=\"elementor-section elementor-inner-section elementor-element elementor-element-81cc08b elementor-section-full_width sc_section_toggle_on elementor-section-height-default elementor-section-height-default sc_section_toggle_state_show sc_fly_static\" data-id=\"81cc08b\" data-element_type=\"section\" data-e-type=\"section\" data-settings=\"{&quot;_ha_eqh_enable&quot;:false}\">\n\t\t\t\t\t\t<div class=\"elementor-container elementor-column-gap-extended\">\n\t\t\t\t\t<div class=\"elementor-column elementor-col-100 elementor-inner-column elementor-element elementor-element-25410a1 sc_inner_width_none sc_content_align_inherit sc_layouts_column_icons_position_left sc_fly_static\" data-id=\"25410a1\" data-element_type=\"column\" data-e-type=\"column\">\n\t\t\t<div class=\"elementor-widget-wrap elementor-element-populated\">\n\t\t\t\t\t\t<div class=\"elementor-element elementor-element-b6b4762 sc_fly_static elementor-widget elementor-widget-trx_sc_title\" data-id=\"b6b4762\" data-element_type=\"widget\" data-e-type=\"widget\" data-widget_type=\"trx_sc_title.default\">\n\t\t\t\t<div class=\"elementor-widget-container\">\n\t\t\t\t\t<div\t\tclass=\"sc_title sc_title_default\" ><h5 class=\"sc_item_title sc_title_title sc_item_title_style_default sc_item_title_tag\"\n\t\t\t><span class=\"sc_item_title_text\">Kontaktlinsen f\u00fcr unbeschwertes Sehen\n<\/span><\/h5><\/div>\t\t\t\t<\/div>\n\t\t\t\t<\/div>\n\t\t\t\t<div class=\"elementor-element elementor-element-07a8e52 sc_fly_static elementor-widget elementor-widget-text-editor\" data-id=\"07a8e52\" data-element_type=\"widget\" data-e-type=\"widget\" data-widget_type=\"text-editor.default\">\n\t\t\t\t<div class=\"elementor-widget-container\">\n\t\t\t\t\t\t\t\t\t<p>Kontaktlinsen bieten Ihnen im Gegensatz zu Brillen ein uneingeschr\u00e4nktes Sichtfeld und ein nat\u00fcrliches Seherlebnis \u2013 ohne st\u00f6rende Brillengl\u00e4ser oder Fassungen. Sie sind ideal f\u00fcr den Alltag, Sport und jede Aktivit\u00e4t, bei der Bewegungsfreiheit und Komfort im Vordergrund stehen.<\/p>\t\t\t\t\t\t\t\t<\/div>\n\t\t\t\t<\/div>\n\t\t\t\t\t<\/div>\n\t\t<\/div>\n\t\t\t\t\t<\/div>\n\t\t<\/section>\n\t\t\t\t\t<\/div>\n\t\t<\/div>\n\t\t\t\t\t<\/div>\n\t\t<\/section>\n\t\t\t\t<section class=\"elementor-section elementor-top-section elementor-element elementor-element-7856b39 elementor-section-content-middle elementor-section-stretched elementor-section-boxed elementor-section-height-default elementor-section-height-default sc_fly_static\" data-id=\"7856b39\" data-element_type=\"section\" data-e-type=\"section\" data-settings=\"{&quot;background_background&quot;:&quot;classic&quot;,&quot;stretch_section&quot;:&quot;section-stretched&quot;,&quot;_ha_eqh_enable&quot;:false}\">\n\t\t\t\t\t\t<div class=\"elementor-container elementor-column-gap-extended\">\n\t\t\t\t\t<div class=\"elementor-column elementor-col-50 elementor-top-column elementor-element elementor-element-962ae20 sc_inner_width_none sc_content_align_inherit sc_layouts_column_icons_position_left sc_fly_static\" data-id=\"962ae20\" data-element_type=\"column\" data-e-type=\"column\">\n\t\t\t<div class=\"elementor-widget-wrap elementor-element-populated\">\n\t\t\t\t\t\t<div class=\"elementor-element elementor-element-12537f7 sc_layouts_hide_on_tablet sc_fly_static elementor-widget elementor-widget-spacer\" data-id=\"12537f7\" data-element_type=\"widget\" data-e-type=\"widget\" data-widget_type=\"spacer.default\">\n\t\t\t\t<div class=\"elementor-widget-container\">\n\t\t\t\t\t\t\t<div class=\"elementor-spacer\">\n\t\t\t<div class=\"elementor-spacer-inner\"><\/div>\n\t\t<\/div>\n\t\t\t\t\t\t<\/div>\n\t\t\t\t<\/div>\n\t\t\t\t<div class=\"elementor-element elementor-element-dc8f726 sc_fly_static elementor-widget elementor-widget-trx_sc_title\" data-id=\"dc8f726\" data-element_type=\"widget\" data-e-type=\"widget\" data-widget_type=\"trx_sc_title.default\">\n\t\t\t\t<div class=\"elementor-widget-container\">\n\t\t\t\t\t<div\t\tclass=\"sc_title sc_title_default\" ><h2 class=\"sc_item_title sc_title_title sc_item_title_style_default sc_item_title_tag\"\n\t\t\t><span class=\"sc_item_title_text\">Regelm\u00e4\u00dfige augen\u00e4rztliche Kontrolle\n<\/span><\/h2><div class=\"sc_item_descr sc_title_descr\"><p>Ihre Augengesundheit liegt uns am Herzen. Daher werden alle unsere Patienten regelm\u00e4\u00dfig von unseren Augen\u00e4rzten untersucht. So stellen wir sicher, dass Ihre Augen optimal versorgt sind und die Kontaktlinsen perfekt angepasst bleiben.<\/p>\n<\/div><\/div>\t\t\t\t<\/div>\n\t\t\t\t<\/div>\n\t\t\t\t<div class=\"elementor-element elementor-element-c3b89b3 sc_layouts_hide_on_tablet sc_fly_static elementor-widget elementor-widget-spacer\" data-id=\"c3b89b3\" data-element_type=\"widget\" data-e-type=\"widget\" data-widget_type=\"spacer.default\">\n\t\t\t\t<div class=\"elementor-widget-container\">\n\t\t\t\t\t\t\t<div class=\"elementor-spacer\">\n\t\t\t<div class=\"elementor-spacer-inner\"><\/div>\n\t\t<\/div>\n\t\t\t\t\t\t<\/div>\n\t\t\t\t<\/div>\n\t\t\t\t<div class=\"elementor-element elementor-element-77fa259 sc_fly_static elementor-widget elementor-widget-image\" data-id=\"77fa259\" data-element_type=\"widget\" data-e-type=\"widget\" data-widget_type=\"image.default\">\n\t\t\t\t<div class=\"elementor-widget-container\">\n\t\t\t\t\t\t\t\t\t\t\t\t\t\t\t<img decoding=\"async\" width=\"842\" height=\"572\" src=\"https:\/\/eyedoc-ahmedgalal.com\/wp-content\/uploads\/2024\/09\/Optometrist-Doing-Sight-Testing-For-Patient1-1.jpg\" class=\"attachment-large size-large wp-image-24918\" alt=\"\" srcset=\"https:\/\/eyedoc-ahmedgalal.com\/wp-content\/uploads\/2024\/09\/Optometrist-Doing-Sight-Testing-For-Patient1-1.jpg 842w, https:\/\/eyedoc-ahmedgalal.com\/wp-content\/uploads\/2024\/09\/Optometrist-Doing-Sight-Testing-For-Patient1-1-300x204.jpg 300w, https:\/\/eyedoc-ahmedgalal.com\/wp-content\/uploads\/2024\/09\/Optometrist-Doing-Sight-Testing-For-Patient1-1-768x522.jpg 768w, https:\/\/eyedoc-ahmedgalal.com\/wp-content\/uploads\/2024\/09\/Optometrist-Doing-Sight-Testing-For-Patient1-1-370x251.jpg 370w, https:\/\/eyedoc-ahmedgalal.com\/wp-content\/uploads\/2024\/09\/Optometrist-Doing-Sight-Testing-For-Patient1-1-840x571.jpg 840w, https:\/\/eyedoc-ahmedgalal.com\/wp-content\/uploads\/2024\/09\/Optometrist-Doing-Sight-Testing-For-Patient1-1-410x279.jpg 410w, https:\/\/eyedoc-ahmedgalal.com\/wp-content\/uploads\/2024\/09\/Optometrist-Doing-Sight-Testing-For-Patient1-1-600x408.jpg 600w\" sizes=\"(max-width: 842px) 100vw, 842px\" \/>\t\t\t\t\t\t\t\t\t\t\t\t\t\t\t<\/div>\n\t\t\t\t<\/div>\n\t\t\t\t<div class=\"elementor-element elementor-element-280f829 sc_layouts_hide_on_tablet sc_fly_static elementor-widget elementor-widget-spacer\" data-id=\"280f829\" data-element_type=\"widget\" data-e-type=\"widget\" data-widget_type=\"spacer.default\">\n\t\t\t\t<div class=\"elementor-widget-container\">\n\t\t\t\t\t\t\t<div class=\"elementor-spacer\">\n\t\t\t<div class=\"elementor-spacer-inner\"><\/div>\n\t\t<\/div>\n\t\t\t\t\t\t<\/div>\n\t\t\t\t<\/div>\n\t\t\t\t\t<\/div>\n\t\t<\/div>\n\t\t\t\t<div class=\"elementor-column elementor-col-50 elementor-top-column elementor-element elementor-element-00d2d72 sc_inner_width_none sc_content_align_inherit sc_layouts_column_icons_position_left sc_fly_static\" data-id=\"00d2d72\" data-element_type=\"column\" data-e-type=\"column\">\n\t\t\t<div class=\"elementor-widget-wrap elementor-element-populated\">\n\t\t\t\t\t\t<div class=\"elementor-element elementor-element-fa68063 elementor-widget__width-initial sc_fly_static elementor-widget elementor-widget-toggle\" data-id=\"fa68063\" data-element_type=\"widget\" data-e-type=\"widget\" data-widget_type=\"toggle.default\">\n\t\t\t\t<div class=\"elementor-widget-container\">\n\t\t\t\t\t\t\t<div class=\"elementor-toggle\">\n\t\t\t\t\t\t\t<div class=\"elementor-toggle-item\">\n\t\t\t\t\t<h5 id=\"elementor-tab-title-2621\" class=\"elementor-tab-title\" data-tab=\"1\" role=\"button\" aria-controls=\"elementor-tab-content-2621\" aria-expanded=\"false\">\n\t\t\t\t\t\t\t\t\t\t\t\t<span class=\"elementor-toggle-icon elementor-toggle-icon-right\" aria-hidden=\"true\">\n\t\t\t\t\t\t\t\t\t\t\t\t\t\t\t<span class=\"elementor-toggle-icon-closed\"><i class=\"fas fa-plus\"><\/i><\/span>\n\t\t\t\t\t\t\t\t<span class=\"elementor-toggle-icon-opened\"><i class=\"elementor-toggle-icon-opened fas fa-minus\"><\/i><\/span>\n\t\t\t\t\t\t\t\t\t\t\t\t\t<\/span>\n\t\t\t\t\t\t\t\t\t\t\t\t<a class=\"elementor-toggle-title\" tabindex=\"0\">Wer kann Kontaktlinsen tragen?<\/a>\n\t\t\t\t\t<\/h5>\n\n\t\t\t\t\t<div id=\"elementor-tab-content-2621\" class=\"elementor-tab-content elementor-clearfix\" data-tab=\"1\" role=\"region\" aria-labelledby=\"elementor-tab-title-2621\"><p data-sourcepos=\"3:1-3:524\">Eine Voraussetzung zum Kontaktlinsentragen ist die individuelle Eignung, d.h. die anatomischen Verh\u00e4ltnisse des Auges sowie die Motivation des werdenden Kontaktlinsentr\u00e4gers(in), aber allgemein auch die n\u00f6tige Hygiene beim Handhaben und Pflegen der Kontaktlinsen.<\/p><\/div>\n\t\t\t\t<\/div>\n\t\t\t\t\t\t\t<div class=\"elementor-toggle-item\">\n\t\t\t\t\t<h5 id=\"elementor-tab-title-2622\" class=\"elementor-tab-title\" data-tab=\"2\" role=\"button\" aria-controls=\"elementor-tab-content-2622\" aria-expanded=\"false\">\n\t\t\t\t\t\t\t\t\t\t\t\t<span class=\"elementor-toggle-icon elementor-toggle-icon-right\" aria-hidden=\"true\">\n\t\t\t\t\t\t\t\t\t\t\t\t\t\t\t<span class=\"elementor-toggle-icon-closed\"><i class=\"fas fa-plus\"><\/i><\/span>\n\t\t\t\t\t\t\t\t<span class=\"elementor-toggle-icon-opened\"><i class=\"elementor-toggle-icon-opened fas fa-minus\"><\/i><\/span>\n\t\t\t\t\t\t\t\t\t\t\t\t\t<\/span>\n\t\t\t\t\t\t\t\t\t\t\t\t<a class=\"elementor-toggle-title\" tabindex=\"0\">Welche Fehlsichtigkeiten sind korrigierbar?<\/a>\n\t\t\t\t\t<\/h5>\n\n\t\t\t\t\t<div id=\"elementor-tab-content-2622\" class=\"elementor-tab-content elementor-clearfix\" data-tab=\"2\" role=\"region\" aria-labelledby=\"elementor-tab-title-2622\"><ul><li>Fehlsichtigkeiten jeglicher Gr\u00f6\u00dfe (Kurzsichtigkeit\/Weitsichtigkeit)<\/li><li>Astigmatismus jeglicher Gr\u00f6\u00dfe (Hornhautverkr\u00fcmmung)<\/li><li>Presbyopie (Altersweitsichtigkeit)<\/li><li>Irregul\u00e4re Hornhautverkr\u00fcmmung<\/li><li>Keratokonus<\/li><li>Anisometropie (Ungleichsichtigkeit beider Augen)<\/li><li>Irisdefekte<\/li><li>\u00a0<\/li><\/ul><\/div>\n\t\t\t\t<\/div>\n\t\t\t\t\t\t\t<div class=\"elementor-toggle-item\">\n\t\t\t\t\t<h5 id=\"elementor-tab-title-2623\" class=\"elementor-tab-title\" data-tab=\"3\" role=\"button\" aria-controls=\"elementor-tab-content-2623\" aria-expanded=\"false\">\n\t\t\t\t\t\t\t\t\t\t\t\t<span class=\"elementor-toggle-icon elementor-toggle-icon-right\" aria-hidden=\"true\">\n\t\t\t\t\t\t\t\t\t\t\t\t\t\t\t<span class=\"elementor-toggle-icon-closed\"><i class=\"fas fa-plus\"><\/i><\/span>\n\t\t\t\t\t\t\t\t<span class=\"elementor-toggle-icon-opened\"><i class=\"elementor-toggle-icon-opened fas fa-minus\"><\/i><\/span>\n\t\t\t\t\t\t\t\t\t\t\t\t\t<\/span>\n\t\t\t\t\t\t\t\t\t\t\t\t<a class=\"elementor-toggle-title\" tabindex=\"0\">Verschiedene Gr\u00fcnde k\u00f6nnen das Tragen von Kontaktlinsen sinnvoll bzw. notwendig machen<\/a>\n\t\t\t\t\t<\/h5>\n\n\t\t\t\t\t<div id=\"elementor-tab-content-2623\" class=\"elementor-tab-content elementor-clearfix\" data-tab=\"3\" role=\"region\" aria-labelledby=\"elementor-tab-title-2623\"><ul><li>Beruf<\/li><li>Aphakie (Linsenlosigkeit)<\/li><li>Erkrankungen der Hornhaut (Bsp. Keratokonus\/Irregularit\u00e4ten\/Keratoplastik)<\/li><li>Flexibilit\u00e4t in Sport und Freizeit<\/li><li>\u00c4sthetik<\/li><li>\u00a0<\/li><\/ul><\/div>\n\t\t\t\t<\/div>\n\t\t\t\t\t\t\t<div class=\"elementor-toggle-item\">\n\t\t\t\t\t<h5 id=\"elementor-tab-title-2624\" class=\"elementor-tab-title\" data-tab=\"4\" role=\"button\" aria-controls=\"elementor-tab-content-2624\" aria-expanded=\"false\">\n\t\t\t\t\t\t\t\t\t\t\t\t<span class=\"elementor-toggle-icon elementor-toggle-icon-right\" aria-hidden=\"true\">\n\t\t\t\t\t\t\t\t\t\t\t\t\t\t\t<span class=\"elementor-toggle-icon-closed\"><i class=\"fas fa-plus\"><\/i><\/span>\n\t\t\t\t\t\t\t\t<span class=\"elementor-toggle-icon-opened\"><i class=\"elementor-toggle-icon-opened fas fa-minus\"><\/i><\/span>\n\t\t\t\t\t\t\t\t\t\t\t\t\t<\/span>\n\t\t\t\t\t\t\t\t\t\t\t\t<a class=\"elementor-toggle-title\" tabindex=\"0\">Formstabile (harte) Kontaktlinsen<\/a>\n\t\t\t\t\t<\/h5>\n\n\t\t\t\t\t<div id=\"elementor-tab-content-2624\" class=\"elementor-tab-content elementor-clearfix\" data-tab=\"4\" role=\"region\" aria-labelledby=\"elementor-tab-title-2624\"><div class=\"flex_column av-4bsdsf-02d3461f7945b6640a9da69f4796280a av_two_third  avia-builder-el-2  el_after_av_hr  el_before_av_one_third  first flex_column_div av-zero-column-padding  \"><div class=\"togglecontainer av-6au1ge-e85569640c1d1e388ff0b91cc4ed662e avia-builder-el-6 el_after_av_hr avia-builder-el-last toggle_close_all enable_toggles\"><section class=\"av_toggle_section av-4gba1a-d45e5fff1e655a7a3085bac1a7944e46\"><div class=\"single_toggle\" role=\"tablist\" data-tags=\"{Alle} \"><div id=\"toggle-id-4\" class=\"toggle_wrap av-title-above active_tc\" tabindex=\"0\" role=\"region\" aria-labelledby=\"toggle-toggle-id-4\" aria-hidden=\"false\"><div class=\"toggle_content invers-color \"><p>Formstabile Kontaktlinsen haben eine feste, genau definierte Form und m\u00fcssen exakt auf die individuellen Gegebenheiten am Auge angepasst werden. Die modernen Materialien sind sehr sauerstoffdurchl\u00e4ssig, was das Tragen angenehmer macht. Da sie kaum Fl\u00fcssigkeit aufnehmen k\u00f6nnen, sind auch \u201etrockene Augen\u201c versorgbar.<\/p><\/div><\/div><\/div><\/section><section class=\"av_toggle_section av-2hj9n2-23119d33c44b93998e47658933d45060\"><div class=\"single_toggle\" role=\"tablist\" data-tags=\"{Alle} \"><p id=\"toggle-toggle-id-5\" class=\"toggler av-title-above\" tabindex=\"0\" role=\"tab\" data-fake-id=\"#toggle-id-5\" aria-controls=\"toggle-id-5\" data-slide-speed=\"200\" data-title=\"Weiche Kontaktlinsen\" data-title-open=\"\" data-aria_collapsed=\"Click to expand: Weiche Kontaktlinsen\" data-aria_expanded=\"Click to collapse: Weiche Kontaktlinsen\" aria-expanded=\"false\" aria-label=\"Click to expand: Weiche Kontaktlinsen\">Weiche Kontaktlinsen<\/p><\/div><\/section><\/div><\/div><\/div>\n\t\t\t\t<\/div>\n\t\t\t\t\t\t\t<div class=\"elementor-toggle-item\">\n\t\t\t\t\t<h5 id=\"elementor-tab-title-2625\" class=\"elementor-tab-title\" data-tab=\"5\" role=\"button\" aria-controls=\"elementor-tab-content-2625\" aria-expanded=\"false\">\n\t\t\t\t\t\t\t\t\t\t\t\t<span class=\"elementor-toggle-icon elementor-toggle-icon-right\" aria-hidden=\"true\">\n\t\t\t\t\t\t\t\t\t\t\t\t\t\t\t<span class=\"elementor-toggle-icon-closed\"><i class=\"fas fa-plus\"><\/i><\/span>\n\t\t\t\t\t\t\t\t<span class=\"elementor-toggle-icon-opened\"><i class=\"elementor-toggle-icon-opened fas fa-minus\"><\/i><\/span>\n\t\t\t\t\t\t\t\t\t\t\t\t\t<\/span>\n\t\t\t\t\t\t\t\t\t\t\t\t<a class=\"elementor-toggle-title\" tabindex=\"0\">Weiche Kontaktlinsen<\/a>\n\t\t\t\t\t<\/h5>\n\n\t\t\t\t\t<div id=\"elementor-tab-content-2625\" class=\"elementor-tab-content elementor-clearfix\" data-tab=\"5\" role=\"region\" aria-labelledby=\"elementor-tab-title-2625\"><div class=\"flex_column av-4bsdsf-02d3461f7945b6640a9da69f4796280a av_two_third  avia-builder-el-2  el_after_av_hr  el_before_av_one_third  first flex_column_div av-zero-column-padding  \"><div class=\"togglecontainer av-6au1ge-e85569640c1d1e388ff0b91cc4ed662e avia-builder-el-6 el_after_av_hr avia-builder-el-last toggle_close_all enable_toggles\"><section class=\"av_toggle_section av-2hj9n2-23119d33c44b93998e47658933d45060\"><div class=\"single_toggle\" role=\"tablist\" data-tags=\"{Alle} \"><div id=\"toggle-id-5\" class=\"toggle_wrap av-title-above active_tc\" tabindex=\"0\" role=\"region\" aria-labelledby=\"toggle-toggle-id-5\" aria-hidden=\"false\"><div class=\"toggle_content invers-color \"><p>Weiche Kontaktlinsen nehmen Tr\u00e4nenfl\u00fcssigkeit in sich auf und schmiegen sich dem Auge nahezu an. Die Spontanvertr\u00e4glichkeit ist sehr hoch. Durch die Fl\u00fcssigkeitsaufnahme werden auch Stoffwechselprodukte aufgenommen und der Tr\u00e4nenfilm reduziert.<\/p><\/div><\/div><\/div><\/section><\/div><\/div><div class=\"flex_column av-er80n-3fc2e56e840bbd63c005e3002617c4e2 av_one_third  avia-builder-el-7  el_after_av_two_third  el_before_av_hr  flex_column_div av-zero-column-padding  \">\u00a0<\/div><\/div>\n\t\t\t\t<\/div>\n\t\t\t\t\t\t\t\t<\/div>\n\t\t\t\t\t\t<\/div>\n\t\t\t\t<\/div>\n\t\t\t\t\t<\/div>\n\t\t<\/div>\n\t\t\t\t\t<\/div>\n\t\t<\/section>\n\t\t\t\t<section class=\"elementor-section elementor-top-section elementor-element elementor-element-23cf65c elementor-section-boxed elementor-section-height-default elementor-section-height-default animation_type_block sc_fly_static elementor-invisible\" data-id=\"23cf65c\" data-element_type=\"section\" data-e-type=\"section\" data-settings=\"{&quot;background_background&quot;:&quot;classic&quot;,&quot;animation&quot;:&quot;fadeInUp&quot;,&quot;_ha_eqh_enable&quot;:false}\">\n\t\t\t\t\t\t\t<div class=\"elementor-background-overlay\"><\/div>\n\t\t\t\t\t\t\t<div class=\"elementor-container elementor-column-gap-extended\">\n\t\t\t\t\t<div class=\"elementor-column elementor-col-100 elementor-top-column elementor-element elementor-element-6051fba sc_inner_width_none sc_content_align_inherit sc_layouts_column_icons_position_left sc_fly_static\" data-id=\"6051fba\" data-element_type=\"column\" data-e-type=\"column\">\n\t\t\t<div class=\"elementor-widget-wrap elementor-element-populated\">\n\t\t\t\t\t\t<div class=\"elementor-element elementor-element-ef38115 sc_fly_static elementor-widget elementor-widget-trx_sc_title\" data-id=\"ef38115\" data-element_type=\"widget\" data-e-type=\"widget\" data-widget_type=\"trx_sc_title.default\">\n\t\t\t\t<div class=\"elementor-widget-container\">\n\t\t\t\t\t<div\t\tclass=\"sc_title sc_title_default\" ><div class=\"sc_item_descr sc_title_descr sc_align_center sc_item_descr_with_custom_color trx_addons_inline_30295094\"><p>Um zu entscheiden, welche Art von Kontaktlinse f\u00fcr Sie am besten geeignet ist, f\u00fchren wir mit Ihnen ein ausf\u00fchrliches Gespr\u00e4ch \u00fcber Ihre individuellen Tragevorstellungen und W\u00fcnsche. Hinzu kommt eine pr\u00e4zise Bestimmung der Fehlsichtigkeit, sowie die Untersuchung des vorderen Augenabschnitts mit Diagnoseger\u00e4ten. Entsprechende Kontaktlinsen k\u00f6nnen im Normalfall sofort angepasst werden. Wir informieren Sie au\u00dferdem ausf\u00fchrlich \u00fcber die notwendige Pflege, das Einsetzen und Entfernen der Kontaktlinsen und alle weiteren auftretenden Fragen.<\/p>\n<\/div><\/div>\t\t\t\t<\/div>\n\t\t\t\t<\/div>\n\t\t\t\t\t<\/div>\n\t\t<\/div>\n\t\t\t\t\t<\/div>\n\t\t<\/section>\n\t\t\t\t<\/div>\n\t\t","protected":false},"excerpt":{"rendered":"<p>Kontaktlinsen Studio Regensburg In dem Kontaktlinsenstudio unserer renommierten Augenklinik bieten wir Ihnen modernste Versorgungsm\u00f6glichkeiten rund um Kontaktlinsen \u2013 sowohl f\u00fcr den Alltag als auch bei komplexen Augenerkrankungen. Unser Team aus&hellip;<\/p>\n","protected":false},"author":2,"featured_media":26943,"parent":0,"menu_order":0,"comment_status":"closed","ping_status":"closed","template":"elementor_header_footer","meta":{"footnotes":""},"class_list":["post-27910","page","type-page","status-publish","has-post-thumbnail","hentry"],"_links":{"self":[{"href":"https:\/\/eyedoc-ahmedgalal.com\/de\/wp-json\/wp\/v2\/pages\/27910","targetHints":{"allow":["GET"]}}],"collection":[{"href":"https:\/\/eyedoc-ahmedgalal.com\/de\/wp-json\/wp\/v2\/pages"}],"about":[{"href":"https:\/\/eyedoc-ahmedgalal.com\/de\/wp-json\/wp\/v2\/types\/page"}],"author":[{"embeddable":true,"href":"https:\/\/eyedoc-ahmedgalal.com\/de\/wp-json\/wp\/v2\/users\/2"}],"replies":[{"embeddable":true,"href":"https:\/\/eyedoc-ahmedgalal.com\/de\/wp-json\/wp\/v2\/comments?post=27910"}],"version-history":[{"count":4,"href":"https:\/\/eyedoc-ahmedgalal.com\/de\/wp-json\/wp\/v2\/pages\/27910\/revisions"}],"predecessor-version":[{"id":27915,"href":"https:\/\/eyedoc-ahmedgalal.com\/de\/wp-json\/wp\/v2\/pages\/27910\/revisions\/27915"}],"wp:featuredmedia":[{"embeddable":true,"href":"https:\/\/eyedoc-ahmedgalal.com\/de\/wp-json\/wp\/v2\/media\/26943"}],"wp:attachment":[{"href":"https:\/\/eyedoc-ahmedgalal.com\/de\/wp-json\/wp\/v2\/media?parent=27910"}],"curies":[{"name":"wp","href":"https:\/\/api.w.org\/{rel}","templated":true}]}}