{"id":27916,"date":"2024-09-22T17:51:53","date_gmt":"2024-09-22T17:51:53","guid":{"rendered":"https:\/\/eyedoc-ahmedgalal.com\/eye-test-report\/"},"modified":"2024-11-19T20:55:09","modified_gmt":"2024-11-19T20:55:09","slug":"eye-test-report","status":"publish","type":"page","link":"https:\/\/eyedoc-ahmedgalal.com\/de\/eye-test-report\/","title":{"rendered":"Sehtest \/ Gutachten"},"content":{"rendered":"\t\t<div data-elementor-type=\"wp-page\" data-elementor-id=\"27916\" class=\"elementor elementor-27916 elementor-24313\" data-elementor-settings=\"{&quot;ha_cmc_init_switcher&quot;:&quot;no&quot;}\">\n\t\t\t\t\t\t<section class=\"elementor-section elementor-top-section elementor-element elementor-element-6409ddc elementor-section-content-middle elementor-section-boxed elementor-section-height-default elementor-section-height-default sc_fly_static\" data-id=\"6409ddc\" data-element_type=\"section\" data-e-type=\"section\" data-settings=\"{&quot;background_background&quot;:&quot;classic&quot;,&quot;_ha_eqh_enable&quot;:false}\">\n\t\t\t\t\t\t<div class=\"elementor-container elementor-column-gap-wide\">\n\t\t\t\t\t<div class=\"elementor-column elementor-col-50 elementor-top-column elementor-element elementor-element-7510376 sc_inner_width_none sc_content_align_inherit sc_layouts_column_icons_position_left sc_fly_static\" data-id=\"7510376\" data-element_type=\"column\" data-e-type=\"column\">\n\t\t\t<div class=\"elementor-widget-wrap elementor-element-populated\">\n\t\t\t\t\t\t<div class=\"elementor-element elementor-element-adcc477 no-title sc_fly_static elementor-widget elementor-widget-image\" data-id=\"adcc477\" data-element_type=\"widget\" data-e-type=\"widget\" data-widget_type=\"image.default\">\n\t\t\t\t<div class=\"elementor-widget-container\">\n\t\t\t\t\t\t\t\t\t\t\t\t\t\t\t<img fetchpriority=\"high\" decoding=\"async\" width=\"730\" height=\"380\" src=\"https:\/\/eyedoc-ahmedgalal.com\/wp-content\/uploads\/2024\/09\/what-does-20-40-vision-mean.jpg\" class=\"attachment-full size-full wp-image-24322\" alt=\"\" srcset=\"https:\/\/eyedoc-ahmedgalal.com\/wp-content\/uploads\/2024\/09\/what-does-20-40-vision-mean.jpg 730w, https:\/\/eyedoc-ahmedgalal.com\/wp-content\/uploads\/2024\/09\/what-does-20-40-vision-mean-300x156.jpg 300w, https:\/\/eyedoc-ahmedgalal.com\/wp-content\/uploads\/2024\/09\/what-does-20-40-vision-mean-370x193.jpg 370w, https:\/\/eyedoc-ahmedgalal.com\/wp-content\/uploads\/2024\/09\/what-does-20-40-vision-mean-410x213.jpg 410w, https:\/\/eyedoc-ahmedgalal.com\/wp-content\/uploads\/2024\/09\/what-does-20-40-vision-mean-600x312.jpg 600w\" sizes=\"(max-width: 730px) 100vw, 730px\" \/>\t\t\t\t\t\t\t\t\t\t\t\t\t\t\t<\/div>\n\t\t\t\t<\/div>\n\t\t\t\t\t<\/div>\n\t\t<\/div>\n\t\t\t\t<div class=\"elementor-column elementor-col-50 elementor-top-column elementor-element elementor-element-c33fce3 sc_inner_width_none sc_content_align_inherit sc_layouts_column_icons_position_left sc_fly_static\" data-id=\"c33fce3\" data-element_type=\"column\" data-e-type=\"column\">\n\t\t\t<div class=\"elementor-widget-wrap elementor-element-populated\">\n\t\t\t\t\t\t<div class=\"elementor-element elementor-element-f1e3f3f sc_fly_static elementor-widget elementor-widget-trx_sc_title\" data-id=\"f1e3f3f\" data-element_type=\"widget\" data-e-type=\"widget\" data-widget_type=\"trx_sc_title.default\">\n\t\t\t\t<div class=\"elementor-widget-container\">\n\t\t\t\t\t<div\t\tclass=\"sc_title sc_title_default\" ><h2 class=\"sc_item_title sc_title_title sc_item_title_style_default sc_item_title_tag\"\n\t\t\t><span class=\"sc_item_title_text\">Sehtest \/ Gutachten\n<\/span><\/h2><div class=\"sc_item_descr sc_title_descr\"><p>Sehtests stellen Ihre Augen auf die Probe. Sie dienen unter anderem der Pr\u00fcfung Ihrer Sehsch\u00e4rfe oder auch der Farberkennung. Die Sehst\u00e4rke ver\u00e4ndert sich schleichend, was nicht immer wahrgenommen wird. Daher k\u00f6nnten viele Menschen besser sehen \u2013 wenn sie sich regelm\u00e4\u00dfig testen und gegebenenfalls Korrekturen durchf\u00fchren lassen w\u00fcrden.<\/p>\n<\/div><\/div>\t\t\t\t<\/div>\n\t\t\t\t<\/div>\n\t\t\t\t<section class=\"elementor-section elementor-inner-section elementor-element elementor-element-aa1ea3d elementor-section-full_width sc_section_toggle_on elementor-section-height-default elementor-section-height-default sc_section_toggle_state_show sc_fly_static\" data-id=\"aa1ea3d\" data-element_type=\"section\" data-e-type=\"section\" data-settings=\"{&quot;_ha_eqh_enable&quot;:false}\">\n\t\t\t\t\t\t<div class=\"elementor-container elementor-column-gap-extended\">\n\t\t\t\t\t<div class=\"elementor-column elementor-col-50 elementor-inner-column elementor-element elementor-element-4f70586 sc_inner_width_none sc_content_align_inherit sc_layouts_column_icons_position_left sc_fly_static\" data-id=\"4f70586\" data-element_type=\"column\" data-e-type=\"column\">\n\t\t\t<div class=\"elementor-widget-wrap elementor-element-populated\">\n\t\t\t\t\t\t<div class=\"elementor-element elementor-element-cb2ca23 sc_fly_static elementor-widget elementor-widget-trx_sc_title\" data-id=\"cb2ca23\" data-element_type=\"widget\" data-e-type=\"widget\" data-widget_type=\"trx_sc_title.default\">\n\t\t\t\t<div class=\"elementor-widget-container\">\n\t\t\t\t\t<div\t\tclass=\"sc_title sc_title_default\" ><h5 class=\"sc_item_title sc_title_title sc_item_title_style_default sc_item_title_tag\"\n\t\t\t><span class=\"sc_item_title_text\">F\u00fchrerschein<\/span><\/h5><\/div>\t\t\t\t<\/div>\n\t\t\t\t<\/div>\n\t\t\t\t<div class=\"elementor-element elementor-element-2c00502 sc_fly_static elementor-widget elementor-widget-text-editor\" data-id=\"2c00502\" data-element_type=\"widget\" data-e-type=\"widget\" data-widget_type=\"text-editor.default\">\n\t\t\t\t<div class=\"elementor-widget-container\">\n\t\t\t\t\t\t\t\t\t<ul><li>PKW- Klassen B, BE, S<\/li><li>LKW-Klassen C, CE, C1, C1E<\/li><li>Bus-Klassen D, DE, D1, D1E<\/li><li>Motorrad-Klassen A, A1, M<\/li><li>Sonder-Klassen T, L<\/li><\/ul>\t\t\t\t\t\t\t\t<\/div>\n\t\t\t\t<\/div>\n\t\t\t\t\t<\/div>\n\t\t<\/div>\n\t\t\t\t<div class=\"elementor-column elementor-col-50 elementor-inner-column elementor-element elementor-element-66c7fc8 sc_inner_width_none sc_content_align_inherit sc_layouts_column_icons_position_left sc_fly_static\" data-id=\"66c7fc8\" data-element_type=\"column\" data-e-type=\"column\">\n\t\t\t<div class=\"elementor-widget-wrap elementor-element-populated\">\n\t\t\t\t\t\t<div class=\"elementor-element elementor-element-29a152a sc_fly_static elementor-widget elementor-widget-trx_sc_title\" data-id=\"29a152a\" data-element_type=\"widget\" data-e-type=\"widget\" data-widget_type=\"trx_sc_title.default\">\n\t\t\t\t<div class=\"elementor-widget-container\">\n\t\t\t\t\t<div\t\tclass=\"sc_title sc_title_default\" ><h5 class=\"sc_item_title sc_title_title sc_item_title_style_default sc_item_title_tag\"\n\t\t\t><span class=\"sc_item_title_text\">Wenn Beruf und Alltag es fordern: Wir bewerten Ihr Sehen.\n\n<\/span><\/h5><\/div>\t\t\t\t<\/div>\n\t\t\t\t<\/div>\n\t\t\t\t<div class=\"elementor-element elementor-element-1bb06ea sc_fly_static elementor-widget elementor-widget-text-editor\" data-id=\"1bb06ea\" data-element_type=\"widget\" data-e-type=\"widget\" data-widget_type=\"text-editor.default\">\n\t\t\t\t<div class=\"elementor-widget-container\">\n\t\t\t\t\t\t\t\t\t<ul><li>Polizeibewerber und -anw\u00e4rter<\/li><li>Bundeswehr<\/li><li>Flugtauglichkeit<\/li><li>Sportboot<\/li><li>Sportmedizinische Augenuntersuchung<\/li><\/ul>\t\t\t\t\t\t\t\t<\/div>\n\t\t\t\t<\/div>\n\t\t\t\t\t<\/div>\n\t\t<\/div>\n\t\t\t\t\t<\/div>\n\t\t<\/section>\n\t\t\t\t\t<\/div>\n\t\t<\/div>\n\t\t\t\t\t<\/div>\n\t\t<\/section>\n\t\t\t\t<section class=\"elementor-section elementor-top-section elementor-element elementor-element-933251d elementor-section-content-middle elementor-section-boxed elementor-section-height-default elementor-section-height-default sc_fly_static\" data-id=\"933251d\" data-element_type=\"section\" data-e-type=\"section\" data-settings=\"{&quot;background_background&quot;:&quot;classic&quot;,&quot;_ha_eqh_enable&quot;:false}\">\n\t\t\t\t\t\t<div class=\"elementor-container elementor-column-gap-extended\">\n\t\t\t\t\t<div class=\"elementor-column elementor-col-50 elementor-top-column elementor-element elementor-element-130106c sc_inner_width_none sc_content_align_inherit sc_layouts_column_icons_position_left sc_fly_static\" data-id=\"130106c\" data-element_type=\"column\" data-e-type=\"column\">\n\t\t\t<div class=\"elementor-widget-wrap elementor-element-populated\">\n\t\t\t\t\t\t<div class=\"elementor-element elementor-element-9337fd4 sc_fly_static elementor-widget elementor-widget-trx_sc_title\" data-id=\"9337fd4\" data-element_type=\"widget\" data-e-type=\"widget\" data-widget_type=\"trx_sc_title.default\">\n\t\t\t\t<div class=\"elementor-widget-container\">\n\t\t\t\t\t<div\t\tclass=\"sc_title sc_title_default\" ><h3 class=\"sc_item_title sc_title_title sc_item_title_style_default sc_item_title_tag\"\n\t\t\t><span class=\"sc_item_title_text\">F\u00fcr jedes dieser Gutachten gibt es Anforderungen, die erf\u00fcllt werden m\u00fcssen. Bei der Erstellung im Rahmen der \u00e4rztlichen Untersuchung stehen die grundlegenden Sehfunktionen im Vordergrund. Folgendes wird getestet:\n\n<\/span><\/h3><\/div>\t\t\t\t<\/div>\n\t\t\t\t<\/div>\n\t\t\t\t\t<\/div>\n\t\t<\/div>\n\t\t\t\t<div class=\"elementor-column elementor-col-50 elementor-top-column elementor-element elementor-element-49e6d44 sc_inner_width_none sc_content_align_inherit sc_layouts_column_icons_position_left sc_fly_static\" data-id=\"49e6d44\" data-element_type=\"column\" data-e-type=\"column\">\n\t\t\t<div class=\"elementor-widget-wrap elementor-element-populated\">\n\t\t\t\t\t\t<div class=\"elementor-element elementor-element-d1defe1 elementor-tabs-view-vertical sc_tabs_icon_position_left sc_fly_static elementor-widget elementor-widget-tabs\" data-id=\"d1defe1\" data-element_type=\"widget\" data-e-type=\"widget\" data-widget_type=\"tabs.default\">\n\t\t\t\t<div class=\"elementor-widget-container\">\n\t\t\t\t\t\t\t<div class=\"elementor-tabs\">\n\t\t\t<div class=\"elementor-tabs-wrapper\" role=\"tablist\" >\n\t\t\t\t\t\t\t\t\t<div id=\"elementor-tab-title-2201\" class=\"elementor-tab-title elementor-tab-desktop-title\" aria-selected=\"true\" data-tab=\"1\" role=\"tab\" tabindex=\"0\" aria-controls=\"elementor-tab-content-2201\" aria-expanded=\"false\">Tagessehsch\u00e4rfe<\/div>\n\t\t\t\t\t\t\t\t\t<div id=\"elementor-tab-title-2202\" class=\"elementor-tab-title elementor-tab-desktop-title\" aria-selected=\"false\" data-tab=\"2\" role=\"tab\" tabindex=\"-1\" aria-controls=\"elementor-tab-content-2202\" aria-expanded=\"false\">Gesichtsfeld<\/div>\n\t\t\t\t\t\t\t\t\t<div id=\"elementor-tab-title-2203\" class=\"elementor-tab-title elementor-tab-desktop-title\" aria-selected=\"false\" data-tab=\"3\" role=\"tab\" tabindex=\"-1\" aria-controls=\"elementor-tab-content-2203\" aria-expanded=\"false\">D\u00e4mmerungsverm\u00f6gen und Blendempfindlichkeit<\/div>\n\t\t\t\t\t\t\t\t\t<div id=\"elementor-tab-title-2204\" class=\"elementor-tab-title elementor-tab-desktop-title\" aria-selected=\"false\" data-tab=\"4\" role=\"tab\" tabindex=\"-1\" aria-controls=\"elementor-tab-content-2204\" aria-expanded=\"false\">Augenstellung und Augenbeweglichkeit<\/div>\n\t\t\t\t\t\t\t\t\t<div id=\"elementor-tab-title-2205\" class=\"elementor-tab-title elementor-tab-desktop-title\" aria-selected=\"false\" data-tab=\"5\" role=\"tab\" tabindex=\"-1\" aria-controls=\"elementor-tab-content-2205\" aria-expanded=\"false\">Farbensehen<\/div>\n\t\t\t\t\t\t\t<\/div>\n\t\t\t<div class=\"elementor-tabs-content-wrapper\" role=\"tablist\" aria-orientation=\"vertical\">\n\t\t\t\t\t\t\t\t\t<div class=\"elementor-tab-title elementor-tab-mobile-title\" aria-selected=\"true\" data-tab=\"1\" role=\"tab\" tabindex=\"0\" aria-controls=\"elementor-tab-content-2201\" aria-expanded=\"false\">Tagessehsch\u00e4rfe<\/div>\n\t\t\t\t\t<div id=\"elementor-tab-content-2201\" class=\"elementor-tab-content elementor-clearfix\" data-tab=\"1\" role=\"tabpanel\" aria-labelledby=\"elementor-tab-title-2201\" tabindex=\"0\" hidden=\"false\"><div class=\"flex_column av-4bsdsf-1983803f9adfe24e39bd3805ddde6b28 av_two_third  avia-builder-el-4  el_after_av_one_third  el_before_av_hr  flex_column_div av-zero-column-padding  \"><div class=\"tabcontainer av-jr3q6a01-a11897bc9e231ef91419e70f02a8d40e sidebar_tab sidebar_tab_left  avia-builder-el-9  el_after_av_textblock  avia-builder-el-last  noborder_tabs\"><section class=\"av_tab_section av_tab_section av-batt28-6b664f3927ccd92012c31be09b7916e7\"><div id=\"tab-id-1-content\" class=\"tab_content active_tab_content\" role=\"tabpanel\" aria-labelledby=\"tab-id-1-tab\" aria-hidden=\"false\"><div class=\"tab_inner_content invers-color\"><p>Die Sehsch\u00e4rfe ist die F\u00e4higkeit des Auges, kleine Objekte detailreich bzw. kontrastreich aufzul\u00f6sen. Die Pr\u00fcfung der Sehsch\u00e4rfe f\u00fcr Gutachten geschieht meist mit Hilfe der sogenannten Landolt-Ringe (verschieden gro\u00dfe Kreise mit einer \u00d6ffnung an einer beliebigen Stelle, der Patient muss den Ort der \u00d6ffnung erkennen k\u00f6nnen).<\/p><\/div><\/div><\/section><\/div><\/div><\/div>\n\t\t\t\t\t\t\t\t\t<div class=\"elementor-tab-title elementor-tab-mobile-title\" aria-selected=\"false\" data-tab=\"2\" role=\"tab\" tabindex=\"-1\" aria-controls=\"elementor-tab-content-2202\" aria-expanded=\"false\">Gesichtsfeld<\/div>\n\t\t\t\t\t<div id=\"elementor-tab-content-2202\" class=\"elementor-tab-content elementor-clearfix\" data-tab=\"2\" role=\"tabpanel\" aria-labelledby=\"elementor-tab-title-2202\" tabindex=\"0\" hidden=\"hidden\"><div class=\"flex_column av-4bsdsf-1983803f9adfe24e39bd3805ddde6b28 av_two_third  avia-builder-el-4  el_after_av_one_third  el_before_av_hr  flex_column_div av-zero-column-padding  \"><div class=\"tabcontainer av-jr3q6a01-a11897bc9e231ef91419e70f02a8d40e sidebar_tab sidebar_tab_left  avia-builder-el-9  el_after_av_textblock  avia-builder-el-last  noborder_tabs\"><section class=\"av_tab_section av_tab_section av-8hneio-ef42259d252decc485638115fb67c88d\"><div id=\"tab-id-2-content\" class=\"tab_content active_tab_content\" role=\"tabpanel\" aria-labelledby=\"tab-id-2-tab\" aria-hidden=\"false\"><div class=\"tab_inner_content invers-color\"><p>Das Gesichtsfeld entspricht dem Raum der Au\u00dfenwelt, der bei unbewegtem Auge auf der Retina (Netzhaut) abgebildet und wahrgenommen wird. Das Gesichtsfeld wird durch eine Perimetrie (Vermessung des Gesichtsfeldes) untersucht, besonderes Augenmerk liegt auf Skotomen (Gesichtsfeldausf\u00e4lle).<\/p><\/div><\/div><\/section><\/div><\/div><\/div>\n\t\t\t\t\t\t\t\t\t<div class=\"elementor-tab-title elementor-tab-mobile-title\" aria-selected=\"false\" data-tab=\"3\" role=\"tab\" tabindex=\"-1\" aria-controls=\"elementor-tab-content-2203\" aria-expanded=\"false\">D\u00e4mmerungsverm\u00f6gen und Blendempfindlichkeit<\/div>\n\t\t\t\t\t<div id=\"elementor-tab-content-2203\" class=\"elementor-tab-content elementor-clearfix\" data-tab=\"3\" role=\"tabpanel\" aria-labelledby=\"elementor-tab-title-2203\" tabindex=\"0\" hidden=\"hidden\"><div class=\"flex_column av-4bsdsf-1983803f9adfe24e39bd3805ddde6b28 av_two_third  avia-builder-el-4  el_after_av_one_third  el_before_av_hr  flex_column_div av-zero-column-padding  \"><div class=\"tabcontainer av-jr3q6a01-a11897bc9e231ef91419e70f02a8d40e sidebar_tab sidebar_tab_left  avia-builder-el-9  el_after_av_textblock  avia-builder-el-last  noborder_tabs\"><section class=\"av_tab_section av_tab_section av-7xfy8w-f06167b085e4f74e60fe21a633ed97de\"><div id=\"tab-id-3-content\" class=\"tab_content active_tab_content\" role=\"tabpanel\" aria-labelledby=\"tab-id-3-tab\" aria-hidden=\"false\"><div class=\"tab_inner_content invers-color\"><p>Gerade mit steigendem Alter ist das Sehen w\u00e4hrend der D\u00e4mmerung beeintr\u00e4chtigt. Diese Sehfunktion wird durch ein Sehsch\u00e4rfezeichen (z. B. Landolt-Ring) getestet, indem der Kontrast des Umfelds in Stufen verringert wird. Das geschieht solange, bis der Proband die \u00d6ffnung des Landolt-Ringes nicht mehr sehen kann.<\/p><\/div><\/div><\/section><\/div><\/div><\/div>\n\t\t\t\t\t\t\t\t\t<div class=\"elementor-tab-title elementor-tab-mobile-title\" aria-selected=\"false\" data-tab=\"4\" role=\"tab\" tabindex=\"-1\" aria-controls=\"elementor-tab-content-2204\" aria-expanded=\"false\">Augenstellung und Augenbeweglichkeit<\/div>\n\t\t\t\t\t<div id=\"elementor-tab-content-2204\" class=\"elementor-tab-content elementor-clearfix\" data-tab=\"4\" role=\"tabpanel\" aria-labelledby=\"elementor-tab-title-2204\" tabindex=\"0\" hidden=\"hidden\"><div class=\"flex_column av-4bsdsf-1983803f9adfe24e39bd3805ddde6b28 av_two_third  avia-builder-el-4  el_after_av_one_third  el_before_av_hr  flex_column_div av-zero-column-padding  \"><div class=\"tabcontainer av-jr3q6a01-a11897bc9e231ef91419e70f02a8d40e sidebar_tab sidebar_tab_left  avia-builder-el-9  el_after_av_textblock  avia-builder-el-last  noborder_tabs\"><section class=\"av_tab_section av_tab_section av-5g9uz4-f12fd5c5fc331a3452ae9a18063bba00\"><div id=\"tab-id-4-content\" class=\"tab_content active_tab_content\" role=\"tabpanel\" aria-labelledby=\"tab-id-4-tab\" aria-hidden=\"false\"><div class=\"tab_inner_content invers-color\"><p>Bei Fehlstellungen oder Einschr\u00e4nkung k\u00f6nnen Doppelbilder die Folge sein. Falls Strabismus (Schielen) oder Nystagmus (unkontrollierbare, rhythmische Bewegungen der Augen) keine Doppelbilder erzeugen, darf der Bewerber am Stra\u00dfenverkehr teilnehmen.<\/p><\/div><\/div><\/section><\/div><\/div><\/div>\n\t\t\t\t\t\t\t\t\t<div class=\"elementor-tab-title elementor-tab-mobile-title\" aria-selected=\"false\" data-tab=\"5\" role=\"tab\" tabindex=\"-1\" aria-controls=\"elementor-tab-content-2205\" aria-expanded=\"false\">Farbensehen<\/div>\n\t\t\t\t\t<div id=\"elementor-tab-content-2205\" class=\"elementor-tab-content elementor-clearfix\" data-tab=\"5\" role=\"tabpanel\" aria-labelledby=\"elementor-tab-title-2205\" tabindex=\"0\" hidden=\"hidden\"><div class=\"flex_column av-4bsdsf-1983803f9adfe24e39bd3805ddde6b28 av_two_third  avia-builder-el-4  el_after_av_one_third  el_before_av_hr  flex_column_div av-zero-column-padding  \"><div class=\"tabcontainer av-jr3q6a01-a11897bc9e231ef91419e70f02a8d40e sidebar_tab sidebar_tab_left  avia-builder-el-9  el_after_av_textblock  avia-builder-el-last  noborder_tabs\"><section class=\"av_tab_section av_tab_section av-4i82w0-a4bbb886c611e210bafd59c8dbc5d481\"><div id=\"tab-id-5-content\" class=\"tab_content active_tab_content\" role=\"tabpanel\" aria-labelledby=\"tab-id-5-tab\" aria-hidden=\"false\"><div class=\"tab_inner_content invers-color\"><p>Eine Rotschw\u00e4che wird z. B. mit den Ishihara-Sehtafeln bestimmt. Dabei handelt es sich um ein aus Punkten zusammengesetztes Bild. Die Punkte unterscheiden sich nur im Farbton, nicht aber in der Farbintensit\u00e4t. Der Proband muss anhand der Farbt\u00f6ne eine Zahl erkennen k\u00f6nnen.<\/p><\/div><\/div><\/section><\/div><\/div><\/div>\n\t\t\t\t\t\t\t<\/div>\n\t\t<\/div>\n\t\t\t\t\t\t<\/div>\n\t\t\t\t<\/div>\n\t\t\t\t\t<\/div>\n\t\t<\/div>\n\t\t\t\t\t<\/div>\n\t\t<\/section>\n\t\t\t\t<section class=\"elementor-section elementor-top-section elementor-element elementor-element-7906ecb elementor-section-boxed elementor-section-height-default elementor-section-height-default animation_type_block sc_fly_static elementor-invisible\" data-id=\"7906ecb\" data-element_type=\"section\" data-e-type=\"section\" data-settings=\"{&quot;background_background&quot;:&quot;classic&quot;,&quot;animation&quot;:&quot;fadeInUp&quot;,&quot;_ha_eqh_enable&quot;:false}\">\n\t\t\t\t\t\t\t<div class=\"elementor-background-overlay\"><\/div>\n\t\t\t\t\t\t\t<div class=\"elementor-container elementor-column-gap-extended\">\n\t\t\t\t\t<div class=\"elementor-column elementor-col-100 elementor-top-column elementor-element elementor-element-ec60f23 sc_inner_width_none sc_content_align_inherit sc_layouts_column_icons_position_left sc_fly_static\" data-id=\"ec60f23\" data-element_type=\"column\" data-e-type=\"column\">\n\t\t\t<div class=\"elementor-widget-wrap elementor-element-populated\">\n\t\t\t\t\t\t<div class=\"elementor-element elementor-element-fd5810d sc_fly_static elementor-widget elementor-widget-trx_sc_title\" data-id=\"fd5810d\" data-element_type=\"widget\" data-e-type=\"widget\" data-widget_type=\"trx_sc_title.default\">\n\t\t\t\t<div class=\"elementor-widget-container\">\n\t\t\t\t\t<div\t\tclass=\"sc_title sc_title_default\" ><div class=\"sc_item_descr sc_title_descr sc_align_center sc_item_descr_with_custom_color trx_addons_inline_134418160\"><p>Sehhilfen, wie eine Brille oder Kontaktlinsen, sollten unbedingt zur Untersuchung mitgebracht werden. Werden die Kriterien nur mit Hilfe dieser Sehhilfen erreicht, muss dies auf den Gutachten vermerkt werden.<\/p>\n<p>Alle Gutachten sind in der Regel Wahlleistungen aus den Individuellen Gesundheitsleistungen (IGeL), die selbst bezahlt werden m\u00fcssen.<\/p>\n<\/div><\/div>\t\t\t\t<\/div>\n\t\t\t\t<\/div>\n\t\t\t\t\t<\/div>\n\t\t<\/div>\n\t\t\t\t\t<\/div>\n\t\t<\/section>\n\t\t\t\t<\/div>\n\t\t","protected":false},"excerpt":{"rendered":"<p>Sehtest \/ Gutachten Sehtests stellen Ihre Augen auf die Probe. Sie dienen unter anderem der Pr\u00fcfung Ihrer Sehsch\u00e4rfe oder auch der Farberkennung. Die Sehst\u00e4rke ver\u00e4ndert sich schleichend, was nicht immer&hellip;<\/p>\n","protected":false},"author":2,"featured_media":26943,"parent":0,"menu_order":0,"comment_status":"closed","ping_status":"closed","template":"elementor_header_footer","meta":{"footnotes":""},"class_list":["post-27916","page","type-page","status-publish","has-post-thumbnail","hentry"],"_links":{"self":[{"href":"https:\/\/eyedoc-ahmedgalal.com\/de\/wp-json\/wp\/v2\/pages\/27916","targetHints":{"allow":["GET"]}}],"collection":[{"href":"https:\/\/eyedoc-ahmedgalal.com\/de\/wp-json\/wp\/v2\/pages"}],"about":[{"href":"https:\/\/eyedoc-ahmedgalal.com\/de\/wp-json\/wp\/v2\/types\/page"}],"author":[{"embeddable":true,"href":"https:\/\/eyedoc-ahmedgalal.com\/de\/wp-json\/wp\/v2\/users\/2"}],"replies":[{"embeddable":true,"href":"https:\/\/eyedoc-ahmedgalal.com\/de\/wp-json\/wp\/v2\/comments?post=27916"}],"version-history":[{"count":7,"href":"https:\/\/eyedoc-ahmedgalal.com\/de\/wp-json\/wp\/v2\/pages\/27916\/revisions"}],"predecessor-version":[{"id":27925,"href":"https:\/\/eyedoc-ahmedgalal.com\/de\/wp-json\/wp\/v2\/pages\/27916\/revisions\/27925"}],"wp:featuredmedia":[{"embeddable":true,"href":"https:\/\/eyedoc-ahmedgalal.com\/de\/wp-json\/wp\/v2\/media\/26943"}],"wp:attachment":[{"href":"https:\/\/eyedoc-ahmedgalal.com\/de\/wp-json\/wp\/v2\/media?parent=27916"}],"curies":[{"name":"wp","href":"https:\/\/api.w.org\/{rel}","templated":true}]}}