{"id":28997,"date":"2024-09-18T12:24:48","date_gmt":"2024-09-18T12:24:48","guid":{"rendered":"https:\/\/eyedoc-ahmedgalal.com\/cataract-surgery-with-laser\/"},"modified":"2024-11-28T13:54:07","modified_gmt":"2024-11-28T13:54:07","slug":"cataract-surgery-with-laser","status":"publish","type":"page","link":"https:\/\/eyedoc-ahmedgalal.com\/de\/cataract-surgery-with-laser\/","title":{"rendered":"Grauer Star OP mit dem Laser"},"content":{"rendered":"\t\t<div data-elementor-type=\"wp-page\" data-elementor-id=\"28997\" class=\"elementor elementor-28997 elementor-23430\" data-elementor-settings=\"{&quot;ha_cmc_init_switcher&quot;:&quot;no&quot;}\">\n\t\t\t\t\t\t<section class=\"elementor-section elementor-top-section elementor-element elementor-element-6409ddc elementor-section-content-middle elementor-section-boxed elementor-section-height-default elementor-section-height-default sc_fly_static\" data-id=\"6409ddc\" data-element_type=\"section\" data-e-type=\"section\" data-settings=\"{&quot;background_background&quot;:&quot;classic&quot;,&quot;_ha_eqh_enable&quot;:false}\">\n\t\t\t\t\t\t<div class=\"elementor-container elementor-column-gap-wide\">\n\t\t\t\t\t<div class=\"elementor-column elementor-col-50 elementor-top-column elementor-element elementor-element-7510376 sc_inner_width_none sc_content_align_inherit sc_layouts_column_icons_position_left sc_fly_static\" data-id=\"7510376\" data-element_type=\"column\" data-e-type=\"column\">\n\t\t\t<div class=\"elementor-widget-wrap elementor-element-populated\">\n\t\t\t\t\t\t<div class=\"elementor-element elementor-element-adcc477 no-title sc_fly_static elementor-widget elementor-widget-image\" data-id=\"adcc477\" data-element_type=\"widget\" data-e-type=\"widget\" data-widget_type=\"image.default\">\n\t\t\t\t<div class=\"elementor-widget-container\">\n\t\t\t\t\t\t\t\t\t\t\t\t\t\t\t<img fetchpriority=\"high\" decoding=\"async\" width=\"1200\" height=\"800\" src=\"https:\/\/eyedoc-ahmedgalal.com\/wp-content\/uploads\/2024\/09\/woman-getting-laser-cataract-surgery.jpg\" class=\"attachment-full size-full wp-image-23622\" alt=\"\" srcset=\"https:\/\/eyedoc-ahmedgalal.com\/wp-content\/uploads\/2024\/09\/woman-getting-laser-cataract-surgery.jpg 1200w, https:\/\/eyedoc-ahmedgalal.com\/wp-content\/uploads\/2024\/09\/woman-getting-laser-cataract-surgery-300x200.jpg 300w, https:\/\/eyedoc-ahmedgalal.com\/wp-content\/uploads\/2024\/09\/woman-getting-laser-cataract-surgery-1024x683.jpg 1024w, https:\/\/eyedoc-ahmedgalal.com\/wp-content\/uploads\/2024\/09\/woman-getting-laser-cataract-surgery-768x512.jpg 768w, https:\/\/eyedoc-ahmedgalal.com\/wp-content\/uploads\/2024\/09\/woman-getting-laser-cataract-surgery-370x247.jpg 370w, https:\/\/eyedoc-ahmedgalal.com\/wp-content\/uploads\/2024\/09\/woman-getting-laser-cataract-surgery-840x560.jpg 840w, https:\/\/eyedoc-ahmedgalal.com\/wp-content\/uploads\/2024\/09\/woman-getting-laser-cataract-surgery-410x273.jpg 410w, https:\/\/eyedoc-ahmedgalal.com\/wp-content\/uploads\/2024\/09\/woman-getting-laser-cataract-surgery-600x400.jpg 600w\" sizes=\"(max-width: 1200px) 100vw, 1200px\" \/>\t\t\t\t\t\t\t\t\t\t\t\t\t\t\t<\/div>\n\t\t\t\t<\/div>\n\t\t\t\t\t<\/div>\n\t\t<\/div>\n\t\t\t\t<div class=\"elementor-column elementor-col-50 elementor-top-column elementor-element elementor-element-c33fce3 sc_inner_width_none sc_content_align_inherit sc_layouts_column_icons_position_left sc_fly_static\" data-id=\"c33fce3\" data-element_type=\"column\" data-e-type=\"column\">\n\t\t\t<div class=\"elementor-widget-wrap elementor-element-populated\">\n\t\t\t\t\t\t<div class=\"elementor-element elementor-element-f1e3f3f sc_fly_static elementor-widget elementor-widget-trx_sc_title\" data-id=\"f1e3f3f\" data-element_type=\"widget\" data-e-type=\"widget\" data-widget_type=\"trx_sc_title.default\">\n\t\t\t\t<div class=\"elementor-widget-container\">\n\t\t\t\t\t<div\t\tclass=\"sc_title sc_title_default\" ><h2 class=\"sc_item_title sc_title_title sc_item_title_style_default sc_item_title_tag\"\n\t\t\t><span class=\"sc_item_title_text\">Grauer Star OP mit dem Laser (Femto-Phako)\n<\/span><\/h2><div class=\"sc_item_descr sc_title_descr\"><p>Der Beginn eines neuen Zeitalters: Die Laserbehandlung des Grauen Star<\/p>\n<\/div><\/div>\t\t\t\t<\/div>\n\t\t\t\t<\/div>\n\t\t\t\t<div class=\"elementor-element elementor-element-9823a08 sc_fly_static elementor-widget elementor-widget-trx_sc_title\" data-id=\"9823a08\" data-element_type=\"widget\" data-e-type=\"widget\" data-widget_type=\"trx_sc_title.default\">\n\t\t\t\t<div class=\"elementor-widget-container\">\n\t\t\t\t\t<div\t\tclass=\"sc_title sc_title_default\" ><h4 class=\"sc_item_title sc_title_title sc_item_title_style_default sc_item_title_tag\"\n\t\t\t><span class=\"sc_item_title_text\">Operieren ohne Skalpell\n\n<\/span><\/h4><div class=\"sc_item_descr sc_title_descr\"><p>Die neuartige Laser-Technologie erm\u00f6glicht eine noch akkuratere und genauere Behandlung als bei einer herk\u00f6mmlichen Standardoperation. Wichtige Schritte der Operation werden computergest\u00fctzt mit der stets gleichen Pr\u00e4zision durchgef\u00fchrt \u2013 viel exakter als die menschliche Hand es je k\u00f6nnte.<\/p>\n<p>Studien zeigen, dass sich mit der Laserchirurgie die Sicherheit des Eingriffs und die Genauigkeit der Ergebnisse im Vergleich zur manuellen Operationsmethode signifikant verbessern l\u00e4sst. Durch den Einsatz des Femtosekundenlasers ist es in vielen F\u00e4llen m\u00f6glich, eine Hornhautverkr\u00fcmmung zu verringern oder sogar auszugleichen.<\/p>\n<\/div><\/div>\t\t\t\t<\/div>\n\t\t\t\t<\/div>\n\t\t\t\t<div class=\"elementor-element elementor-element-a95d233 sc_height_small sc_fly_static elementor-widget elementor-widget-spacer\" data-id=\"a95d233\" data-element_type=\"widget\" data-e-type=\"widget\" data-widget_type=\"spacer.default\">\n\t\t\t\t<div class=\"elementor-widget-container\">\n\t\t\t\t\t\t\t<div class=\"elementor-spacer\">\n\t\t\t<div class=\"elementor-spacer-inner\"><\/div>\n\t\t<\/div>\n\t\t\t\t\t\t<\/div>\n\t\t\t\t<\/div>\n\t\t\t\t\t<\/div>\n\t\t<\/div>\n\t\t\t\t\t<\/div>\n\t\t<\/section>\n\t\t\t\t<section class=\"elementor-section elementor-top-section elementor-element elementor-element-eeeabec elementor-section-content-middle elementor-reverse-mobile elementor-section-boxed elementor-section-height-default elementor-section-height-default sc_fly_static\" data-id=\"eeeabec\" data-element_type=\"section\" data-e-type=\"section\" data-settings=\"{&quot;background_background&quot;:&quot;classic&quot;,&quot;_ha_eqh_enable&quot;:false}\">\n\t\t\t\t\t\t<div class=\"elementor-container elementor-column-gap-wide\">\n\t\t\t\t\t<div class=\"elementor-column elementor-col-50 elementor-top-column elementor-element elementor-element-ca3a92d sc_inner_width_none sc_content_align_inherit sc_layouts_column_icons_position_left sc_fly_static\" data-id=\"ca3a92d\" data-element_type=\"column\" data-e-type=\"column\">\n\t\t\t<div class=\"elementor-widget-wrap elementor-element-populated\">\n\t\t\t\t\t\t<div class=\"elementor-element elementor-element-9babfbb sc_height_small sc_fly_static elementor-widget elementor-widget-spacer\" data-id=\"9babfbb\" data-element_type=\"widget\" data-e-type=\"widget\" data-widget_type=\"spacer.default\">\n\t\t\t\t<div class=\"elementor-widget-container\">\n\t\t\t\t\t\t\t<div class=\"elementor-spacer\">\n\t\t\t<div class=\"elementor-spacer-inner\"><\/div>\n\t\t<\/div>\n\t\t\t\t\t\t<\/div>\n\t\t\t\t<\/div>\n\t\t\t\t<div class=\"elementor-element elementor-element-cbb6f1d sc_fly_static elementor-widget elementor-widget-trx_sc_title\" data-id=\"cbb6f1d\" data-element_type=\"widget\" data-e-type=\"widget\" data-widget_type=\"trx_sc_title.default\">\n\t\t\t\t<div class=\"elementor-widget-container\">\n\t\t\t\t\t<div\t\tclass=\"sc_title sc_title_default\" ><h2 class=\"sc_item_title sc_title_title sc_item_title_style_default sc_item_title_tag\"\n\t\t\t><span class=\"sc_item_title_text\">CATALYS\u00ae Pr\u00e4zisions-Laser-System\n\n<\/span><\/h2><div class=\"sc_item_descr sc_title_descr\"><p>Neben dem derzeit schnellsten Excimer Laser der Welt (Schwind Amaris 1050 RS), steht den Patienten der Augenklinik Regensburg das CATALYS Pr\u00e4zisions-Laser-System f\u00fcr die Behandlung des grauen Stars zur Verf\u00fcgung. Es z\u00e4hlt zu den weltweit am h\u00f6chsten entwickelten Lasersystemen f\u00fcr die Katarakt-Chirurgie.<\/p>\n<p>Mit der Einf\u00fchrung der Lasertechnologie profitieren die Patienten neben der langj\u00e4hrigen Erfahrung von Priv.-Doz. Dr. Herrmann und Prof. Dr. Remky von innovativer Technik. Die Katarakt-Operation assistiert von einem Femtosekundenlaser (Femto-Phako) stellt die neueste Errungenschaft f\u00fcr die moderne Kataraktchirurgie dar und wird zunehmend von gr\u00f6\u00dferen Zentren und Kliniken verwendet.<\/p>\n<\/div><\/div>\t\t\t\t<\/div>\n\t\t\t\t<\/div>\n\t\t\t\t<div class=\"elementor-element elementor-element-4052488 sc_height_small sc_fly_static elementor-widget elementor-widget-spacer\" data-id=\"4052488\" data-element_type=\"widget\" data-e-type=\"widget\" data-widget_type=\"spacer.default\">\n\t\t\t\t<div class=\"elementor-widget-container\">\n\t\t\t\t\t\t\t<div class=\"elementor-spacer\">\n\t\t\t<div class=\"elementor-spacer-inner\"><\/div>\n\t\t<\/div>\n\t\t\t\t\t\t<\/div>\n\t\t\t\t<\/div>\n\t\t\t\t\t<\/div>\n\t\t<\/div>\n\t\t\t\t<div class=\"elementor-column elementor-col-50 elementor-top-column elementor-element elementor-element-ccf87e8 sc_inner_width_none sc_content_align_inherit sc_layouts_column_icons_position_left sc_fly_static\" data-id=\"ccf87e8\" data-element_type=\"column\" data-e-type=\"column\">\n\t\t\t<div class=\"elementor-widget-wrap elementor-element-populated\">\n\t\t\t\t\t\t<div class=\"elementor-element elementor-element-833c8c1 no-title sc_fly_static elementor-widget elementor-widget-image\" data-id=\"833c8c1\" data-element_type=\"widget\" data-e-type=\"widget\" data-widget_type=\"image.default\">\n\t\t\t\t<div class=\"elementor-widget-container\">\n\t\t\t\t\t\t\t\t\t\t\t\t\t\t\t<img decoding=\"async\" width=\"730\" height=\"636\" src=\"https:\/\/eyedoc-ahmedgalal.com\/wp-content\/uploads\/2024\/09\/catalys-machine.jpg\" class=\"attachment-full size-full wp-image-23633\" alt=\"\" srcset=\"https:\/\/eyedoc-ahmedgalal.com\/wp-content\/uploads\/2024\/09\/catalys-machine.jpg 730w, https:\/\/eyedoc-ahmedgalal.com\/wp-content\/uploads\/2024\/09\/catalys-machine-300x261.jpg 300w, https:\/\/eyedoc-ahmedgalal.com\/wp-content\/uploads\/2024\/09\/catalys-machine-370x322.jpg 370w, https:\/\/eyedoc-ahmedgalal.com\/wp-content\/uploads\/2024\/09\/catalys-machine-410x357.jpg 410w, https:\/\/eyedoc-ahmedgalal.com\/wp-content\/uploads\/2024\/09\/catalys-machine-600x523.jpg 600w\" sizes=\"(max-width: 730px) 100vw, 730px\" \/>\t\t\t\t\t\t\t\t\t\t\t\t\t\t\t<\/div>\n\t\t\t\t<\/div>\n\t\t\t\t\t<\/div>\n\t\t<\/div>\n\t\t\t\t\t<\/div>\n\t\t<\/section>\n\t\t\t\t<\/div>\n\t\t","protected":false},"excerpt":{"rendered":"<p>Grauer Star OP mit dem Laser (Femto-Phako) Der Beginn eines neuen Zeitalters: Die Laserbehandlung des Grauen Star Operieren ohne Skalpell Die neuartige Laser-Technologie erm\u00f6glicht eine noch akkuratere und genauere Behandlung&hellip;<\/p>\n","protected":false},"author":2,"featured_media":26943,"parent":0,"menu_order":0,"comment_status":"closed","ping_status":"closed","template":"elementor_header_footer","meta":{"footnotes":""},"class_list":["post-28997","page","type-page","status-publish","has-post-thumbnail","hentry"],"_links":{"self":[{"href":"https:\/\/eyedoc-ahmedgalal.com\/de\/wp-json\/wp\/v2\/pages\/28997","targetHints":{"allow":["GET"]}}],"collection":[{"href":"https:\/\/eyedoc-ahmedgalal.com\/de\/wp-json\/wp\/v2\/pages"}],"about":[{"href":"https:\/\/eyedoc-ahmedgalal.com\/de\/wp-json\/wp\/v2\/types\/page"}],"author":[{"embeddable":true,"href":"https:\/\/eyedoc-ahmedgalal.com\/de\/wp-json\/wp\/v2\/users\/2"}],"replies":[{"embeddable":true,"href":"https:\/\/eyedoc-ahmedgalal.com\/de\/wp-json\/wp\/v2\/comments?post=28997"}],"version-history":[{"count":4,"href":"https:\/\/eyedoc-ahmedgalal.com\/de\/wp-json\/wp\/v2\/pages\/28997\/revisions"}],"predecessor-version":[{"id":29001,"href":"https:\/\/eyedoc-ahmedgalal.com\/de\/wp-json\/wp\/v2\/pages\/28997\/revisions\/29001"}],"wp:featuredmedia":[{"embeddable":true,"href":"https:\/\/eyedoc-ahmedgalal.com\/de\/wp-json\/wp\/v2\/media\/26943"}],"wp:attachment":[{"href":"https:\/\/eyedoc-ahmedgalal.com\/de\/wp-json\/wp\/v2\/media?parent=28997"}],"curies":[{"name":"wp","href":"https:\/\/api.w.org\/{rel}","templated":true}]}}