{"id":28013,"date":"2024-09-21T11:57:22","date_gmt":"2024-09-21T11:57:22","guid":{"rendered":"https:\/\/eyedoc-ahmedgalal.com\/diabetic-retinal-disease\/"},"modified":"2024-11-20T18:03:31","modified_gmt":"2024-11-20T18:03:31","slug":"diabetic-retinal-disease","status":"publish","type":"page","link":"https:\/\/eyedoc-ahmedgalal.com\/es\/diabetic-retinal-disease\/","title":{"rendered":"Retinopat\u00eda Diab\u00e9tica"},"content":{"rendered":"\t\t<div data-elementor-type=\"wp-page\" data-elementor-id=\"28013\" class=\"elementor elementor-28013 elementor-23880\" data-elementor-settings=\"{&quot;ha_cmc_init_switcher&quot;:&quot;no&quot;}\">\n\t\t\t\t\t\t<section class=\"elementor-section elementor-top-section elementor-element elementor-element-24f9706 elementor-section-stretched scheme_default elementor-section-boxed elementor-section-height-default elementor-section-height-default sc_fly_static\" data-id=\"24f9706\" data-element_type=\"section\" data-e-type=\"section\" data-settings=\"{&quot;stretch_section&quot;:&quot;section-stretched&quot;,&quot;background_background&quot;:&quot;classic&quot;,&quot;_ha_eqh_enable&quot;:false}\">\n\t\t\t\t\t\t<div class=\"elementor-container elementor-column-gap-extended\">\n\t\t\t\t\t<div class=\"elementor-column elementor-col-100 elementor-top-column elementor-element elementor-element-29801cd sc_inner_width_none sc_content_align_inherit sc_layouts_column_icons_position_left sc_fly_static\" data-id=\"29801cd\" data-element_type=\"column\" data-e-type=\"column\">\n\t\t\t<div class=\"elementor-widget-wrap elementor-element-populated\">\n\t\t\t\t\t\t<div class=\"elementor-element elementor-element-ab88c54 sc_height_huge sc_fly_static elementor-widget elementor-widget-spacer\" data-id=\"ab88c54\" data-element_type=\"widget\" data-e-type=\"widget\" data-widget_type=\"spacer.default\">\n\t\t\t\t<div class=\"elementor-widget-container\">\n\t\t\t\t\t\t\t<div class=\"elementor-spacer\">\n\t\t\t<div class=\"elementor-spacer-inner\"><\/div>\n\t\t<\/div>\n\t\t\t\t\t\t<\/div>\n\t\t\t\t<\/div>\n\t\t\t\t<section class=\"elementor-section elementor-inner-section elementor-element elementor-element-ef8e98d elementor-section-boxed elementor-section-height-default elementor-section-height-default sc_fly_static\" data-id=\"ef8e98d\" data-element_type=\"section\" data-e-type=\"section\" data-settings=\"{&quot;_ha_eqh_enable&quot;:false}\">\n\t\t\t\t\t\t<div class=\"elementor-container elementor-column-gap-no\">\n\t\t\t\t\t<div class=\"elementor-column elementor-col-50 elementor-inner-column elementor-element elementor-element-4a27a81 sc_inner_width_none sc_content_align_inherit sc_layouts_column_icons_position_left sc_fly_static\" data-id=\"4a27a81\" data-element_type=\"column\" data-e-type=\"column\">\n\t\t\t<div class=\"elementor-widget-wrap elementor-element-populated\">\n\t\t\t\t\t\t<div class=\"elementor-element elementor-element-e382008 sc_fly_static elementor-widget elementor-widget-trx_sc_title\" data-id=\"e382008\" data-element_type=\"widget\" data-e-type=\"widget\" data-widget_type=\"trx_sc_title.default\">\n\t\t\t\t<div class=\"elementor-widget-container\">\n\t\t\t\t\t<div\t\tclass=\"sc_title sc_title_default\" ><span class=\"sc_item_subtitle sc_title_subtitle sc_item_subtitle_above sc_item_title_style_default\">Retinopat\u00eda Diab\u00e9tica<\/span><h2 class=\"sc_item_title sc_title_title sc_item_title_style_default sc_item_title_tag\"\n\t\t\t><span class=\"sc_item_title_text\">Tratamiento de la Retinopat\u00eda y Maculopat\u00eda Diab\u00e9tica<\/span><\/h2><\/div>\t\t\t\t<\/div>\n\t\t\t\t<\/div>\n\t\t\t\t<div class=\"elementor-element elementor-element-ca2fdb2 sc_fly_static elementor-widget elementor-widget-spacer\" data-id=\"ca2fdb2\" data-element_type=\"widget\" data-e-type=\"widget\" data-widget_type=\"spacer.default\">\n\t\t\t\t<div class=\"elementor-widget-container\">\n\t\t\t\t\t\t\t<div class=\"elementor-spacer\">\n\t\t\t<div class=\"elementor-spacer-inner\"><\/div>\n\t\t<\/div>\n\t\t\t\t\t\t<\/div>\n\t\t\t\t<\/div>\n\t\t\t\t<div class=\"elementor-element elementor-element-a6bc4d6 sc_fly_static elementor-widget elementor-widget-text-editor\" data-id=\"a6bc4d6\" data-element_type=\"widget\" data-e-type=\"widget\" data-widget_type=\"text-editor.default\">\n\t\t\t\t<div class=\"elementor-widget-container\">\n\t\t\t\t\t\t\t\t\t<p data-sourcepos=\"1:1-1:43\"><strong>Qu\u00e9 es la enfermedad ocular diab\u00e9tica?<\/strong><\/p><p data-sourcepos=\"3:1-3:220\">La diabetes es una enfermedad sist\u00e9mica que afecta a todas las partes del cuerpo. Los especialistas de la Cl\u00ednica Oftalmol\u00f3gica de Regensburg se centran en el tratamiento de los cambios que la diabetes provoca en el ojo.<\/p><p data-sourcepos=\"5:1-5:369\">La retinopat\u00eda diab\u00e9tica es una afecci\u00f3n que ataca las paredes de los vasos sangu\u00edneos m\u00e1s peque\u00f1os del ojo, lo que provoca bultos en forma de saco en los vasos. Esto puede provocar fugas y hemorragias en el ojo. Si no se trata, la falta de ox\u00edgeno en el ojo puede provocar el crecimiento de vasos sangu\u00edneos anormales, lo que eventualmente puede conducir a la ceguera.<\/p>\t\t\t\t\t\t\t\t<\/div>\n\t\t\t\t<\/div>\n\t\t\t\t\t<\/div>\n\t\t<\/div>\n\t\t\t\t<div class=\"elementor-column elementor-col-50 elementor-inner-column elementor-element elementor-element-42b717d sc_inner_width_none sc_content_align_inherit sc_layouts_column_icons_position_left sc_fly_static\" data-id=\"42b717d\" data-element_type=\"column\" data-e-type=\"column\">\n\t\t\t<div class=\"elementor-widget-wrap elementor-element-populated\">\n\t\t\t\t\t\t<div class=\"elementor-element elementor-element-69741fa sc_fly_static elementor-widget elementor-widget-spacer\" data-id=\"69741fa\" data-element_type=\"widget\" data-e-type=\"widget\" data-widget_type=\"spacer.default\">\n\t\t\t\t<div class=\"elementor-widget-container\">\n\t\t\t\t\t\t\t<div class=\"elementor-spacer\">\n\t\t\t<div class=\"elementor-spacer-inner\"><\/div>\n\t\t<\/div>\n\t\t\t\t\t\t<\/div>\n\t\t\t\t<\/div>\n\t\t\t\t<div class=\"elementor-element elementor-element-363a378 animation_type_block sc_fly_static elementor-invisible elementor-widget elementor-widget-image\" data-id=\"363a378\" data-element_type=\"widget\" data-e-type=\"widget\" data-settings=\"{&quot;_animation&quot;:&quot;fadeIn&quot;}\" data-widget_type=\"image.default\">\n\t\t\t\t<div class=\"elementor-widget-container\">\n\t\t\t\t\t\t\t\t\t\t\t\t\t\t\t<img fetchpriority=\"high\" decoding=\"async\" width=\"650\" height=\"487\" src=\"https:\/\/eyedoc-ahmedgalal.com\/wp-content\/uploads\/2024\/09\/retinaldiseases.webp\" class=\"attachment-large size-large wp-image-24018\" alt=\"\" srcset=\"https:\/\/eyedoc-ahmedgalal.com\/wp-content\/uploads\/2024\/09\/retinaldiseases.webp 650w, https:\/\/eyedoc-ahmedgalal.com\/wp-content\/uploads\/2024\/09\/retinaldiseases-300x225.webp 300w, https:\/\/eyedoc-ahmedgalal.com\/wp-content\/uploads\/2024\/09\/retinaldiseases-370x277.webp 370w, https:\/\/eyedoc-ahmedgalal.com\/wp-content\/uploads\/2024\/09\/retinaldiseases-410x307.webp 410w, https:\/\/eyedoc-ahmedgalal.com\/wp-content\/uploads\/2024\/09\/retinaldiseases-600x450.webp 600w\" sizes=\"(max-width: 650px) 100vw, 650px\" \/>\t\t\t\t\t\t\t\t\t\t\t\t\t\t\t<\/div>\n\t\t\t\t<\/div>\n\t\t\t\t<div class=\"elementor-element elementor-element-44f98a9 sc_fly_static elementor-widget elementor-widget-spacer\" data-id=\"44f98a9\" data-element_type=\"widget\" data-e-type=\"widget\" data-widget_type=\"spacer.default\">\n\t\t\t\t<div class=\"elementor-widget-container\">\n\t\t\t\t\t\t\t<div class=\"elementor-spacer\">\n\t\t\t<div class=\"elementor-spacer-inner\"><\/div>\n\t\t<\/div>\n\t\t\t\t\t\t<\/div>\n\t\t\t\t<\/div>\n\t\t\t\t\t<\/div>\n\t\t<\/div>\n\t\t\t\t\t<\/div>\n\t\t<\/section>\n\t\t\t\t<div class=\"elementor-element elementor-element-cd3eb99 sc_fly_static elementor-widget elementor-widget-spacer\" data-id=\"cd3eb99\" data-element_type=\"widget\" data-e-type=\"widget\" data-widget_type=\"spacer.default\">\n\t\t\t\t<div class=\"elementor-widget-container\">\n\t\t\t\t\t\t\t<div class=\"elementor-spacer\">\n\t\t\t<div class=\"elementor-spacer-inner\"><\/div>\n\t\t<\/div>\n\t\t\t\t\t\t<\/div>\n\t\t\t\t<\/div>\n\t\t\t\t<div class=\"elementor-element elementor-element-21b26c5 sc_fly_static elementor-widget elementor-widget-text-editor\" data-id=\"21b26c5\" data-element_type=\"widget\" data-e-type=\"widget\" data-widget_type=\"text-editor.default\">\n\t\t\t\t<div class=\"elementor-widget-container\">\n\t\t\t\t\t\t\t\t\t<p data-sourcepos=\"11:1-11:201\">Los niveles de az\u00facar en sangre no controlados pueden causar problemas de visi\u00f3n como edema macular diab\u00e9tico, complicaciones oculares diab\u00e9ticas avanzadas y cataratas.<\/p><p data-sourcepos=\"11:1-11:201\">Los s\u00edntomas no siempre son perceptibles, pero la visi\u00f3n central borrosa o distorsionada, la aparici\u00f3n repentina de manchas en el campo visual o la p\u00e9rdida del campo visual en los diab\u00e9ticos deben examinarse lo antes posible.<br \/>Recomendamos que se examine la vista regularmente, incluso si no experimenta cambios en la visi\u00f3n. Debido a que la diabetes puede deteriorar gradualmente la visi\u00f3n, y si la retinopat\u00eda diab\u00e9tica est\u00e1 demasiado avanzada, existe el riesgo de que no pueda tratarse con \u00e9xito.<\/p>\t\t\t\t\t\t\t\t<\/div>\n\t\t\t\t<\/div>\n\t\t\t\t\t<\/div>\n\t\t<\/div>\n\t\t\t\t\t<\/div>\n\t\t<\/section>\n\t\t\t\t<section class=\"elementor-section elementor-top-section elementor-element elementor-element-0471bca elementor-section-content-middle elementor-reverse-mobile elementor-section-boxed elementor-section-height-default elementor-section-height-default sc_fly_static\" data-id=\"0471bca\" data-element_type=\"section\" data-e-type=\"section\" data-settings=\"{&quot;background_background&quot;:&quot;classic&quot;,&quot;_ha_eqh_enable&quot;:false}\">\n\t\t\t\t\t\t\t<div class=\"elementor-background-overlay\"><\/div>\n\t\t\t\t\t\t\t<div class=\"elementor-container elementor-column-gap-default\">\n\t\t\t\t\t<div class=\"elementor-column elementor-col-50 elementor-top-column elementor-element elementor-element-f583808 sc_inner_width_none sc_content_align_inherit sc_layouts_column_icons_position_left sc_fly_static\" data-id=\"f583808\" data-element_type=\"column\" data-e-type=\"column\">\n\t\t\t<div class=\"elementor-widget-wrap elementor-element-populated\">\n\t\t\t\t\t\t<div class=\"elementor-element elementor-element-638437f sc_fly_static elementor-widget elementor-widget-image\" data-id=\"638437f\" data-element_type=\"widget\" data-e-type=\"widget\" data-widget_type=\"image.default\">\n\t\t\t\t<div class=\"elementor-widget-container\">\n\t\t\t\t\t\t\t\t\t\t\t\t\t\t\t<img decoding=\"async\" width=\"1024\" height=\"683\" src=\"https:\/\/eyedoc-ahmedgalal.com\/wp-content\/uploads\/2024\/09\/Glaucoma-Dr-Agarwals-Eye-Hospital-scaled-1-1024x683.webp\" class=\"attachment-large size-large wp-image-23850\" alt=\"\" srcset=\"https:\/\/eyedoc-ahmedgalal.com\/wp-content\/uploads\/2024\/09\/Glaucoma-Dr-Agarwals-Eye-Hospital-scaled-1-1024x683.webp 1024w, https:\/\/eyedoc-ahmedgalal.com\/wp-content\/uploads\/2024\/09\/Glaucoma-Dr-Agarwals-Eye-Hospital-scaled-1-300x200.webp 300w, https:\/\/eyedoc-ahmedgalal.com\/wp-content\/uploads\/2024\/09\/Glaucoma-Dr-Agarwals-Eye-Hospital-scaled-1-768x512.webp 768w, https:\/\/eyedoc-ahmedgalal.com\/wp-content\/uploads\/2024\/09\/Glaucoma-Dr-Agarwals-Eye-Hospital-scaled-1-1536x1024.webp 1536w, https:\/\/eyedoc-ahmedgalal.com\/wp-content\/uploads\/2024\/09\/Glaucoma-Dr-Agarwals-Eye-Hospital-scaled-1-2048x1366.webp 2048w, https:\/\/eyedoc-ahmedgalal.com\/wp-content\/uploads\/2024\/09\/Glaucoma-Dr-Agarwals-Eye-Hospital-scaled-1-370x247.webp 370w, https:\/\/eyedoc-ahmedgalal.com\/wp-content\/uploads\/2024\/09\/Glaucoma-Dr-Agarwals-Eye-Hospital-scaled-1-840x560.webp 840w, https:\/\/eyedoc-ahmedgalal.com\/wp-content\/uploads\/2024\/09\/Glaucoma-Dr-Agarwals-Eye-Hospital-scaled-1-410x273.webp 410w, https:\/\/eyedoc-ahmedgalal.com\/wp-content\/uploads\/2024\/09\/Glaucoma-Dr-Agarwals-Eye-Hospital-scaled-1-600x400.webp 600w\" sizes=\"(max-width: 1024px) 100vw, 1024px\" \/>\t\t\t\t\t\t\t\t\t\t\t\t\t\t\t<\/div>\n\t\t\t\t<\/div>\n\t\t\t\t\t<\/div>\n\t\t<\/div>\n\t\t\t\t<div class=\"elementor-column elementor-col-50 elementor-top-column elementor-element elementor-element-79d4559 sc_inner_width_none sc_content_align_inherit sc_layouts_column_icons_position_left sc_fly_static\" data-id=\"79d4559\" data-element_type=\"column\" data-e-type=\"column\">\n\t\t\t<div class=\"elementor-widget-wrap elementor-element-populated\">\n\t\t\t\t\t\t<div class=\"elementor-element elementor-element-a32a58d sc_fly_static elementor-widget elementor-widget-spacer\" data-id=\"a32a58d\" data-element_type=\"widget\" data-e-type=\"widget\" data-widget_type=\"spacer.default\">\n\t\t\t\t<div class=\"elementor-widget-container\">\n\t\t\t\t\t\t\t<div class=\"elementor-spacer\">\n\t\t\t<div class=\"elementor-spacer-inner\"><\/div>\n\t\t<\/div>\n\t\t\t\t\t\t<\/div>\n\t\t\t\t<\/div>\n\t\t\t\t<div class=\"elementor-element elementor-element-bf4216f sc_fly_static elementor-widget elementor-widget-trx_sc_title\" data-id=\"bf4216f\" data-element_type=\"widget\" data-e-type=\"widget\" data-widget_type=\"trx_sc_title.default\">\n\t\t\t\t<div class=\"elementor-widget-container\">\n\t\t\t\t\t<div\t\tclass=\"sc_title sc_title_default\" ><h2 class=\"sc_item_title sc_title_title sc_item_title_style_default sc_item_title_tag trx_addons_inline_2053923192\"\n\t\t\t><span class=\"sc_item_title_text\">Retinopat\u00eda Diab\u00e9tica\n\n\n<\/span><\/h2><\/div>\t\t\t\t<\/div>\n\t\t\t\t<\/div>\n\t\t\t\t<div class=\"elementor-element elementor-element-ac805cd sc_fly_static elementor-widget elementor-widget-spacer\" data-id=\"ac805cd\" data-element_type=\"widget\" data-e-type=\"widget\" data-widget_type=\"spacer.default\">\n\t\t\t\t<div class=\"elementor-widget-container\">\n\t\t\t\t\t\t\t<div class=\"elementor-spacer\">\n\t\t\t<div class=\"elementor-spacer-inner\"><\/div>\n\t\t<\/div>\n\t\t\t\t\t\t<\/div>\n\t\t\t\t<\/div>\n\t\t\t\t<div class=\"elementor-element elementor-element-37093a4 sc_fly_static elementor-widget elementor-widget-text-editor\" data-id=\"37093a4\" data-element_type=\"widget\" data-e-type=\"widget\" data-widget_type=\"text-editor.default\">\n\t\t\t\t<div class=\"elementor-widget-container\">\n\t\t\t\t\t\t\t\t\t<p>La retinopat\u00eda diab\u00e9tica es una afecci\u00f3n que da\u00f1a las paredes de los vasos sangu\u00edneos m\u00e1s peque\u00f1os del ojo, lo que provoca que se abulten hacia afuera. Esto puede provocar fugas o sangrado en el ojo. Si no se trata, la falta de ox\u00edgeno en el ojo puede provocar el crecimiento de vasos sangu\u00edneos anormales, lo que eventualmente puede conducir a la ceguera.<\/p>\t\t\t\t\t\t\t\t<\/div>\n\t\t\t\t<\/div>\n\t\t\t\t\t<\/div>\n\t\t<\/div>\n\t\t\t\t\t<\/div>\n\t\t<\/section>\n\t\t\t\t<section class=\"elementor-section elementor-top-section elementor-element elementor-element-859c202 elementor-section-stretched scheme_default elementor-reverse-mobile elementor-section-content-middle elementor-section-boxed elementor-section-height-default elementor-section-height-default sc_fly_static\" data-id=\"859c202\" data-element_type=\"section\" data-e-type=\"section\" data-settings=\"{&quot;stretch_section&quot;:&quot;section-stretched&quot;,&quot;background_background&quot;:&quot;classic&quot;,&quot;_ha_eqh_enable&quot;:false}\">\n\t\t\t\t\t\t<div class=\"elementor-container elementor-column-gap-default\">\n\t\t\t\t\t<div class=\"elementor-column elementor-col-50 elementor-top-column elementor-element elementor-element-6db6323 sc_inner_width_none sc_content_align_inherit sc_layouts_column_icons_position_left sc_fly_static\" data-id=\"6db6323\" data-element_type=\"column\" data-e-type=\"column\">\n\t\t\t<div class=\"elementor-widget-wrap elementor-element-populated\">\n\t\t\t\t\t\t<div class=\"elementor-element elementor-element-0fd552b sc_fly_static elementor-widget elementor-widget-spacer\" data-id=\"0fd552b\" data-element_type=\"widget\" data-e-type=\"widget\" data-widget_type=\"spacer.default\">\n\t\t\t\t<div class=\"elementor-widget-container\">\n\t\t\t\t\t\t\t<div class=\"elementor-spacer\">\n\t\t\t<div class=\"elementor-spacer-inner\"><\/div>\n\t\t<\/div>\n\t\t\t\t\t\t<\/div>\n\t\t\t\t<\/div>\n\t\t\t\t<div class=\"elementor-element elementor-element-bc3715b sc_fly_static elementor-widget elementor-widget-image\" data-id=\"bc3715b\" data-element_type=\"widget\" data-e-type=\"widget\" data-widget_type=\"image.default\">\n\t\t\t\t<div class=\"elementor-widget-container\">\n\t\t\t\t\t\t\t\t\t\t\t\t\t\t\t<img decoding=\"async\" width=\"1000\" height=\"667\" src=\"https:\/\/eyedoc-ahmedgalal.com\/wp-content\/uploads\/2024\/09\/tropfen2.gif\" class=\"attachment-large size-large wp-image-23821\" alt=\"\" \/>\t\t\t\t\t\t\t\t\t\t\t\t\t\t\t<\/div>\n\t\t\t\t<\/div>\n\t\t\t\t\t<\/div>\n\t\t<\/div>\n\t\t\t\t<div class=\"elementor-column elementor-col-50 elementor-top-column elementor-element elementor-element-0b9fd6c sc_inner_width_none sc_content_align_inherit sc_layouts_column_icons_position_left sc_fly_static\" data-id=\"0b9fd6c\" data-element_type=\"column\" data-e-type=\"column\">\n\t\t\t<div class=\"elementor-widget-wrap elementor-element-populated\">\n\t\t\t\t\t\t<div class=\"elementor-element elementor-element-f5451b4 sc_height_huge sc_fly_static elementor-widget elementor-widget-spacer\" data-id=\"f5451b4\" data-element_type=\"widget\" data-e-type=\"widget\" data-widget_type=\"spacer.default\">\n\t\t\t\t<div class=\"elementor-widget-container\">\n\t\t\t\t\t\t\t<div class=\"elementor-spacer\">\n\t\t\t<div class=\"elementor-spacer-inner\"><\/div>\n\t\t<\/div>\n\t\t\t\t\t\t<\/div>\n\t\t\t\t<\/div>\n\t\t\t\t<div class=\"elementor-element elementor-element-9ab5bf5 sc_fly_static elementor-widget elementor-widget-trx_sc_title\" data-id=\"9ab5bf5\" data-element_type=\"widget\" data-e-type=\"widget\" data-widget_type=\"trx_sc_title.default\">\n\t\t\t\t<div class=\"elementor-widget-container\">\n\t\t\t\t\t<div\t\tclass=\"sc_title sc_title_default\" ><h2 class=\"sc_item_title sc_title_title sc_item_title_style_default sc_item_title_tag trx_addons_inline_1234399317\"\n\t\t\t><span class=\"sc_item_title_text\">Tratamientos de la Retinopat\u00eda y Maculopat\u00eda Diab\u00e9tica\n\n\n\n\n\n\n\n<\/span><\/h2><\/div>\t\t\t\t<\/div>\n\t\t\t\t<\/div>\n\t\t\t\t<div class=\"elementor-element elementor-element-d15766c sc_fly_static elementor-widget elementor-widget-spacer\" data-id=\"d15766c\" data-element_type=\"widget\" data-e-type=\"widget\" data-widget_type=\"spacer.default\">\n\t\t\t\t<div class=\"elementor-widget-container\">\n\t\t\t\t\t\t\t<div class=\"elementor-spacer\">\n\t\t\t<div class=\"elementor-spacer-inner\"><\/div>\n\t\t<\/div>\n\t\t\t\t\t\t<\/div>\n\t\t\t\t<\/div>\n\t\t\t\t<div class=\"elementor-element elementor-element-5ae95cf sc_fly_static elementor-widget elementor-widget-text-editor\" data-id=\"5ae95cf\" data-element_type=\"widget\" data-e-type=\"widget\" data-widget_type=\"text-editor.default\">\n\t\t\t\t<div class=\"elementor-widget-container\">\n\t\t\t\t\t\t\t\t\t<p data-sourcepos=\"3:1-3:115\">El tratamiento con l\u00e1ser se puede aplicar a un \u00e1rea localizada o a toda la retina, excluyendo la m\u00e1cula, o a ambas.<\/p><p data-sourcepos=\"5:1-5:146\">Si desarrolla presi\u00f3n ocular alta o glaucoma, es posible que le receten gotas para controlar la presi\u00f3n y reducir el riesgo de da\u00f1o a largo plazo.<\/p><p data-sourcepos=\"7:1-7:208\">Si ha desarrollado cataratas debido a la diabetes, se requiere cirug\u00eda para extirpar el cristalino nublado del ojo, que luego se reemplaza con un implante de lente artificial transparente (lente intraocular).<\/p><p data-sourcepos=\"9:1-9:138\">Si ha desarrollado una hemorragia v\u00edtrea o tejido cicatricial que causa un desprendimiento de retina, puede ser necesaria una vitrectom\u00eda.<\/p>\t\t\t\t\t\t\t\t<\/div>\n\t\t\t\t<\/div>\n\t\t\t\t\t<\/div>\n\t\t<\/div>\n\t\t\t\t\t<\/div>\n\t\t<\/section>\n\t\t\t\t<section class=\"elementor-section elementor-top-section elementor-element elementor-element-6f6b09e elementor-section-boxed elementor-section-height-default elementor-section-height-default animation_type_block sc_fly_static elementor-invisible\" data-id=\"6f6b09e\" data-element_type=\"section\" data-e-type=\"section\" data-settings=\"{&quot;background_background&quot;:&quot;classic&quot;,&quot;animation&quot;:&quot;fadeInUp&quot;,&quot;_ha_eqh_enable&quot;:false}\">\n\t\t\t\t\t\t\t<div class=\"elementor-background-overlay\"><\/div>\n\t\t\t\t\t\t\t<div class=\"elementor-container elementor-column-gap-extended\">\n\t\t\t\t\t<div class=\"elementor-column elementor-col-100 elementor-top-column elementor-element elementor-element-e4e9a9e sc_inner_width_none sc_content_align_inherit sc_layouts_column_icons_position_left sc_fly_static\" data-id=\"e4e9a9e\" data-element_type=\"column\" data-e-type=\"column\">\n\t\t\t<div class=\"elementor-widget-wrap elementor-element-populated\">\n\t\t\t\t\t\t<div class=\"elementor-element elementor-element-c0199dc play_center sc_layouts_hide_on_mobile elementor-view-default sc_fly_static elementor-widget elementor-widget-icon\" data-id=\"c0199dc\" data-element_type=\"widget\" data-e-type=\"widget\" data-widget_type=\"icon.default\">\n\t\t\t\t<div class=\"elementor-widget-container\">\n\t\t\t\t\t\t\t<div class=\"elementor-icon-wrapper\">\n\t\t\t<div class=\"elementor-icon elementor-animation-sink\">\n\t\t\t<i aria-hidden=\"true\" class=\"fas fa-info-circle\"><\/i>\t\t\t<\/div>\n\t\t<\/div>\n\t\t\t\t\t\t<\/div>\n\t\t\t\t<\/div>\n\t\t\t\t<div class=\"elementor-element elementor-element-6807a61 sc_height_small sc_fly_static elementor-widget elementor-widget-spacer\" data-id=\"6807a61\" data-element_type=\"widget\" data-e-type=\"widget\" data-widget_type=\"spacer.default\">\n\t\t\t\t<div class=\"elementor-widget-container\">\n\t\t\t\t\t\t\t<div class=\"elementor-spacer\">\n\t\t\t<div class=\"elementor-spacer-inner\"><\/div>\n\t\t<\/div>\n\t\t\t\t\t\t<\/div>\n\t\t\t\t<\/div>\n\t\t\t\t<div class=\"elementor-element elementor-element-7b658fe sc_fly_static elementor-widget elementor-widget-trx_sc_title\" data-id=\"7b658fe\" data-element_type=\"widget\" data-e-type=\"widget\" data-widget_type=\"trx_sc_title.default\">\n\t\t\t\t<div class=\"elementor-widget-container\">\n\t\t\t\t\t<div\t\tclass=\"sc_title sc_title_default\" ><h4 class=\"sc_item_title sc_title_title sc_align_center sc_item_title_style_default sc_item_title_tag trx_addons_inline_1056913863\"\n\t\t\t><span class=\"sc_item_title_text\">Los especialistas de la Cl\u00ednica Oftalmol\u00f3gica de Regensburg estar\u00e1n encantados de asesorarle sobre las opciones de tratamiento adecuadas para su caso.\n\n<\/span><\/h4><\/div>\t\t\t\t<\/div>\n\t\t\t\t<\/div>\n\t\t\t\t\t<\/div>\n\t\t<\/div>\n\t\t\t\t\t<\/div>\n\t\t<\/section>\n\t\t\t\t<\/div>\n\t\t","protected":false},"excerpt":{"rendered":"<p>Retinopat\u00eda Diab\u00e9tica Tratamiento de la Retinopat\u00eda y Maculopat\u00eda Diab\u00e9tica Qu\u00e9 es la enfermedad ocular diab\u00e9tica? La diabetes es una enfermedad sist\u00e9mica que afecta a todas las partes del cuerpo. Los&hellip;<\/p>\n","protected":false},"author":2,"featured_media":26944,"parent":0,"menu_order":0,"comment_status":"closed","ping_status":"closed","template":"elementor_header_footer","meta":{"footnotes":""},"class_list":["post-28013","page","type-page","status-publish","has-post-thumbnail","hentry"],"_links":{"self":[{"href":"https:\/\/eyedoc-ahmedgalal.com\/es\/wp-json\/wp\/v2\/pages\/28013","targetHints":{"allow":["GET"]}}],"collection":[{"href":"https:\/\/eyedoc-ahmedgalal.com\/es\/wp-json\/wp\/v2\/pages"}],"about":[{"href":"https:\/\/eyedoc-ahmedgalal.com\/es\/wp-json\/wp\/v2\/types\/page"}],"author":[{"embeddable":true,"href":"https:\/\/eyedoc-ahmedgalal.com\/es\/wp-json\/wp\/v2\/users\/2"}],"replies":[{"embeddable":true,"href":"https:\/\/eyedoc-ahmedgalal.com\/es\/wp-json\/wp\/v2\/comments?post=28013"}],"version-history":[{"count":7,"href":"https:\/\/eyedoc-ahmedgalal.com\/es\/wp-json\/wp\/v2\/pages\/28013\/revisions"}],"predecessor-version":[{"id":28021,"href":"https:\/\/eyedoc-ahmedgalal.com\/es\/wp-json\/wp\/v2\/pages\/28013\/revisions\/28021"}],"wp:featuredmedia":[{"embeddable":true,"href":"https:\/\/eyedoc-ahmedgalal.com\/es\/wp-json\/wp\/v2\/media\/26944"}],"wp:attachment":[{"href":"https:\/\/eyedoc-ahmedgalal.com\/es\/wp-json\/wp\/v2\/media?parent=28013"}],"curies":[{"name":"wp","href":"https:\/\/api.w.org\/{rel}","templated":true}]}}