{"id":28027,"date":"2024-09-21T11:59:05","date_gmt":"2024-09-21T11:59:05","guid":{"rendered":"https:\/\/eyedoc-ahmedgalal.com\/strabismus-surgery\/"},"modified":"2024-11-20T19:43:56","modified_gmt":"2024-11-20T19:43:56","slug":"strabismus-surgery","status":"publish","type":"page","link":"https:\/\/eyedoc-ahmedgalal.com\/es\/strabismus-surgery\/","title":{"rendered":"Cirug\u00eda de Estrabismo"},"content":{"rendered":"\t\t<div data-elementor-type=\"wp-page\" data-elementor-id=\"28027\" class=\"elementor elementor-28027 elementor-23882\" data-elementor-settings=\"{&quot;ha_cmc_init_switcher&quot;:&quot;no&quot;}\">\n\t\t\t\t\t\t<section class=\"elementor-section elementor-top-section elementor-element elementor-element-0ec9f5e elementor-section-content-middle elementor-section-stretched elementor-section-boxed elementor-section-height-default elementor-section-height-default sc_fly_static\" data-id=\"0ec9f5e\" data-element_type=\"section\" data-e-type=\"section\" data-settings=\"{&quot;background_background&quot;:&quot;classic&quot;,&quot;stretch_section&quot;:&quot;section-stretched&quot;,&quot;_ha_eqh_enable&quot;:false}\">\n\t\t\t\t\t\t<div class=\"elementor-container elementor-column-gap-extended\">\n\t\t\t\t\t<div class=\"elementor-column elementor-col-50 elementor-top-column elementor-element elementor-element-4504487 sc_inner_width_none sc_content_align_inherit sc_layouts_column_icons_position_left sc_fly_static\" data-id=\"4504487\" data-element_type=\"column\" data-e-type=\"column\">\n\t\t\t<div class=\"elementor-widget-wrap elementor-element-populated\">\n\t\t\t\t\t\t<div class=\"elementor-element elementor-element-d9356d2 sc_layouts_hide_on_tablet sc_fly_static elementor-widget elementor-widget-spacer\" data-id=\"d9356d2\" data-element_type=\"widget\" data-e-type=\"widget\" data-widget_type=\"spacer.default\">\n\t\t\t\t<div class=\"elementor-widget-container\">\n\t\t\t\t\t\t\t<div class=\"elementor-spacer\">\n\t\t\t<div class=\"elementor-spacer-inner\"><\/div>\n\t\t<\/div>\n\t\t\t\t\t\t<\/div>\n\t\t\t\t<\/div>\n\t\t\t\t<div class=\"elementor-element elementor-element-ab7c52f sc_fly_static elementor-widget elementor-widget-trx_sc_title\" data-id=\"ab7c52f\" data-element_type=\"widget\" data-e-type=\"widget\" data-widget_type=\"trx_sc_title.default\">\n\t\t\t\t<div class=\"elementor-widget-container\">\n\t\t\t\t\t<div\t\tclass=\"sc_title sc_title_default\" ><span class=\"sc_item_subtitle sc_title_subtitle sc_item_subtitle_above sc_item_title_style_default\">Cirug\u00eda<\/span><h2 class=\"sc_item_title sc_title_title sc_item_title_style_default sc_item_title_tag sc_typed\"\n\t\t\t><span class=\"sc_item_title_text\">Cirug\u00eda de Estrabismo\n\n\n<\/span><\/h2><\/div>\t\t\t\t<\/div>\n\t\t\t\t<\/div>\n\t\t\t\t<div class=\"elementor-element elementor-element-8d126e1 sc_fly_static elementor-widget elementor-widget-spacer\" data-id=\"8d126e1\" data-element_type=\"widget\" data-e-type=\"widget\" data-widget_type=\"spacer.default\">\n\t\t\t\t<div class=\"elementor-widget-container\">\n\t\t\t\t\t\t\t<div class=\"elementor-spacer\">\n\t\t\t<div class=\"elementor-spacer-inner\"><\/div>\n\t\t<\/div>\n\t\t\t\t\t\t<\/div>\n\t\t\t\t<\/div>\n\t\t\t\t<div class=\"elementor-element elementor-element-a6bc4d6 elementor-widget__width-initial sc_fly_static elementor-widget elementor-widget-text-editor\" data-id=\"a6bc4d6\" data-element_type=\"widget\" data-e-type=\"widget\" data-widget_type=\"text-editor.default\">\n\t\t\t\t<div class=\"elementor-widget-container\">\n\t\t\t\t\t\t\t\t\t<p data-sourcepos=\"1:1-1:188\">El estrabismo es una condici\u00f3n en la que los ojos est\u00e1n permanentemente o intermitentemente desalineado, lo que significa que los ojos izquierdo y derecho no apuntan en la misma direcci\u00f3n.<\/p><p data-sourcepos=\"3:1-3:323\">M\u00e1s que un procedimiento cosm\u00e9tico, el objetivo de cualquier cirug\u00eda de estrabismo es cambiar la posici\u00f3n del globo ocular para que ya no se produzca visi\u00f3n doble y se elimine el problema cosm\u00e9tico de los ojos desalineado. Logramos esto realizando ajustes en los m\u00fasculos oculares externos durante la cirug\u00eda de estrabismo.<\/p>\t\t\t\t\t\t\t\t<\/div>\n\t\t\t\t<\/div>\n\t\t\t\t\t<\/div>\n\t\t<\/div>\n\t\t\t\t<div class=\"elementor-column elementor-col-50 elementor-top-column elementor-element elementor-element-86f7ae1 sc_inner_width_none sc_content_align_inherit sc_layouts_column_icons_position_left sc_fly_static\" data-id=\"86f7ae1\" data-element_type=\"column\" data-e-type=\"column\">\n\t\t\t<div class=\"elementor-widget-wrap elementor-element-populated\">\n\t\t\t\t\t\t<div class=\"elementor-element elementor-element-502ebf2 sc_fly_static elementor-widget elementor-widget-spacer\" data-id=\"502ebf2\" data-element_type=\"widget\" data-e-type=\"widget\" data-widget_type=\"spacer.default\">\n\t\t\t\t<div class=\"elementor-widget-container\">\n\t\t\t\t\t\t\t<div class=\"elementor-spacer\">\n\t\t\t<div class=\"elementor-spacer-inner\"><\/div>\n\t\t<\/div>\n\t\t\t\t\t\t<\/div>\n\t\t\t\t<\/div>\n\t\t\t\t<div class=\"elementor-element elementor-element-c8bde7f sc_fly_static elementor-widget elementor-widget-spacer\" data-id=\"c8bde7f\" data-element_type=\"widget\" data-e-type=\"widget\" data-widget_type=\"spacer.default\">\n\t\t\t\t<div class=\"elementor-widget-container\">\n\t\t\t\t\t\t\t<div class=\"elementor-spacer\">\n\t\t\t<div class=\"elementor-spacer-inner\"><\/div>\n\t\t<\/div>\n\t\t\t\t\t\t<\/div>\n\t\t\t\t<\/div>\n\t\t\t\t<div class=\"elementor-element elementor-element-31f6549 animation_type_block sc_fly_static elementor-invisible elementor-widget elementor-widget-image\" data-id=\"31f6549\" data-element_type=\"widget\" data-e-type=\"widget\" data-settings=\"{&quot;_animation&quot;:&quot;fadeIn&quot;}\" data-widget_type=\"image.default\">\n\t\t\t\t<div class=\"elementor-widget-container\">\n\t\t\t\t\t\t\t\t\t\t\t\t<figure class=\"wp-caption\">\n\t\t\t\t\t\t\t\t\t\t<img fetchpriority=\"high\" decoding=\"async\" width=\"450\" height=\"300\" src=\"https:\/\/eyedoc-ahmedgalal.com\/wp-content\/uploads\/2024\/09\/auge-model-450x300-1.jpg\" class=\"attachment-large size-large wp-image-24151\" alt=\"\" srcset=\"https:\/\/eyedoc-ahmedgalal.com\/wp-content\/uploads\/2024\/09\/auge-model-450x300-1.jpg 450w, https:\/\/eyedoc-ahmedgalal.com\/wp-content\/uploads\/2024\/09\/auge-model-450x300-1-300x200.jpg 300w, https:\/\/eyedoc-ahmedgalal.com\/wp-content\/uploads\/2024\/09\/auge-model-450x300-1-370x247.jpg 370w, https:\/\/eyedoc-ahmedgalal.com\/wp-content\/uploads\/2024\/09\/auge-model-450x300-1-410x273.jpg 410w\" sizes=\"(max-width: 600px) 100vw, 450px\" \/>\t\t\t\t\t\t\t\t\t\t\t<figcaption class=\"widget-image-caption wp-caption-text\">Modelo de m\u00fasculo ocular<\/figcaption>\n\t\t\t\t\t\t\t\t\t\t<\/figure>\n\t\t\t\t\t\t\t\t\t<\/div>\n\t\t\t\t<\/div>\n\t\t\t\t\t<\/div>\n\t\t<\/div>\n\t\t\t\t\t<\/div>\n\t\t<\/section>\n\t\t\t\t<section class=\"elementor-section elementor-top-section elementor-element elementor-element-550c014 elementor-section-content-middle elementor-section-stretched elementor-reverse-mobile elementor-section-boxed elementor-section-height-default elementor-section-height-default sc_fly_static\" data-id=\"550c014\" data-element_type=\"section\" data-e-type=\"section\" data-settings=\"{&quot;background_background&quot;:&quot;classic&quot;,&quot;stretch_section&quot;:&quot;section-stretched&quot;,&quot;_ha_eqh_enable&quot;:false}\">\n\t\t\t\t\t\t<div class=\"elementor-container elementor-column-gap-extended\">\n\t\t\t\t\t<div class=\"elementor-column elementor-col-50 elementor-top-column elementor-element elementor-element-f181c73 sc_inner_width_none sc_content_align_inherit sc_layouts_column_icons_position_left sc_fly_static\" data-id=\"f181c73\" data-element_type=\"column\" data-e-type=\"column\">\n\t\t\t<div class=\"elementor-widget-wrap elementor-element-populated\">\n\t\t\t\t\t\t<div class=\"elementor-element elementor-element-5de744f sc_fly_static elementor-widget elementor-widget-image\" data-id=\"5de744f\" data-element_type=\"widget\" data-e-type=\"widget\" data-widget_type=\"image.default\">\n\t\t\t\t<div class=\"elementor-widget-container\">\n\t\t\t\t\t\t\t\t\t\t\t\t\t\t\t<img decoding=\"async\" width=\"768\" height=\"512\" src=\"https:\/\/eyedoc-ahmedgalal.com\/wp-content\/uploads\/2024\/09\/strabismus-surgery-eye-musicle-surgery-1-1-768x512.jpg\" class=\"attachment-medium_large size-medium_large wp-image-24733\" alt=\"\" srcset=\"https:\/\/eyedoc-ahmedgalal.com\/wp-content\/uploads\/2024\/09\/strabismus-surgery-eye-musicle-surgery-1-1-768x512.jpg 768w, https:\/\/eyedoc-ahmedgalal.com\/wp-content\/uploads\/2024\/09\/strabismus-surgery-eye-musicle-surgery-1-1-300x200.jpg 300w, https:\/\/eyedoc-ahmedgalal.com\/wp-content\/uploads\/2024\/09\/strabismus-surgery-eye-musicle-surgery-1-1-1024x683.jpg 1024w, https:\/\/eyedoc-ahmedgalal.com\/wp-content\/uploads\/2024\/09\/strabismus-surgery-eye-musicle-surgery-1-1-370x247.jpg 370w, https:\/\/eyedoc-ahmedgalal.com\/wp-content\/uploads\/2024\/09\/strabismus-surgery-eye-musicle-surgery-1-1-840x560.jpg 840w, https:\/\/eyedoc-ahmedgalal.com\/wp-content\/uploads\/2024\/09\/strabismus-surgery-eye-musicle-surgery-1-1-410x273.jpg 410w, https:\/\/eyedoc-ahmedgalal.com\/wp-content\/uploads\/2024\/09\/strabismus-surgery-eye-musicle-surgery-1-1-600x400.jpg 600w, https:\/\/eyedoc-ahmedgalal.com\/wp-content\/uploads\/2024\/09\/strabismus-surgery-eye-musicle-surgery-1-1.jpg 1200w\" sizes=\"(max-width: 768px) 100vw, 768px\" \/>\t\t\t\t\t\t\t\t\t\t\t\t\t\t\t<\/div>\n\t\t\t\t<\/div>\n\t\t\t\t<div class=\"elementor-element elementor-element-e29f378 sc_fly_static elementor-widget elementor-widget-spacer\" data-id=\"e29f378\" data-element_type=\"widget\" data-e-type=\"widget\" data-widget_type=\"spacer.default\">\n\t\t\t\t<div class=\"elementor-widget-container\">\n\t\t\t\t\t\t\t<div class=\"elementor-spacer\">\n\t\t\t<div class=\"elementor-spacer-inner\"><\/div>\n\t\t<\/div>\n\t\t\t\t\t\t<\/div>\n\t\t\t\t<\/div>\n\t\t\t\t\t<\/div>\n\t\t<\/div>\n\t\t\t\t<div class=\"elementor-column elementor-col-50 elementor-top-column elementor-element elementor-element-d3b4f1b sc_inner_width_none sc_content_align_inherit sc_layouts_column_icons_position_left sc_fly_static\" data-id=\"d3b4f1b\" data-element_type=\"column\" data-e-type=\"column\">\n\t\t\t<div class=\"elementor-widget-wrap elementor-element-populated\">\n\t\t\t\t\t\t<div class=\"elementor-element elementor-element-24de234 sc_layouts_hide_on_tablet sc_fly_static elementor-widget elementor-widget-spacer\" data-id=\"24de234\" data-element_type=\"widget\" data-e-type=\"widget\" data-widget_type=\"spacer.default\">\n\t\t\t\t<div class=\"elementor-widget-container\">\n\t\t\t\t\t\t\t<div class=\"elementor-spacer\">\n\t\t\t<div class=\"elementor-spacer-inner\"><\/div>\n\t\t<\/div>\n\t\t\t\t\t\t<\/div>\n\t\t\t\t<\/div>\n\t\t\t\t<div class=\"elementor-element elementor-element-91c518c sc_fly_static elementor-widget elementor-widget-trx_sc_title\" data-id=\"91c518c\" data-element_type=\"widget\" data-e-type=\"widget\" data-widget_type=\"trx_sc_title.default\">\n\t\t\t\t<div class=\"elementor-widget-container\">\n\t\t\t\t\t<div\t\tclass=\"sc_title sc_title_default\" ><h2 class=\"sc_item_title sc_title_title sc_item_title_style_default sc_item_title_tag sc_typed\"\n\t\t\t><span class=\"sc_item_title_text\">Cirug\u00eda de estrabismo a cualquier edad\n\n\n\n\n\n\n<\/span><\/h2><\/div>\t\t\t\t<\/div>\n\t\t\t\t<\/div>\n\t\t\t\t<div class=\"elementor-element elementor-element-091feb7 sc_fly_static elementor-widget elementor-widget-spacer\" data-id=\"091feb7\" data-element_type=\"widget\" data-e-type=\"widget\" data-widget_type=\"spacer.default\">\n\t\t\t\t<div class=\"elementor-widget-container\">\n\t\t\t\t\t\t\t<div class=\"elementor-spacer\">\n\t\t\t<div class=\"elementor-spacer-inner\"><\/div>\n\t\t<\/div>\n\t\t\t\t\t\t<\/div>\n\t\t\t\t<\/div>\n\t\t\t\t<div class=\"elementor-element elementor-element-671a4ff elementor-widget__width-initial sc_fly_static elementor-widget elementor-widget-text-editor\" data-id=\"671a4ff\" data-element_type=\"widget\" data-e-type=\"widget\" data-widget_type=\"text-editor.default\">\n\t\t\t\t<div class=\"elementor-widget-container\">\n\t\t\t\t\t\t\t\t\t<div class=\"presented-response-container ng-tns-c3034524570-304\"><div class=\"response-container-content ng-tns-c3034524570-304 tunable-selection-with-avatar\"><div class=\"response-content ng-tns-c3034524570-304\"><div class=\"markdown markdown-main-panel response-optimization\" dir=\"ltr\"><p data-sourcepos=\"1:1-1:681\">La cirug\u00eda de estrabismo no solo es beneficiosa para los ni\u00f1os. Tambi\u00e9n realizamos correcci\u00f3n quir\u00fargica del estrabismo en adultos. Aqu\u00ed, no se trata solo del aspecto cosm\u00e9tico, sino tambi\u00e9n de prevenir la visi\u00f3n doble. Los ni\u00f1os suprimen r\u00e1pidamente la imagen del ojo desviado, por lo que rara vez perciben visi\u00f3n doble. Como resultado, se desarrolla una discapacidad visual (ambliop\u00eda) que puede durar toda la vida. En adultos que han desarrollado una agudeza visual completa con ambos ojos, un estrabismo paral\u00edtico repentino, por ejemplo, conduce a la percepci\u00f3n de im\u00e1genes dobles. Si estos no se pueden corregir con gafas prism\u00e1ticas, la cirug\u00eda puede ser la opci\u00f3n correcta.<\/p><\/div><div class=\"skeleton-loader-container\">\u00a0<\/div><div class=\"response-footer gap complete\">\u00a0<\/div><\/div><\/div><\/div><div class=\"response-container-footer ng-tns-c3034524570-304\"><div class=\"actions-container-v2 ng-tns-c3897993143-306\"><div class=\"buttons-container-v2 ng-tns-c3897993143-306 ng-star-inserted\"><div class=\"thumbs-up-animation-container ng-tns-c3897993143-306 ng-star-inserted\" hidden=\"\">\u00a0<\/div><div class=\"thumbs-down-animation-container ng-tns-c3897993143-306 ng-star-inserted\" hidden=\"\">\u00a0<\/div><div class=\"menu-button-wrapper ng-tns-c3897993143-306 ng-star-inserted\">\u00a0<\/div><button class=\"mat-mdc-tooltip-trigger icon-button mdc-button mat-mdc-button mat-unthemed mat-mdc-button-base ng-star-inserted\" aria-label=\"Google it\" aria-expanded=\"false\" aria-controls=\"factuality-form-33\"><\/button><div class=\"menu-button-wrapper ng-tns-c3897993143-306 ng-star-inserted\"><div class=\"more-menu-button-container ng-tns-c3897993143-306 ng-star-inserted\">\u00a0<\/div><\/div><div class=\"spacer ng-tns-c3897993143-306 ng-star-inserted\">\u00a0<\/div><\/div><\/div><\/div>\t\t\t\t\t\t\t\t<\/div>\n\t\t\t\t<\/div>\n\t\t\t\t\t<\/div>\n\t\t<\/div>\n\t\t\t\t\t<\/div>\n\t\t<\/section>\n\t\t\t\t<section class=\"elementor-section elementor-top-section elementor-element elementor-element-849ace6 elementor-section-boxed elementor-section-height-default elementor-section-height-default animation_type_block sc_fly_static elementor-invisible\" data-id=\"849ace6\" data-element_type=\"section\" data-e-type=\"section\" data-settings=\"{&quot;background_background&quot;:&quot;classic&quot;,&quot;animation&quot;:&quot;fadeInUp&quot;,&quot;_ha_eqh_enable&quot;:false}\">\n\t\t\t\t\t\t\t<div class=\"elementor-background-overlay\"><\/div>\n\t\t\t\t\t\t\t<div class=\"elementor-container elementor-column-gap-extended\">\n\t\t\t\t\t<div class=\"elementor-column elementor-col-100 elementor-top-column elementor-element elementor-element-207dadc sc_inner_width_none sc_content_align_inherit sc_layouts_column_icons_position_left sc_fly_static\" data-id=\"207dadc\" data-element_type=\"column\" data-e-type=\"column\">\n\t\t\t<div class=\"elementor-widget-wrap elementor-element-populated\">\n\t\t\t\t\t\t<div class=\"elementor-element elementor-element-e527907 play_center sc_layouts_hide_on_mobile elementor-view-default sc_fly_static elementor-widget elementor-widget-icon\" data-id=\"e527907\" data-element_type=\"widget\" data-e-type=\"widget\" data-widget_type=\"icon.default\">\n\t\t\t\t<div class=\"elementor-widget-container\">\n\t\t\t\t\t\t\t<div class=\"elementor-icon-wrapper\">\n\t\t\t<div class=\"elementor-icon elementor-animation-sink\">\n\t\t\t<i aria-hidden=\"true\" class=\"fas fa-info-circle\"><\/i>\t\t\t<\/div>\n\t\t<\/div>\n\t\t\t\t\t\t<\/div>\n\t\t\t\t<\/div>\n\t\t\t\t<div class=\"elementor-element elementor-element-72407e9 sc_height_small sc_fly_static elementor-widget elementor-widget-spacer\" data-id=\"72407e9\" data-element_type=\"widget\" data-e-type=\"widget\" data-widget_type=\"spacer.default\">\n\t\t\t\t<div class=\"elementor-widget-container\">\n\t\t\t\t\t\t\t<div class=\"elementor-spacer\">\n\t\t\t<div class=\"elementor-spacer-inner\"><\/div>\n\t\t<\/div>\n\t\t\t\t\t\t<\/div>\n\t\t\t\t<\/div>\n\t\t\t\t<div class=\"elementor-element elementor-element-9dfb647 sc_fly_static elementor-widget elementor-widget-trx_sc_title\" data-id=\"9dfb647\" data-element_type=\"widget\" data-e-type=\"widget\" data-widget_type=\"trx_sc_title.default\">\n\t\t\t\t<div class=\"elementor-widget-container\">\n\t\t\t\t\t<div\t\tclass=\"sc_title sc_title_default\" ><h4 class=\"sc_item_title sc_title_title sc_align_center sc_item_title_style_default sc_item_title_tag trx_addons_inline_533152179\"\n\t\t\t><span class=\"sc_item_title_text\">En la cirug\u00eda de estrabismo, los m\u00fasculos oculares, que se adhieren a la parte posterior del ojo como riendas, se alteran en longitud o en su punto de uni\u00f3n al ojo, corrigiendo as\u00ed estas desalineaciones.<\/span><\/h4><\/div>\t\t\t\t<\/div>\n\t\t\t\t<\/div>\n\t\t\t\t\t<\/div>\n\t\t<\/div>\n\t\t\t\t\t<\/div>\n\t\t<\/section>\n\t\t\t\t<\/div>\n\t\t","protected":false},"excerpt":{"rendered":"<p>Cirug\u00eda Cirug\u00eda de Estrabismo El estrabismo es una condici\u00f3n en la que los ojos est\u00e1n permanentemente o intermitentemente desalineado, lo que significa que los ojos izquierdo y derecho no apuntan&hellip;<\/p>\n","protected":false},"author":2,"featured_media":26944,"parent":0,"menu_order":0,"comment_status":"closed","ping_status":"closed","template":"elementor_header_footer","meta":{"footnotes":""},"class_list":["post-28027","page","type-page","status-publish","has-post-thumbnail","hentry"],"_links":{"self":[{"href":"https:\/\/eyedoc-ahmedgalal.com\/es\/wp-json\/wp\/v2\/pages\/28027","targetHints":{"allow":["GET"]}}],"collection":[{"href":"https:\/\/eyedoc-ahmedgalal.com\/es\/wp-json\/wp\/v2\/pages"}],"about":[{"href":"https:\/\/eyedoc-ahmedgalal.com\/es\/wp-json\/wp\/v2\/types\/page"}],"author":[{"embeddable":true,"href":"https:\/\/eyedoc-ahmedgalal.com\/es\/wp-json\/wp\/v2\/users\/2"}],"replies":[{"embeddable":true,"href":"https:\/\/eyedoc-ahmedgalal.com\/es\/wp-json\/wp\/v2\/comments?post=28027"}],"version-history":[{"count":7,"href":"https:\/\/eyedoc-ahmedgalal.com\/es\/wp-json\/wp\/v2\/pages\/28027\/revisions"}],"predecessor-version":[{"id":28044,"href":"https:\/\/eyedoc-ahmedgalal.com\/es\/wp-json\/wp\/v2\/pages\/28027\/revisions\/28044"}],"wp:featuredmedia":[{"embeddable":true,"href":"https:\/\/eyedoc-ahmedgalal.com\/es\/wp-json\/wp\/v2\/media\/26944"}],"wp:attachment":[{"href":"https:\/\/eyedoc-ahmedgalal.com\/es\/wp-json\/wp\/v2\/media?parent=28027"}],"curies":[{"name":"wp","href":"https:\/\/api.w.org\/{rel}","templated":true}]}}