{"id":28106,"date":"2024-09-22T17:50:45","date_gmt":"2024-09-22T17:50:45","guid":{"rendered":"https:\/\/eyedoc-ahmedgalal.com\/contact-lens-studio\/"},"modified":"2024-11-20T20:38:26","modified_gmt":"2024-11-20T20:38:26","slug":"contact-lens-studio","status":"publish","type":"page","link":"https:\/\/eyedoc-ahmedgalal.com\/es\/contact-lens-studio\/","title":{"rendered":"Estudio de Lentes de Contacto"},"content":{"rendered":"\t\t<div data-elementor-type=\"wp-page\" data-elementor-id=\"28106\" class=\"elementor elementor-28106 elementor-24311\" data-elementor-settings=\"{&quot;ha_cmc_init_switcher&quot;:&quot;no&quot;}\">\n\t\t\t\t\t\t<section class=\"elementor-section elementor-top-section elementor-element elementor-element-536f081 elementor-section-content-middle elementor-reverse-mobile elementor-section-boxed elementor-section-height-default elementor-section-height-default sc_fly_static\" data-id=\"536f081\" data-element_type=\"section\" data-e-type=\"section\" data-settings=\"{&quot;background_background&quot;:&quot;classic&quot;,&quot;_ha_eqh_enable&quot;:false}\">\n\t\t\t\t\t\t<div class=\"elementor-container elementor-column-gap-default\">\n\t\t\t\t\t<div class=\"elementor-column elementor-col-50 elementor-top-column elementor-element elementor-element-217408b sc_inner_width_none sc_content_align_inherit sc_layouts_column_icons_position_left sc_fly_static\" data-id=\"217408b\" data-element_type=\"column\" data-e-type=\"column\">\n\t\t\t<div class=\"elementor-widget-wrap elementor-element-populated\">\n\t\t\t\t\t\t<div class=\"elementor-element elementor-element-41edfa7 sc_layouts_hide_on_tablet sc_fly_static elementor-widget elementor-widget-spacer\" data-id=\"41edfa7\" data-element_type=\"widget\" data-e-type=\"widget\" data-widget_type=\"spacer.default\">\n\t\t\t\t<div class=\"elementor-widget-container\">\n\t\t\t\t\t\t\t<div class=\"elementor-spacer\">\n\t\t\t<div class=\"elementor-spacer-inner\"><\/div>\n\t\t<\/div>\n\t\t\t\t\t\t<\/div>\n\t\t\t\t<\/div>\n\t\t\t\t<div class=\"elementor-element elementor-element-d97e915 no-title sc_fly_static elementor-widget elementor-widget-image\" data-id=\"d97e915\" data-element_type=\"widget\" data-e-type=\"widget\" data-widget_type=\"image.default\">\n\t\t\t\t<div class=\"elementor-widget-container\">\n\t\t\t\t\t\t\t\t\t\t\t\t\t\t\t<img fetchpriority=\"high\" decoding=\"async\" width=\"1211\" height=\"631\" src=\"https:\/\/eyedoc-ahmedgalal.com\/wp-content\/uploads\/2024\/09\/Contact-Lens-e1727094880603.png\" class=\"attachment-full size-full wp-image-24859\" alt=\"\" srcset=\"https:\/\/eyedoc-ahmedgalal.com\/wp-content\/uploads\/2024\/09\/Contact-Lens-e1727094880603.png 1211w, https:\/\/eyedoc-ahmedgalal.com\/wp-content\/uploads\/2024\/09\/Contact-Lens-e1727094880603-300x156.png 300w, https:\/\/eyedoc-ahmedgalal.com\/wp-content\/uploads\/2024\/09\/Contact-Lens-e1727094880603-1024x534.png 1024w, https:\/\/eyedoc-ahmedgalal.com\/wp-content\/uploads\/2024\/09\/Contact-Lens-e1727094880603-768x400.png 768w, https:\/\/eyedoc-ahmedgalal.com\/wp-content\/uploads\/2024\/09\/Contact-Lens-e1727094880603-370x193.png 370w, https:\/\/eyedoc-ahmedgalal.com\/wp-content\/uploads\/2024\/09\/Contact-Lens-e1727094880603-840x438.png 840w, https:\/\/eyedoc-ahmedgalal.com\/wp-content\/uploads\/2024\/09\/Contact-Lens-e1727094880603-410x214.png 410w, https:\/\/eyedoc-ahmedgalal.com\/wp-content\/uploads\/2024\/09\/Contact-Lens-e1727094880603-600x313.png 600w\" sizes=\"(max-width: 1211px) 100vw, 1211px\" \/>\t\t\t\t\t\t\t\t\t\t\t\t\t\t\t<\/div>\n\t\t\t\t<\/div>\n\t\t\t\t\t<\/div>\n\t\t<\/div>\n\t\t\t\t<div class=\"elementor-column elementor-col-50 elementor-top-column elementor-element elementor-element-347bb79 sc_inner_width_none sc_content_align_inherit sc_layouts_column_icons_position_left sc_fly_static\" data-id=\"347bb79\" data-element_type=\"column\" data-e-type=\"column\">\n\t\t\t<div class=\"elementor-widget-wrap elementor-element-populated\">\n\t\t\t\t\t\t<div class=\"elementor-element elementor-element-d86c0c6 sc_fly_static elementor-widget elementor-widget-trx_sc_title\" data-id=\"d86c0c6\" data-element_type=\"widget\" data-e-type=\"widget\" data-widget_type=\"trx_sc_title.default\">\n\t\t\t\t<div class=\"elementor-widget-container\">\n\t\t\t\t\t<div\t\tclass=\"sc_title sc_title_default\" ><h2 class=\"sc_item_title sc_title_title sc_item_title_style_default sc_item_title_tag\"\n\t\t\t><span class=\"sc_item_title_text\">Estudio de Lentes de Contacto Regensburg<\/span><\/h2><div class=\"sc_item_descr sc_title_descr\"><p>En el estudio de lentes de contacto de nuestra reconocida cl\u00ednica ocular, le ofrecemos soluciones de vanguardia para todas sus necesidades de lentes de contacto, tanto para la vida cotidiana como para afecciones oculares complejas. Nuestro equipo de \u00f3pticos experimentados, liderado por la Sra. Kreuter, y los oftalm\u00f3logos de la Cl\u00ednica Oftalmol\u00f3gica de Regensburg trabajan mano a mano para brindarle la soluci\u00f3n de visi\u00f3n \u00f3ptima.<\/p>\n<\/div><\/div>\t\t\t\t<\/div>\n\t\t\t\t<\/div>\n\t\t\t\t<section class=\"elementor-section elementor-inner-section elementor-element elementor-element-07f6b1d elementor-section-full_width sc_section_toggle_on elementor-section-height-default elementor-section-height-default sc_section_toggle_state_show sc_fly_static\" data-id=\"07f6b1d\" data-element_type=\"section\" data-e-type=\"section\" data-settings=\"{&quot;_ha_eqh_enable&quot;:false}\">\n\t\t\t\t\t\t<div class=\"elementor-container elementor-column-gap-extended\">\n\t\t\t\t\t<div class=\"elementor-column elementor-col-100 elementor-inner-column elementor-element elementor-element-d31f781 sc_inner_width_none sc_content_align_inherit sc_layouts_column_icons_position_left sc_fly_static\" data-id=\"d31f781\" data-element_type=\"column\" data-e-type=\"column\">\n\t\t\t<div class=\"elementor-widget-wrap elementor-element-populated\">\n\t\t\t\t\t\t<div class=\"elementor-element elementor-element-71a0394 sc_fly_static elementor-widget elementor-widget-trx_sc_title\" data-id=\"71a0394\" data-element_type=\"widget\" data-e-type=\"widget\" data-widget_type=\"trx_sc_title.default\">\n\t\t\t\t<div class=\"elementor-widget-container\">\n\t\t\t\t\t<div\t\tclass=\"sc_title sc_title_default\" ><h5 class=\"sc_item_title sc_title_title sc_item_title_style_default sc_item_title_tag\"\n\t\t\t><span class=\"sc_item_title_text\">Cuidado individualizado para cada ojo\n\n\n\n<\/span><\/h5><\/div>\t\t\t\t<\/div>\n\t\t\t\t<\/div>\n\t\t\t\t<div class=\"elementor-element elementor-element-6747638 sc_fly_static elementor-widget elementor-widget-text-editor\" data-id=\"6747638\" data-element_type=\"widget\" data-e-type=\"widget\" data-widget_type=\"text-editor.default\">\n\t\t\t\t<div class=\"elementor-widget-container\">\n\t\t\t\t\t\t\t\t\t<p>Ya sea que desee corregir errores refractivos simples como miop\u00eda o hipermetrop\u00eda, o si padece afecciones oculares especiales como queratocono, encontramos el lente de contacto adecuado para cada paciente. Gracias a nuestra experiencia especial y tecnolog\u00eda de vanguardia, podemos mejorar significativamente la visi\u00f3n incluso en casos dif\u00edciles.<\/p>\t\t\t\t\t\t\t\t<\/div>\n\t\t\t\t<\/div>\n\t\t\t\t\t<\/div>\n\t\t<\/div>\n\t\t\t\t\t<\/div>\n\t\t<\/section>\n\t\t\t\t<section class=\"elementor-section elementor-inner-section elementor-element elementor-element-81cc08b elementor-section-full_width sc_section_toggle_on elementor-section-height-default elementor-section-height-default sc_section_toggle_state_show sc_fly_static\" data-id=\"81cc08b\" data-element_type=\"section\" data-e-type=\"section\" data-settings=\"{&quot;_ha_eqh_enable&quot;:false}\">\n\t\t\t\t\t\t<div class=\"elementor-container elementor-column-gap-extended\">\n\t\t\t\t\t<div class=\"elementor-column elementor-col-100 elementor-inner-column elementor-element elementor-element-25410a1 sc_inner_width_none sc_content_align_inherit sc_layouts_column_icons_position_left sc_fly_static\" data-id=\"25410a1\" data-element_type=\"column\" data-e-type=\"column\">\n\t\t\t<div class=\"elementor-widget-wrap elementor-element-populated\">\n\t\t\t\t\t\t<div class=\"elementor-element elementor-element-b6b4762 sc_fly_static elementor-widget elementor-widget-trx_sc_title\" data-id=\"b6b4762\" data-element_type=\"widget\" data-e-type=\"widget\" data-widget_type=\"trx_sc_title.default\">\n\t\t\t\t<div class=\"elementor-widget-container\">\n\t\t\t\t\t<div\t\tclass=\"sc_title sc_title_default\" ><h5 class=\"sc_item_title sc_title_title sc_item_title_style_default sc_item_title_tag\"\n\t\t\t><span class=\"sc_item_title_text\">Lentes de contacto para una visi\u00f3n sin preocupaciones\n<\/span><\/h5><\/div>\t\t\t\t<\/div>\n\t\t\t\t<\/div>\n\t\t\t\t<div class=\"elementor-element elementor-element-07a8e52 sc_fly_static elementor-widget elementor-widget-text-editor\" data-id=\"07a8e52\" data-element_type=\"widget\" data-e-type=\"widget\" data-widget_type=\"text-editor.default\">\n\t\t\t\t<div class=\"elementor-widget-container\">\n\t\t\t\t\t\t\t\t\t<p>A diferencia de las gafas, las lentes de contacto le ofrecen un campo de visi\u00f3n sin restricciones y una experiencia visual natural, sin lentes ni marcos que distraigan. Son ideales para la vida cotidiana, los deportes y cualquier actividad donde la libertad de movimiento y la comodidad sean primordiales.<\/p>\t\t\t\t\t\t\t\t<\/div>\n\t\t\t\t<\/div>\n\t\t\t\t\t<\/div>\n\t\t<\/div>\n\t\t\t\t\t<\/div>\n\t\t<\/section>\n\t\t\t\t\t<\/div>\n\t\t<\/div>\n\t\t\t\t\t<\/div>\n\t\t<\/section>\n\t\t\t\t<section class=\"elementor-section elementor-top-section elementor-element elementor-element-7856b39 elementor-section-content-middle elementor-section-stretched elementor-section-boxed elementor-section-height-default elementor-section-height-default sc_fly_static\" data-id=\"7856b39\" data-element_type=\"section\" data-e-type=\"section\" data-settings=\"{&quot;background_background&quot;:&quot;classic&quot;,&quot;stretch_section&quot;:&quot;section-stretched&quot;,&quot;_ha_eqh_enable&quot;:false}\">\n\t\t\t\t\t\t<div class=\"elementor-container elementor-column-gap-extended\">\n\t\t\t\t\t<div class=\"elementor-column elementor-col-50 elementor-top-column elementor-element elementor-element-962ae20 sc_inner_width_none sc_content_align_inherit sc_layouts_column_icons_position_left sc_fly_static\" data-id=\"962ae20\" data-element_type=\"column\" data-e-type=\"column\">\n\t\t\t<div class=\"elementor-widget-wrap elementor-element-populated\">\n\t\t\t\t\t\t<div class=\"elementor-element elementor-element-12537f7 sc_layouts_hide_on_tablet sc_fly_static elementor-widget elementor-widget-spacer\" data-id=\"12537f7\" data-element_type=\"widget\" data-e-type=\"widget\" data-widget_type=\"spacer.default\">\n\t\t\t\t<div class=\"elementor-widget-container\">\n\t\t\t\t\t\t\t<div class=\"elementor-spacer\">\n\t\t\t<div class=\"elementor-spacer-inner\"><\/div>\n\t\t<\/div>\n\t\t\t\t\t\t<\/div>\n\t\t\t\t<\/div>\n\t\t\t\t<div class=\"elementor-element elementor-element-dc8f726 sc_fly_static elementor-widget elementor-widget-trx_sc_title\" data-id=\"dc8f726\" data-element_type=\"widget\" data-e-type=\"widget\" data-widget_type=\"trx_sc_title.default\">\n\t\t\t\t<div class=\"elementor-widget-container\">\n\t\t\t\t\t<div\t\tclass=\"sc_title sc_title_default\" ><h2 class=\"sc_item_title sc_title_title sc_item_title_style_default sc_item_title_tag\"\n\t\t\t><span class=\"sc_item_title_text\">Ex\u00e1menes Oculares Regulares\n\n<\/span><\/h2><div class=\"sc_item_descr sc_title_descr\"><p>Su salud ocular es nuestra m\u00e1xima prioridad. Por eso, todos nuestros pacientes se someten a ex\u00e1menes regulares realizados por nuestros oftalm\u00f3logos. Esto asegura que sus ojos reciban un cuidado \u00f3ptimo y que sus lentes de contacto permanezcan perfectamente ajustados.<\/p>\n<p>Perm\u00edtanos asesorarle y experimentar la visi\u00f3n de nuevo: c\u00f3moda, segura y adaptada a sus necesidades individuales.<\/p>\n<\/div><\/div>\t\t\t\t<\/div>\n\t\t\t\t<\/div>\n\t\t\t\t<div class=\"elementor-element elementor-element-c3b89b3 sc_layouts_hide_on_tablet sc_fly_static elementor-widget elementor-widget-spacer\" data-id=\"c3b89b3\" data-element_type=\"widget\" data-e-type=\"widget\" data-widget_type=\"spacer.default\">\n\t\t\t\t<div class=\"elementor-widget-container\">\n\t\t\t\t\t\t\t<div class=\"elementor-spacer\">\n\t\t\t<div class=\"elementor-spacer-inner\"><\/div>\n\t\t<\/div>\n\t\t\t\t\t\t<\/div>\n\t\t\t\t<\/div>\n\t\t\t\t<div class=\"elementor-element elementor-element-77fa259 sc_fly_static elementor-widget elementor-widget-image\" data-id=\"77fa259\" data-element_type=\"widget\" data-e-type=\"widget\" data-widget_type=\"image.default\">\n\t\t\t\t<div class=\"elementor-widget-container\">\n\t\t\t\t\t\t\t\t\t\t\t\t\t\t\t<img decoding=\"async\" width=\"842\" height=\"572\" src=\"https:\/\/eyedoc-ahmedgalal.com\/wp-content\/uploads\/2024\/09\/Optometrist-Doing-Sight-Testing-For-Patient1-1.jpg\" class=\"attachment-large size-large wp-image-24918\" alt=\"\" srcset=\"https:\/\/eyedoc-ahmedgalal.com\/wp-content\/uploads\/2024\/09\/Optometrist-Doing-Sight-Testing-For-Patient1-1.jpg 842w, https:\/\/eyedoc-ahmedgalal.com\/wp-content\/uploads\/2024\/09\/Optometrist-Doing-Sight-Testing-For-Patient1-1-300x204.jpg 300w, https:\/\/eyedoc-ahmedgalal.com\/wp-content\/uploads\/2024\/09\/Optometrist-Doing-Sight-Testing-For-Patient1-1-768x522.jpg 768w, https:\/\/eyedoc-ahmedgalal.com\/wp-content\/uploads\/2024\/09\/Optometrist-Doing-Sight-Testing-For-Patient1-1-370x251.jpg 370w, https:\/\/eyedoc-ahmedgalal.com\/wp-content\/uploads\/2024\/09\/Optometrist-Doing-Sight-Testing-For-Patient1-1-840x571.jpg 840w, https:\/\/eyedoc-ahmedgalal.com\/wp-content\/uploads\/2024\/09\/Optometrist-Doing-Sight-Testing-For-Patient1-1-410x279.jpg 410w, https:\/\/eyedoc-ahmedgalal.com\/wp-content\/uploads\/2024\/09\/Optometrist-Doing-Sight-Testing-For-Patient1-1-600x408.jpg 600w\" sizes=\"(max-width: 842px) 100vw, 842px\" \/>\t\t\t\t\t\t\t\t\t\t\t\t\t\t\t<\/div>\n\t\t\t\t<\/div>\n\t\t\t\t<div class=\"elementor-element elementor-element-280f829 sc_layouts_hide_on_tablet sc_fly_static elementor-widget elementor-widget-spacer\" data-id=\"280f829\" data-element_type=\"widget\" data-e-type=\"widget\" data-widget_type=\"spacer.default\">\n\t\t\t\t<div class=\"elementor-widget-container\">\n\t\t\t\t\t\t\t<div class=\"elementor-spacer\">\n\t\t\t<div class=\"elementor-spacer-inner\"><\/div>\n\t\t<\/div>\n\t\t\t\t\t\t<\/div>\n\t\t\t\t<\/div>\n\t\t\t\t\t<\/div>\n\t\t<\/div>\n\t\t\t\t<div class=\"elementor-column elementor-col-50 elementor-top-column elementor-element elementor-element-00d2d72 sc_inner_width_none sc_content_align_inherit sc_layouts_column_icons_position_left sc_fly_static\" data-id=\"00d2d72\" data-element_type=\"column\" data-e-type=\"column\">\n\t\t\t<div class=\"elementor-widget-wrap elementor-element-populated\">\n\t\t\t\t\t\t<div class=\"elementor-element elementor-element-fa68063 elementor-widget__width-initial sc_fly_static elementor-widget elementor-widget-toggle\" data-id=\"fa68063\" data-element_type=\"widget\" data-e-type=\"widget\" data-widget_type=\"toggle.default\">\n\t\t\t\t<div class=\"elementor-widget-container\">\n\t\t\t\t\t\t\t<div class=\"elementor-toggle\">\n\t\t\t\t\t\t\t<div class=\"elementor-toggle-item\">\n\t\t\t\t\t<h5 id=\"elementor-tab-title-2621\" class=\"elementor-tab-title\" data-tab=\"1\" role=\"button\" aria-controls=\"elementor-tab-content-2621\" aria-expanded=\"false\">\n\t\t\t\t\t\t\t\t\t\t\t\t<span class=\"elementor-toggle-icon elementor-toggle-icon-right\" aria-hidden=\"true\">\n\t\t\t\t\t\t\t\t\t\t\t\t\t\t\t<span class=\"elementor-toggle-icon-closed\"><i class=\"fas fa-plus\"><\/i><\/span>\n\t\t\t\t\t\t\t\t<span class=\"elementor-toggle-icon-opened\"><i class=\"elementor-toggle-icon-opened fas fa-minus\"><\/i><\/span>\n\t\t\t\t\t\t\t\t\t\t\t\t\t<\/span>\n\t\t\t\t\t\t\t\t\t\t\t\t<a class=\"elementor-toggle-title\" tabindex=\"0\">Qui\u00e9n puede usar lentes de contacto?<\/a>\n\t\t\t\t\t<\/h5>\n\n\t\t\t\t\t<div id=\"elementor-tab-content-2621\" class=\"elementor-tab-content elementor-clearfix\" data-tab=\"1\" role=\"region\" aria-labelledby=\"elementor-tab-title-2621\"><p data-sourcepos=\"3:1-3:524\">Un requisito previo para usar lentes de contacto es la idoneidad individual, es decir, las condiciones anat\u00f3micas del ojo y la motivaci\u00f3n del posible usuario de lentes de contacto, pero generalmente tambi\u00e9n la higiene necesaria en el manejo y cuidado de los lentes de contacto.<\/p><\/div>\n\t\t\t\t<\/div>\n\t\t\t\t\t\t\t<div class=\"elementor-toggle-item\">\n\t\t\t\t\t<h5 id=\"elementor-tab-title-2622\" class=\"elementor-tab-title\" data-tab=\"2\" role=\"button\" aria-controls=\"elementor-tab-content-2622\" aria-expanded=\"false\">\n\t\t\t\t\t\t\t\t\t\t\t\t<span class=\"elementor-toggle-icon elementor-toggle-icon-right\" aria-hidden=\"true\">\n\t\t\t\t\t\t\t\t\t\t\t\t\t\t\t<span class=\"elementor-toggle-icon-closed\"><i class=\"fas fa-plus\"><\/i><\/span>\n\t\t\t\t\t\t\t\t<span class=\"elementor-toggle-icon-opened\"><i class=\"elementor-toggle-icon-opened fas fa-minus\"><\/i><\/span>\n\t\t\t\t\t\t\t\t\t\t\t\t\t<\/span>\n\t\t\t\t\t\t\t\t\t\t\t\t<a class=\"elementor-toggle-title\" tabindex=\"0\">Qu\u00e9 errores refractivos se pueden corregir?<\/a>\n\t\t\t\t\t<\/h5>\n\n\t\t\t\t\t<div id=\"elementor-tab-content-2622\" class=\"elementor-tab-content elementor-clearfix\" data-tab=\"2\" role=\"region\" aria-labelledby=\"elementor-tab-title-2622\"><div class=\"presented-response-container ng-tns-c3034524570-889\"><div class=\"response-container-content ng-tns-c3034524570-889 tunable-selection-with-avatar\"><div class=\"response-content ng-tns-c3034524570-889\"><div class=\"markdown markdown-main-panel response-optimization\" dir=\"ltr\"><ul><li data-sourcepos=\"3:1-9:21\">Errores refractivos de cualquier tama\u00f1o (miop\u00eda\/hipermetrop\u00eda)<\/li><li data-sourcepos=\"3:1-9:21\">Astigmatismo de cualquier tama\u00f1o (curvatura corneal)<\/li><li data-sourcepos=\"3:1-9:21\">Presbicia (hipermetrop\u00eda relacionada con la edad)<\/li><li data-sourcepos=\"3:1-9:21\">Curvatura corneal irregular<\/li><li data-sourcepos=\"3:1-9:21\">Queratocono<\/li><li data-sourcepos=\"3:1-9:21\">Anisometrop\u00eda (visi\u00f3n desigual en ambos ojos)<\/li><li data-sourcepos=\"3:1-9:21\"><div class=\"presented-response-container ng-tns-c3034524570-889\"><div class=\"response-container-content ng-tns-c3034524570-889 tunable-selection-with-avatar\"><div class=\"response-content ng-tns-c3034524570-889\"><div class=\"markdown markdown-main-panel response-optimization\" dir=\"ltr\"><p data-sourcepos=\"3:1-9:21\">Defectos del iris<\/p><\/div><\/div><\/div><\/div><div class=\"response-container-footer ng-tns-c3034524570-889\"><div class=\"actions-container-v2 ng-tns-c3897993143-891\">\u00a0<\/div><\/div><\/li><\/ul><\/div><\/div><\/div><\/div><\/div>\n\t\t\t\t<\/div>\n\t\t\t\t\t\t\t<div class=\"elementor-toggle-item\">\n\t\t\t\t\t<h5 id=\"elementor-tab-title-2623\" class=\"elementor-tab-title\" data-tab=\"3\" role=\"button\" aria-controls=\"elementor-tab-content-2623\" aria-expanded=\"false\">\n\t\t\t\t\t\t\t\t\t\t\t\t<span class=\"elementor-toggle-icon elementor-toggle-icon-right\" aria-hidden=\"true\">\n\t\t\t\t\t\t\t\t\t\t\t\t\t\t\t<span class=\"elementor-toggle-icon-closed\"><i class=\"fas fa-plus\"><\/i><\/span>\n\t\t\t\t\t\t\t\t<span class=\"elementor-toggle-icon-opened\"><i class=\"elementor-toggle-icon-opened fas fa-minus\"><\/i><\/span>\n\t\t\t\t\t\t\t\t\t\t\t\t\t<\/span>\n\t\t\t\t\t\t\t\t\t\t\t\t<a class=\"elementor-toggle-title\" tabindex=\"0\">Varias razones pueden hacer que el uso de lentes de contacto sea sensato o necesario<\/a>\n\t\t\t\t\t<\/h5>\n\n\t\t\t\t\t<div id=\"elementor-tab-content-2623\" class=\"elementor-tab-content elementor-clearfix\" data-tab=\"3\" role=\"region\" aria-labelledby=\"elementor-tab-title-2623\"><div class=\"presented-response-container ng-tns-c3034524570-907\"><div class=\"response-container-content ng-tns-c3034524570-907 tunable-selection-with-avatar\"><div class=\"response-content ng-tns-c3034524570-907\"><div class=\"markdown markdown-main-panel response-optimization\" dir=\"ltr\"><ul><li data-sourcepos=\"3:1-7:12\">Ocupaci\u00f3n<\/li><li data-sourcepos=\"3:1-7:12\">Afaquia (ausencia del cristalino)<\/li><li data-sourcepos=\"3:1-7:12\">Enfermedades corneales (por ejemplo, queratocono\/irregularidades\/queratoplastia)<\/li><li data-sourcepos=\"3:1-7:12\">Flexibilidad en deportes y ocio<\/li><li data-sourcepos=\"3:1-7:12\"><div class=\"presented-response-container ng-tns-c3034524570-907\"><div class=\"response-container-content ng-tns-c3034524570-907 tunable-selection-with-avatar\"><div class=\"response-content ng-tns-c3034524570-907\"><div class=\"markdown markdown-main-panel response-optimization\" dir=\"ltr\"><p data-sourcepos=\"3:1-7:12\">Est\u00e9tica<\/p><\/div><\/div><\/div><\/div><div class=\"response-container-footer ng-tns-c3034524570-907\"><div class=\"actions-container-v2 ng-tns-c3897993143-909\">\u00a0<\/div><\/div><\/li><\/ul><\/div><\/div><\/div><\/div><div class=\"response-container-footer ng-tns-c3034524570-907\"><div class=\"actions-container-v2 ng-tns-c3897993143-909\">\u00a0<\/div><\/div><\/div>\n\t\t\t\t<\/div>\n\t\t\t\t\t\t\t<div class=\"elementor-toggle-item\">\n\t\t\t\t\t<h5 id=\"elementor-tab-title-2624\" class=\"elementor-tab-title\" data-tab=\"4\" role=\"button\" aria-controls=\"elementor-tab-content-2624\" aria-expanded=\"false\">\n\t\t\t\t\t\t\t\t\t\t\t\t<span class=\"elementor-toggle-icon elementor-toggle-icon-right\" aria-hidden=\"true\">\n\t\t\t\t\t\t\t\t\t\t\t\t\t\t\t<span class=\"elementor-toggle-icon-closed\"><i class=\"fas fa-plus\"><\/i><\/span>\n\t\t\t\t\t\t\t\t<span class=\"elementor-toggle-icon-opened\"><i class=\"elementor-toggle-icon-opened fas fa-minus\"><\/i><\/span>\n\t\t\t\t\t\t\t\t\t\t\t\t\t<\/span>\n\t\t\t\t\t\t\t\t\t\t\t\t<a class=\"elementor-toggle-title\" tabindex=\"0\">Lentes de Contacto R\u00edgidos<\/a>\n\t\t\t\t\t<\/h5>\n\n\t\t\t\t\t<div id=\"elementor-tab-content-2624\" class=\"elementor-tab-content elementor-clearfix\" data-tab=\"4\" role=\"region\" aria-labelledby=\"elementor-tab-title-2624\"><p data-sourcepos=\"3:1-3:659\">Los lentes de contacto r\u00edgidos tienen una forma fija, definida con precisi\u00f3n, y deben adaptarse exactamente a las condiciones individuales del ojo. Los materiales modernos son muy permeables al ox\u00edgeno, lo que los hace m\u00e1s c\u00f3modos de usar. Debido a que pueden absorber muy poco l\u00edquido, tambi\u00e9n se pueden tratar los \u00abojos secos\u00bb.<\/p><\/div>\n\t\t\t\t<\/div>\n\t\t\t\t\t\t\t<div class=\"elementor-toggle-item\">\n\t\t\t\t\t<h5 id=\"elementor-tab-title-2625\" class=\"elementor-tab-title\" data-tab=\"5\" role=\"button\" aria-controls=\"elementor-tab-content-2625\" aria-expanded=\"false\">\n\t\t\t\t\t\t\t\t\t\t\t\t<span class=\"elementor-toggle-icon elementor-toggle-icon-right\" aria-hidden=\"true\">\n\t\t\t\t\t\t\t\t\t\t\t\t\t\t\t<span class=\"elementor-toggle-icon-closed\"><i class=\"fas fa-plus\"><\/i><\/span>\n\t\t\t\t\t\t\t\t<span class=\"elementor-toggle-icon-opened\"><i class=\"elementor-toggle-icon-opened fas fa-minus\"><\/i><\/span>\n\t\t\t\t\t\t\t\t\t\t\t\t\t<\/span>\n\t\t\t\t\t\t\t\t\t\t\t\t<a class=\"elementor-toggle-title\" tabindex=\"0\">Lentes de Contacto Blandos<\/a>\n\t\t\t\t\t<\/h5>\n\n\t\t\t\t\t<div id=\"elementor-tab-content-2625\" class=\"elementor-tab-content elementor-clearfix\" data-tab=\"5\" role=\"region\" aria-labelledby=\"elementor-tab-title-2625\"><p data-sourcepos=\"3:1-3:565\">Los lentes de contacto blandos absorben el l\u00edquido lagrimal y se adaptan estrechamente al ojo. La tolerancia inicial es muy alta. Debido a la absorci\u00f3n de l\u00edquido, tambi\u00e9n se absorben los productos metab\u00f3licos y se reduce la pel\u00edcula lagrimal.<\/p><\/div>\n\t\t\t\t<\/div>\n\t\t\t\t\t\t\t\t<\/div>\n\t\t\t\t\t\t<\/div>\n\t\t\t\t<\/div>\n\t\t\t\t\t<\/div>\n\t\t<\/div>\n\t\t\t\t\t<\/div>\n\t\t<\/section>\n\t\t\t\t<section class=\"elementor-section elementor-top-section elementor-element elementor-element-23cf65c elementor-section-boxed elementor-section-height-default elementor-section-height-default animation_type_block sc_fly_static elementor-invisible\" data-id=\"23cf65c\" data-element_type=\"section\" data-e-type=\"section\" data-settings=\"{&quot;background_background&quot;:&quot;classic&quot;,&quot;animation&quot;:&quot;fadeInUp&quot;,&quot;_ha_eqh_enable&quot;:false}\">\n\t\t\t\t\t\t\t<div class=\"elementor-background-overlay\"><\/div>\n\t\t\t\t\t\t\t<div class=\"elementor-container elementor-column-gap-extended\">\n\t\t\t\t\t<div class=\"elementor-column elementor-col-100 elementor-top-column elementor-element elementor-element-6051fba sc_inner_width_none sc_content_align_inherit sc_layouts_column_icons_position_left sc_fly_static\" data-id=\"6051fba\" data-element_type=\"column\" data-e-type=\"column\">\n\t\t\t<div class=\"elementor-widget-wrap elementor-element-populated\">\n\t\t\t\t\t\t<div class=\"elementor-element elementor-element-ef38115 sc_fly_static elementor-widget elementor-widget-trx_sc_title\" data-id=\"ef38115\" data-element_type=\"widget\" data-e-type=\"widget\" data-widget_type=\"trx_sc_title.default\">\n\t\t\t\t<div class=\"elementor-widget-container\">\n\t\t\t\t\t<div\t\tclass=\"sc_title sc_title_default\" ><div class=\"sc_item_descr sc_title_descr sc_align_center sc_item_descr_with_custom_color trx_addons_inline_2002515034\"><p>Para determinar qu\u00e9 tipo de lente de contacto es el m\u00e1s adecuado para usted, tendremos una consulta en profundidad con usted sobre sus preferencias y necesidades de uso individuales. Esto ir\u00e1 acompa\u00f1ado de una determinaci\u00f3n precisa de su error refractivo, as\u00ed como de un examen del segmento anterior de su ojo utilizando equipos de diagn\u00f3stico. Por lo general, se pueden adaptar lentes de contacto adecuados de inmediato. Tambi\u00e9n le proporcionaremos informaci\u00f3n completa sobre el cuidado necesario, la inserci\u00f3n y extracci\u00f3n de los lentes de contacto, y responderemos cualquier otra pregunta que pueda tener.<\/p>\n<\/div><\/div>\t\t\t\t<\/div>\n\t\t\t\t<\/div>\n\t\t\t\t\t<\/div>\n\t\t<\/div>\n\t\t\t\t\t<\/div>\n\t\t<\/section>\n\t\t\t\t<\/div>\n\t\t","protected":false},"excerpt":{"rendered":"<p>Estudio de Lentes de Contacto Regensburg En el estudio de lentes de contacto de nuestra reconocida cl\u00ednica ocular, le ofrecemos soluciones de vanguardia para todas sus necesidades de lentes de&hellip;<\/p>\n","protected":false},"author":2,"featured_media":26944,"parent":0,"menu_order":0,"comment_status":"closed","ping_status":"closed","template":"elementor_header_footer","meta":{"footnotes":""},"class_list":["post-28106","page","type-page","status-publish","has-post-thumbnail","hentry"],"_links":{"self":[{"href":"https:\/\/eyedoc-ahmedgalal.com\/es\/wp-json\/wp\/v2\/pages\/28106","targetHints":{"allow":["GET"]}}],"collection":[{"href":"https:\/\/eyedoc-ahmedgalal.com\/es\/wp-json\/wp\/v2\/pages"}],"about":[{"href":"https:\/\/eyedoc-ahmedgalal.com\/es\/wp-json\/wp\/v2\/types\/page"}],"author":[{"embeddable":true,"href":"https:\/\/eyedoc-ahmedgalal.com\/es\/wp-json\/wp\/v2\/users\/2"}],"replies":[{"embeddable":true,"href":"https:\/\/eyedoc-ahmedgalal.com\/es\/wp-json\/wp\/v2\/comments?post=28106"}],"version-history":[{"count":4,"href":"https:\/\/eyedoc-ahmedgalal.com\/es\/wp-json\/wp\/v2\/pages\/28106\/revisions"}],"predecessor-version":[{"id":28110,"href":"https:\/\/eyedoc-ahmedgalal.com\/es\/wp-json\/wp\/v2\/pages\/28106\/revisions\/28110"}],"wp:featuredmedia":[{"embeddable":true,"href":"https:\/\/eyedoc-ahmedgalal.com\/es\/wp-json\/wp\/v2\/media\/26944"}],"wp:attachment":[{"href":"https:\/\/eyedoc-ahmedgalal.com\/es\/wp-json\/wp\/v2\/media?parent=28106"}],"curies":[{"name":"wp","href":"https:\/\/api.w.org\/{rel}","templated":true}]}}