{"id":28189,"date":"2024-09-18T12:19:29","date_gmt":"2024-09-18T12:19:29","guid":{"rendered":"https:\/\/eyedoc-ahmedgalal.com\/lens-surgery\/"},"modified":"2024-11-27T19:26:57","modified_gmt":"2024-11-27T19:26:57","slug":"lens-surgery","status":"publish","type":"page","link":"https:\/\/eyedoc-ahmedgalal.com\/es\/lens-surgery\/","title":{"rendered":"Cirug\u00eda de lente"},"content":{"rendered":"\t\t<div data-elementor-type=\"wp-page\" data-elementor-id=\"28189\" class=\"elementor elementor-28189 elementor-23419\" data-elementor-settings=\"{&quot;ha_cmc_init_switcher&quot;:&quot;no&quot;}\">\n\t\t\t\t\t\t<section class=\"elementor-section elementor-top-section elementor-element elementor-element-2d2387b elementor-section-content-middle elementor-section-boxed elementor-section-height-default elementor-section-height-default sc_fly_static\" data-id=\"2d2387b\" data-element_type=\"section\" data-e-type=\"section\" data-settings=\"{&quot;background_background&quot;:&quot;classic&quot;,&quot;_ha_eqh_enable&quot;:false}\">\n\t\t\t\t\t\t<div class=\"elementor-container elementor-column-gap-wide\">\n\t\t\t\t\t<div class=\"elementor-column elementor-col-50 elementor-top-column elementor-element elementor-element-2a55d56 sc_inner_width_none sc_content_align_inherit sc_layouts_column_icons_position_left sc_fly_static\" data-id=\"2a55d56\" data-element_type=\"column\" data-e-type=\"column\">\n\t\t\t<div class=\"elementor-widget-wrap elementor-element-populated\">\n\t\t\t\t\t\t<div class=\"elementor-element elementor-element-9c19abb no-title sc_fly_static elementor-widget elementor-widget-image\" data-id=\"9c19abb\" data-element_type=\"widget\" data-e-type=\"widget\" data-widget_type=\"image.default\">\n\t\t\t\t<div class=\"elementor-widget-container\">\n\t\t\t\t\t\t\t\t\t\t\t\t<figure class=\"wp-caption\">\n\t\t\t\t\t\t\t\t\t\t<img fetchpriority=\"high\" decoding=\"async\" width=\"450\" height=\"300\" src=\"https:\/\/eyedoc-ahmedgalal.com\/wp-content\/uploads\/2024\/09\/visian-450x300-1.jpg\" class=\"attachment-full size-full wp-image-23609\" alt=\"\" srcset=\"https:\/\/eyedoc-ahmedgalal.com\/wp-content\/uploads\/2024\/09\/visian-450x300-1.jpg 450w, https:\/\/eyedoc-ahmedgalal.com\/wp-content\/uploads\/2024\/09\/visian-450x300-1-300x200.jpg 300w, https:\/\/eyedoc-ahmedgalal.com\/wp-content\/uploads\/2024\/09\/visian-450x300-1-370x247.jpg 370w, https:\/\/eyedoc-ahmedgalal.com\/wp-content\/uploads\/2024\/09\/visian-450x300-1-410x273.jpg 410w\" sizes=\"(max-width: 600px) 100vw, 450px\" \/>\t\t\t\t\t\t\t\t\t\t\t<figcaption class=\"widget-image-caption wp-caption-text\">Lente f\u00e1quica Visan ICL.<\/figcaption>\n\t\t\t\t\t\t\t\t\t\t<\/figure>\n\t\t\t\t\t\t\t\t\t<\/div>\n\t\t\t\t<\/div>\n\t\t\t\t\t<\/div>\n\t\t<\/div>\n\t\t\t\t<div class=\"elementor-column elementor-col-50 elementor-top-column elementor-element elementor-element-1b71222 sc_inner_width_none sc_content_align_inherit sc_layouts_column_icons_position_left sc_fly_static\" data-id=\"1b71222\" data-element_type=\"column\" data-e-type=\"column\">\n\t\t\t<div class=\"elementor-widget-wrap elementor-element-populated\">\n\t\t\t\t\t\t<div class=\"elementor-element elementor-element-0699c2c sc_fly_static elementor-widget elementor-widget-trx_sc_title\" data-id=\"0699c2c\" data-element_type=\"widget\" data-e-type=\"widget\" data-widget_type=\"trx_sc_title.default\">\n\t\t\t\t<div class=\"elementor-widget-container\">\n\t\t\t\t\t<div\t\tclass=\"sc_title sc_title_default\" ><span class=\"sc_item_subtitle sc_title_subtitle sc_item_subtitle_above sc_item_title_style_default\">Una alternativa segura a la cirug\u00eda l\u00e1ser ocular<\/span><h2 class=\"sc_item_title sc_title_title sc_item_title_style_default sc_item_title_tag\"\n\t\t\t><span class=\"sc_item_title_text\">Correcci\u00f3n de lente<\/span><\/h2><div class=\"sc_item_descr sc_title_descr\"><p>Si el tratamiento con l\u00e1ser no es m\u00e9dicamente factible, a menudo se puede realizar una cirug\u00eda de lente como alternativa. Las llamadas lentes f\u00e1quicas se implantan cuando el cristalino natural a\u00fan proporciona una buena visi\u00f3n cercana.<\/p>\n<p>En este procedimiento, se extrae el cristalino natural y se reemplaza por un cristalino artificial, o se inserta un cristalino adicional en el ojo. Como en la cirug\u00eda l\u00e1ser, un examen preoperatorio completo y la medici\u00f3n de los ojos son un requisito previo.<\/p>\n<\/div><\/div>\t\t\t\t<\/div>\n\t\t\t\t<\/div>\n\t\t\t\t<div class=\"elementor-element elementor-element-2efa5aa sc_height_small sc_fly_static elementor-widget elementor-widget-spacer\" data-id=\"2efa5aa\" data-element_type=\"widget\" data-e-type=\"widget\" data-widget_type=\"spacer.default\">\n\t\t\t\t<div class=\"elementor-widget-container\">\n\t\t\t\t\t\t\t<div class=\"elementor-spacer\">\n\t\t\t<div class=\"elementor-spacer-inner\"><\/div>\n\t\t<\/div>\n\t\t\t\t\t\t<\/div>\n\t\t\t\t<\/div>\n\t\t\t\t\t<\/div>\n\t\t<\/div>\n\t\t\t\t\t<\/div>\n\t\t<\/section>\n\t\t\t\t<section class=\"elementor-section elementor-top-section elementor-element elementor-element-d0ebee1 elementor-section-content-middle elementor-section-boxed elementor-section-height-default elementor-section-height-default sc_fly_static\" data-id=\"d0ebee1\" data-element_type=\"section\" data-e-type=\"section\" data-settings=\"{&quot;background_background&quot;:&quot;classic&quot;,&quot;_ha_eqh_enable&quot;:false}\">\n\t\t\t\t\t\t<div class=\"elementor-container elementor-column-gap-wide\">\n\t\t\t\t\t<div class=\"elementor-column elementor-col-50 elementor-top-column elementor-element elementor-element-c4b968b sc_inner_width_none sc_content_align_inherit sc_layouts_column_icons_position_left sc_fly_static\" data-id=\"c4b968b\" data-element_type=\"column\" data-e-type=\"column\">\n\t\t\t<div class=\"elementor-widget-wrap elementor-element-populated\">\n\t\t\t\t\t\t<div class=\"elementor-element elementor-element-cceb91e sc_fly_static elementor-widget elementor-widget-trx_sc_title\" data-id=\"cceb91e\" data-element_type=\"widget\" data-e-type=\"widget\" data-widget_type=\"trx_sc_title.default\">\n\t\t\t\t<div class=\"elementor-widget-container\">\n\t\t\t\t\t<div\t\tclass=\"sc_title sc_title_default\" ><span class=\"sc_item_subtitle sc_title_subtitle sc_item_subtitle_above sc_item_title_style_default\">Un reemplazo \u00f3ptimo para el cristalino natural<\/span><h2 class=\"sc_item_title sc_title_title sc_item_title_style_default sc_item_title_tag\"\n\t\t\t><span class=\"sc_item_title_text\">Intercambio de lente refractivo<\/span><\/h2><div class=\"sc_item_descr sc_title_descr\"><p> Los usuarios de gafas y lentes de contacto mayores de 45 a\u00f1os saben lo dif\u00edcil que puede ser la transici\u00f3n a las lentes progresivas. Las lentes multifocales modernas tambi\u00e9n pueden corregir la presbicia. Esto elimina en gran medida la necesidad de gafas de lectura. Adem\u00e1s de la visi\u00f3n clara a distancias cercanas y lejanas, este tratamiento tiene otra ventaja: despu\u00e9s del intercambio de lente refractivo, los pacientes no tienen que preocuparse por desarrollar cataratas, ya que el lente artificial no puede volverse nublado.<\/p>\n<\/div><\/div>\t\t\t\t<\/div>\n\t\t\t\t<\/div>\n\t\t\t\t<div class=\"elementor-element elementor-element-0bf1640 sc_height_small sc_fly_static elementor-widget elementor-widget-spacer\" data-id=\"0bf1640\" data-element_type=\"widget\" data-e-type=\"widget\" data-widget_type=\"spacer.default\">\n\t\t\t\t<div class=\"elementor-widget-container\">\n\t\t\t\t\t\t\t<div class=\"elementor-spacer\">\n\t\t\t<div class=\"elementor-spacer-inner\"><\/div>\n\t\t<\/div>\n\t\t\t\t\t\t<\/div>\n\t\t\t\t<\/div>\n\t\t\t\t\t<\/div>\n\t\t<\/div>\n\t\t\t\t<div class=\"elementor-column elementor-col-50 elementor-top-column elementor-element elementor-element-651af82 sc_inner_width_none sc_content_align_inherit sc_layouts_column_icons_position_left sc_fly_static\" data-id=\"651af82\" data-element_type=\"column\" data-e-type=\"column\">\n\t\t\t<div class=\"elementor-widget-wrap elementor-element-populated\">\n\t\t\t\t\t\t<div class=\"elementor-element elementor-element-fd182a9 no-title sc_fly_static elementor-widget elementor-widget-image\" data-id=\"fd182a9\" data-element_type=\"widget\" data-e-type=\"widget\" data-widget_type=\"image.default\">\n\t\t\t\t<div class=\"elementor-widget-container\">\n\t\t\t\t\t\t\t\t\t\t\t\t\t\t\t<img decoding=\"async\" width=\"1000\" height=\"667\" src=\"https:\/\/eyedoc-ahmedgalal.com\/wp-content\/uploads\/2024\/09\/multi.gif\" class=\"attachment-full size-full wp-image-23617\" alt=\"\" \/>\t\t\t\t\t\t\t\t\t\t\t\t\t\t\t<\/div>\n\t\t\t\t<\/div>\n\t\t\t\t\t<\/div>\n\t\t<\/div>\n\t\t\t\t\t<\/div>\n\t\t<\/section>\n\t\t\t\t<\/div>\n\t\t","protected":false},"excerpt":{"rendered":"<p>Lente f\u00e1quica Visan ICL. Una alternativa segura a la cirug\u00eda l\u00e1ser ocular Correcci\u00f3n de lente Si el tratamiento con l\u00e1ser no es m\u00e9dicamente factible, a menudo se puede realizar una&hellip;<\/p>\n","protected":false},"author":2,"featured_media":26944,"parent":0,"menu_order":0,"comment_status":"closed","ping_status":"closed","template":"elementor_header_footer","meta":{"footnotes":""},"class_list":["post-28189","page","type-page","status-publish","has-post-thumbnail","hentry"],"_links":{"self":[{"href":"https:\/\/eyedoc-ahmedgalal.com\/es\/wp-json\/wp\/v2\/pages\/28189","targetHints":{"allow":["GET"]}}],"collection":[{"href":"https:\/\/eyedoc-ahmedgalal.com\/es\/wp-json\/wp\/v2\/pages"}],"about":[{"href":"https:\/\/eyedoc-ahmedgalal.com\/es\/wp-json\/wp\/v2\/types\/page"}],"author":[{"embeddable":true,"href":"https:\/\/eyedoc-ahmedgalal.com\/es\/wp-json\/wp\/v2\/users\/2"}],"replies":[{"embeddable":true,"href":"https:\/\/eyedoc-ahmedgalal.com\/es\/wp-json\/wp\/v2\/comments?post=28189"}],"version-history":[{"count":14,"href":"https:\/\/eyedoc-ahmedgalal.com\/es\/wp-json\/wp\/v2\/pages\/28189\/revisions"}],"predecessor-version":[{"id":28992,"href":"https:\/\/eyedoc-ahmedgalal.com\/es\/wp-json\/wp\/v2\/pages\/28189\/revisions\/28992"}],"wp:featuredmedia":[{"embeddable":true,"href":"https:\/\/eyedoc-ahmedgalal.com\/es\/wp-json\/wp\/v2\/media\/26944"}],"wp:attachment":[{"href":"https:\/\/eyedoc-ahmedgalal.com\/es\/wp-json\/wp\/v2\/media?parent=28189"}],"curies":[{"name":"wp","href":"https:\/\/api.w.org\/{rel}","templated":true}]}}