{"id":28437,"date":"2024-09-22T17:51:53","date_gmt":"2024-09-22T17:51:53","guid":{"rendered":"https:\/\/eyedoc-ahmedgalal.com\/eye-test-report\/"},"modified":"2024-11-24T16:05:34","modified_gmt":"2024-11-24T16:05:34","slug":"eye-test-report","status":"publish","type":"page","link":"https:\/\/eyedoc-ahmedgalal.com\/es\/eye-test-report\/","title":{"rendered":"Examen \/ Informe Ocular"},"content":{"rendered":"\t\t<div data-elementor-type=\"wp-page\" data-elementor-id=\"28437\" class=\"elementor elementor-28437 elementor-24313\" data-elementor-settings=\"{&quot;ha_cmc_init_switcher&quot;:&quot;no&quot;}\">\n\t\t\t\t\t\t<section class=\"elementor-section elementor-top-section elementor-element elementor-element-6409ddc elementor-section-content-middle elementor-section-boxed elementor-section-height-default elementor-section-height-default sc_fly_static\" data-id=\"6409ddc\" data-element_type=\"section\" data-e-type=\"section\" data-settings=\"{&quot;background_background&quot;:&quot;classic&quot;,&quot;_ha_eqh_enable&quot;:false}\">\n\t\t\t\t\t\t<div class=\"elementor-container elementor-column-gap-wide\">\n\t\t\t\t\t<div class=\"elementor-column elementor-col-50 elementor-top-column elementor-element elementor-element-7510376 sc_inner_width_none sc_content_align_inherit sc_layouts_column_icons_position_left sc_fly_static\" data-id=\"7510376\" data-element_type=\"column\" data-e-type=\"column\">\n\t\t\t<div class=\"elementor-widget-wrap elementor-element-populated\">\n\t\t\t\t\t\t<div class=\"elementor-element elementor-element-adcc477 no-title sc_fly_static elementor-widget elementor-widget-image\" data-id=\"adcc477\" data-element_type=\"widget\" data-e-type=\"widget\" data-widget_type=\"image.default\">\n\t\t\t\t<div class=\"elementor-widget-container\">\n\t\t\t\t\t\t\t\t\t\t\t\t\t\t\t<img fetchpriority=\"high\" decoding=\"async\" width=\"730\" height=\"380\" src=\"https:\/\/eyedoc-ahmedgalal.com\/wp-content\/uploads\/2024\/09\/what-does-20-40-vision-mean.jpg\" class=\"attachment-full size-full wp-image-24322\" alt=\"\" srcset=\"https:\/\/eyedoc-ahmedgalal.com\/wp-content\/uploads\/2024\/09\/what-does-20-40-vision-mean.jpg 730w, https:\/\/eyedoc-ahmedgalal.com\/wp-content\/uploads\/2024\/09\/what-does-20-40-vision-mean-300x156.jpg 300w, https:\/\/eyedoc-ahmedgalal.com\/wp-content\/uploads\/2024\/09\/what-does-20-40-vision-mean-370x193.jpg 370w, https:\/\/eyedoc-ahmedgalal.com\/wp-content\/uploads\/2024\/09\/what-does-20-40-vision-mean-410x213.jpg 410w, https:\/\/eyedoc-ahmedgalal.com\/wp-content\/uploads\/2024\/09\/what-does-20-40-vision-mean-600x312.jpg 600w\" sizes=\"(max-width: 730px) 100vw, 730px\" \/>\t\t\t\t\t\t\t\t\t\t\t\t\t\t\t<\/div>\n\t\t\t\t<\/div>\n\t\t\t\t\t<\/div>\n\t\t<\/div>\n\t\t\t\t<div class=\"elementor-column elementor-col-50 elementor-top-column elementor-element elementor-element-c33fce3 sc_inner_width_none sc_content_align_inherit sc_layouts_column_icons_position_left sc_fly_static\" data-id=\"c33fce3\" data-element_type=\"column\" data-e-type=\"column\">\n\t\t\t<div class=\"elementor-widget-wrap elementor-element-populated\">\n\t\t\t\t\t\t<div class=\"elementor-element elementor-element-f1e3f3f sc_fly_static elementor-widget elementor-widget-trx_sc_title\" data-id=\"f1e3f3f\" data-element_type=\"widget\" data-e-type=\"widget\" data-widget_type=\"trx_sc_title.default\">\n\t\t\t\t<div class=\"elementor-widget-container\">\n\t\t\t\t\t<div\t\tclass=\"sc_title sc_title_default\" ><h2 class=\"sc_item_title sc_title_title sc_item_title_style_default sc_item_title_tag\"\n\t\t\t><span class=\"sc_item_title_text\">Examen Informe Ocular\n\n<\/span><\/h2><div class=\"sc_item_descr sc_title_descr\"><p>Las pruebas oculares ponen a prueba su visi\u00f3n. Sirven, entre otras cosas, para evaluar la agudeza visual y la percepci\u00f3n del color. La agudeza visual cambia gradualmente, lo que no siempre es perceptible. Por lo tanto, muchas personas podr\u00edan ver mejor si se sometieran a ex\u00e1menes oculares regulares y, si es necesario, medidas correctivas.<\/p>\n<\/div><\/div>\t\t\t\t<\/div>\n\t\t\t\t<\/div>\n\t\t\t\t<section class=\"elementor-section elementor-inner-section elementor-element elementor-element-aa1ea3d elementor-section-full_width sc_section_toggle_on elementor-section-height-default elementor-section-height-default sc_section_toggle_state_show sc_fly_static\" data-id=\"aa1ea3d\" data-element_type=\"section\" data-e-type=\"section\" data-settings=\"{&quot;_ha_eqh_enable&quot;:false}\">\n\t\t\t\t\t\t<div class=\"elementor-container elementor-column-gap-extended\">\n\t\t\t\t\t<div class=\"elementor-column elementor-col-50 elementor-inner-column elementor-element elementor-element-4f70586 sc_inner_width_none sc_content_align_inherit sc_layouts_column_icons_position_left sc_fly_static\" data-id=\"4f70586\" data-element_type=\"column\" data-e-type=\"column\">\n\t\t\t<div class=\"elementor-widget-wrap elementor-element-populated\">\n\t\t\t\t\t\t<div class=\"elementor-element elementor-element-cb2ca23 sc_fly_static elementor-widget elementor-widget-trx_sc_title\" data-id=\"cb2ca23\" data-element_type=\"widget\" data-e-type=\"widget\" data-widget_type=\"trx_sc_title.default\">\n\t\t\t\t<div class=\"elementor-widget-container\">\n\t\t\t\t\t<div\t\tclass=\"sc_title sc_title_default\" ><h5 class=\"sc_item_title sc_title_title sc_item_title_style_default sc_item_title_tag\"\n\t\t\t><span class=\"sc_item_title_text\">Licencia de Conducir\n\n\n\n\n\n\n<\/span><\/h5><\/div>\t\t\t\t<\/div>\n\t\t\t\t<\/div>\n\t\t\t\t<div class=\"elementor-element elementor-element-2c00502 sc_fly_static elementor-widget elementor-widget-text-editor\" data-id=\"2c00502\" data-element_type=\"widget\" data-e-type=\"widget\" data-widget_type=\"text-editor.default\">\n\t\t\t\t<div class=\"elementor-widget-container\">\n\t\t\t\t\t\t\t\t\t<ul>\n \t<li>Licencia de conducir para veh\u00edculos de motor de las clases B, BE, S\n<\/li>\n \t<li>Licencia de conducir para veh\u00edculos de motor de las clases C, CE, C1, C1E<\/li>\n \t<li>Licencia de conducir para veh\u00edculos de motor de las clases D, DE, D1, D1E<\/li>\n \t<li>Licencia de conducir para motocicletas de las clases A, A1, M<\/li>\n \t<li>Licencias especiales de las clases T, L<\/li>\n<\/ul>\t\t\t\t\t\t\t\t<\/div>\n\t\t\t\t<\/div>\n\t\t\t\t\t<\/div>\n\t\t<\/div>\n\t\t\t\t<div class=\"elementor-column elementor-col-50 elementor-inner-column elementor-element elementor-element-66c7fc8 sc_inner_width_none sc_content_align_inherit sc_layouts_column_icons_position_left sc_fly_static\" data-id=\"66c7fc8\" data-element_type=\"column\" data-e-type=\"column\">\n\t\t\t<div class=\"elementor-widget-wrap elementor-element-populated\">\n\t\t\t\t\t\t<div class=\"elementor-element elementor-element-29a152a sc_fly_static elementor-widget elementor-widget-trx_sc_title\" data-id=\"29a152a\" data-element_type=\"widget\" data-e-type=\"widget\" data-widget_type=\"trx_sc_title.default\">\n\t\t\t\t<div class=\"elementor-widget-container\">\n\t\t\t\t\t<div\t\tclass=\"sc_title sc_title_default\" ><h5 class=\"sc_item_title sc_title_title sc_item_title_style_default sc_item_title_tag\"\n\t\t\t><span class=\"sc_item_title_text\">Tu trabajo y tu vida diaria exigen una buena visi\u00f3n? D\u00e9janos evaluar la tuya.\n<\/span><\/h5><\/div>\t\t\t\t<\/div>\n\t\t\t\t<\/div>\n\t\t\t\t<div class=\"elementor-element elementor-element-1bb06ea sc_fly_static elementor-widget elementor-widget-text-editor\" data-id=\"1bb06ea\" data-element_type=\"widget\" data-e-type=\"widget\" data-widget_type=\"text-editor.default\">\n\t\t\t\t<div class=\"elementor-widget-container\">\n\t\t\t\t\t\t\t\t\t<ul>\n \t<li>\u00a0Solicitante y candidato de la polic\u00eda.\n<\/li>\n \t<li>Certificado M\u00e9dico Aeron\u00e1utico\n<\/li>\n \t<li>Barco de recreo\n<\/li>\n \t<li>Examen Oftalmol\u00f3gico para Medicina Deportiva<\/li>\n<\/ul>\t\t\t\t\t\t\t\t<\/div>\n\t\t\t\t<\/div>\n\t\t\t\t\t<\/div>\n\t\t<\/div>\n\t\t\t\t\t<\/div>\n\t\t<\/section>\n\t\t\t\t\t<\/div>\n\t\t<\/div>\n\t\t\t\t\t<\/div>\n\t\t<\/section>\n\t\t\t\t<section class=\"elementor-section elementor-top-section elementor-element elementor-element-933251d elementor-section-content-middle elementor-section-boxed elementor-section-height-default elementor-section-height-default sc_fly_static\" data-id=\"933251d\" data-element_type=\"section\" data-e-type=\"section\" data-settings=\"{&quot;background_background&quot;:&quot;classic&quot;,&quot;_ha_eqh_enable&quot;:false}\">\n\t\t\t\t\t\t<div class=\"elementor-container elementor-column-gap-extended\">\n\t\t\t\t\t<div class=\"elementor-column elementor-col-50 elementor-top-column elementor-element elementor-element-130106c sc_inner_width_none sc_content_align_inherit sc_layouts_column_icons_position_left sc_fly_static\" data-id=\"130106c\" data-element_type=\"column\" data-e-type=\"column\">\n\t\t\t<div class=\"elementor-widget-wrap elementor-element-populated\">\n\t\t\t\t\t\t<div class=\"elementor-element elementor-element-9337fd4 sc_fly_static elementor-widget elementor-widget-trx_sc_title\" data-id=\"9337fd4\" data-element_type=\"widget\" data-e-type=\"widget\" data-widget_type=\"trx_sc_title.default\">\n\t\t\t\t<div class=\"elementor-widget-container\">\n\t\t\t\t\t<div\t\tclass=\"sc_title sc_title_default\" ><h3 class=\"sc_item_title sc_title_title sc_item_title_style_default sc_item_title_tag\"\n\t\t\t><span class=\"sc_item_title_text\">Hay requisitos espec\u00edficos que deben cumplirse para cada una de estas evaluaciones. Durante el examen m\u00e9dico, el enfoque principal est\u00e1 en las funciones visuales fundamentales. Se prueban los siguientes:\n\n<\/span><\/h3><\/div>\t\t\t\t<\/div>\n\t\t\t\t<\/div>\n\t\t\t\t\t<\/div>\n\t\t<\/div>\n\t\t\t\t<div class=\"elementor-column elementor-col-50 elementor-top-column elementor-element elementor-element-49e6d44 sc_inner_width_none sc_content_align_inherit sc_layouts_column_icons_position_left sc_fly_static\" data-id=\"49e6d44\" data-element_type=\"column\" data-e-type=\"column\">\n\t\t\t<div class=\"elementor-widget-wrap elementor-element-populated\">\n\t\t\t\t\t\t<div class=\"elementor-element elementor-element-d1defe1 elementor-tabs-view-vertical sc_tabs_icon_position_left sc_fly_static elementor-widget elementor-widget-tabs\" data-id=\"d1defe1\" data-element_type=\"widget\" data-e-type=\"widget\" data-widget_type=\"tabs.default\">\n\t\t\t\t<div class=\"elementor-widget-container\">\n\t\t\t\t\t\t\t<div class=\"elementor-tabs\">\n\t\t\t<div class=\"elementor-tabs-wrapper\" role=\"tablist\" >\n\t\t\t\t\t\t\t\t\t<div id=\"elementor-tab-title-2201\" class=\"elementor-tab-title elementor-tab-desktop-title\" aria-selected=\"true\" data-tab=\"1\" role=\"tab\" tabindex=\"0\" aria-controls=\"elementor-tab-content-2201\" aria-expanded=\"false\">Agudeza Visual<\/div>\n\t\t\t\t\t\t\t\t\t<div id=\"elementor-tab-title-2202\" class=\"elementor-tab-title elementor-tab-desktop-title\" aria-selected=\"false\" data-tab=\"2\" role=\"tab\" tabindex=\"-1\" aria-controls=\"elementor-tab-content-2202\" aria-expanded=\"false\">Campo visual<\/div>\n\t\t\t\t\t\t\t\t\t<div id=\"elementor-tab-title-2203\" class=\"elementor-tab-title elementor-tab-desktop-title\" aria-selected=\"false\" data-tab=\"3\" role=\"tab\" tabindex=\"-1\" aria-controls=\"elementor-tab-content-2203\" aria-expanded=\"false\">Visi\u00f3n con poca luz y sensibilidad al deslumbramiento<\/div>\n\t\t\t\t\t\t\t\t\t<div id=\"elementor-tab-title-2204\" class=\"elementor-tab-title elementor-tab-desktop-title\" aria-selected=\"false\" data-tab=\"4\" role=\"tab\" tabindex=\"-1\" aria-controls=\"elementor-tab-content-2204\" aria-expanded=\"false\">Alineaci\u00f3n ocular y movimiento ocular<\/div>\n\t\t\t\t\t\t\t\t\t<div id=\"elementor-tab-title-2205\" class=\"elementor-tab-title elementor-tab-desktop-title\" aria-selected=\"false\" data-tab=\"5\" role=\"tab\" tabindex=\"-1\" aria-controls=\"elementor-tab-content-2205\" aria-expanded=\"false\">Visi\u00f3n del color<\/div>\n\t\t\t\t\t\t\t<\/div>\n\t\t\t<div class=\"elementor-tabs-content-wrapper\" role=\"tablist\" aria-orientation=\"vertical\">\n\t\t\t\t\t\t\t\t\t<div class=\"elementor-tab-title elementor-tab-mobile-title\" aria-selected=\"true\" data-tab=\"1\" role=\"tab\" tabindex=\"0\" aria-controls=\"elementor-tab-content-2201\" aria-expanded=\"false\">Agudeza Visual<\/div>\n\t\t\t\t\t<div id=\"elementor-tab-content-2201\" class=\"elementor-tab-content elementor-clearfix\" data-tab=\"1\" role=\"tabpanel\" aria-labelledby=\"elementor-tab-title-2201\" tabindex=\"0\" hidden=\"false\"><div class=\"presented-response-container ng-tns-c3034524570-1231\"><div class=\"response-container-content ng-tns-c3034524570-1231 tunable-selection-with-avatar\"><div class=\"response-content ng-tns-c3034524570-1231\"><div class=\"markdown markdown-main-panel response-optimization\" dir=\"ltr\"><p data-sourcepos=\"1:1-1:337\">La agudeza visual es la capacidad del ojo para distinguir objetos peque\u00f1os con claridad y contraste. Para evaluar la agudeza visual en las evaluaciones, com\u00fanmente se utilizan los anillos de Landolt. Estos son c\u00edrculos de diferentes tama\u00f1os con un hueco en una posici\u00f3n aleatoria. El paciente debe identificar la ubicaci\u00f3n de este hueco.<\/p><\/div><\/div><\/div><\/div><\/div>\n\t\t\t\t\t\t\t\t\t<div class=\"elementor-tab-title elementor-tab-mobile-title\" aria-selected=\"false\" data-tab=\"2\" role=\"tab\" tabindex=\"-1\" aria-controls=\"elementor-tab-content-2202\" aria-expanded=\"false\">Campo visual<\/div>\n\t\t\t\t\t<div id=\"elementor-tab-content-2202\" class=\"elementor-tab-content elementor-clearfix\" data-tab=\"2\" role=\"tabpanel\" aria-labelledby=\"elementor-tab-title-2202\" tabindex=\"0\" hidden=\"hidden\"><div class=\"presented-response-container ng-tns-c3034524570-1249\"><div class=\"response-container-content ng-tns-c3034524570-1249 tunable-selection-with-avatar\"><div class=\"response-content ng-tns-c3034524570-1249\"><div class=\"markdown markdown-main-panel response-optimization\" dir=\"ltr\"><p data-sourcepos=\"1:1-1:277\">El campo visual corresponde al espacio del mundo exterior que se refleja y percibe en la retina cuando el ojo est\u00e1 estacionario. El campo visual se examina mediante perimetr\u00eda (medici\u00f3n del campo visual), prestando especial atenci\u00f3n a los escotomas (defectos del campo visual).<\/p><\/div><\/div><\/div><\/div><\/div>\n\t\t\t\t\t\t\t\t\t<div class=\"elementor-tab-title elementor-tab-mobile-title\" aria-selected=\"false\" data-tab=\"3\" role=\"tab\" tabindex=\"-1\" aria-controls=\"elementor-tab-content-2203\" aria-expanded=\"false\">Visi\u00f3n con poca luz y sensibilidad al deslumbramiento<\/div>\n\t\t\t\t\t<div id=\"elementor-tab-content-2203\" class=\"elementor-tab-content elementor-clearfix\" data-tab=\"3\" role=\"tabpanel\" aria-labelledby=\"elementor-tab-title-2203\" tabindex=\"0\" hidden=\"hidden\"><div class=\"presented-response-container ng-tns-c3034524570-1267\"><div class=\"response-container-content ng-tns-c3034524570-1267 tunable-selection-with-avatar\"><div class=\"response-content ng-tns-c3034524570-1267\"><div class=\"markdown markdown-main-panel response-optimization\" dir=\"ltr\"><p data-sourcepos=\"1:1-1:348\">A medida que las personas envejecen, su capacidad para ver con poca luz a menudo disminuye. Esta funci\u00f3n visual se eval\u00faa utilizando una tabla de agudeza visual (como un anillo de Landolt) reduciendo gradualmente el contraste del entorno circundante. Este proceso contin\u00faa hasta que el sujeto ya no pueda discernir el hueco en el anillo de Landolt.<\/p><\/div><\/div><\/div><\/div><\/div>\n\t\t\t\t\t\t\t\t\t<div class=\"elementor-tab-title elementor-tab-mobile-title\" aria-selected=\"false\" data-tab=\"4\" role=\"tab\" tabindex=\"-1\" aria-controls=\"elementor-tab-content-2204\" aria-expanded=\"false\">Alineaci\u00f3n ocular y movimiento ocular<\/div>\n\t\t\t\t\t<div id=\"elementor-tab-content-2204\" class=\"elementor-tab-content elementor-clearfix\" data-tab=\"4\" role=\"tabpanel\" aria-labelledby=\"elementor-tab-title-2204\" tabindex=\"0\" hidden=\"hidden\"><div class=\"presented-response-container ng-tns-c3034524570-1285\"><div class=\"response-container-content ng-tns-c3034524570-1285 tunable-selection-with-avatar\"><div class=\"response-content ng-tns-c3034524570-1285\"><div class=\"markdown markdown-main-panel response-optimization\" dir=\"ltr\"><p data-sourcepos=\"1:1-1:264\">Si se producen desalineaciones o restricciones de los ojos, puede producirse visi\u00f3n doble. Si el estrabismo (ojos cruzados) o el nistagmus (movimientos oculares involuntarios y r\u00edtmicos) no producen visi\u00f3n doble, el solicitante puede participar en el tr\u00e1fico vial.<\/p><\/div><\/div><\/div><\/div><\/div>\n\t\t\t\t\t\t\t\t\t<div class=\"elementor-tab-title elementor-tab-mobile-title\" aria-selected=\"false\" data-tab=\"5\" role=\"tab\" tabindex=\"-1\" aria-controls=\"elementor-tab-content-2205\" aria-expanded=\"false\">Visi\u00f3n del color<\/div>\n\t\t\t\t\t<div id=\"elementor-tab-content-2205\" class=\"elementor-tab-content elementor-clearfix\" data-tab=\"5\" role=\"tabpanel\" aria-labelledby=\"elementor-tab-title-2205\" tabindex=\"0\" hidden=\"hidden\"><div class=\"presented-response-container ng-tns-c3034524570-1303\"><div class=\"response-container-content ng-tns-c3034524570-1303 tunable-selection-with-avatar\"><div class=\"response-content ng-tns-c3034524570-1303\"><div class=\"markdown markdown-main-panel response-optimization\" dir=\"ltr\"><p data-sourcepos=\"1:1-1:282\">La deficiencia de color rojo-verde a menudo se eval\u00faa utilizando las placas de Ishihara. Estas placas consisten en un patr\u00f3n formado por puntos que var\u00edan solo en tono, no en intensidad. El sujeto debe identificar un n\u00famero incrustado dentro del patr\u00f3n basado en los tonos de color.<\/p><\/div><\/div><\/div><\/div><\/div>\n\t\t\t\t\t\t\t<\/div>\n\t\t<\/div>\n\t\t\t\t\t\t<\/div>\n\t\t\t\t<\/div>\n\t\t\t\t\t<\/div>\n\t\t<\/div>\n\t\t\t\t\t<\/div>\n\t\t<\/section>\n\t\t\t\t<section class=\"elementor-section elementor-top-section elementor-element elementor-element-7906ecb elementor-section-boxed elementor-section-height-default elementor-section-height-default animation_type_block sc_fly_static elementor-invisible\" data-id=\"7906ecb\" data-element_type=\"section\" data-e-type=\"section\" data-settings=\"{&quot;background_background&quot;:&quot;classic&quot;,&quot;animation&quot;:&quot;fadeInUp&quot;,&quot;_ha_eqh_enable&quot;:false}\">\n\t\t\t\t\t\t\t<div class=\"elementor-background-overlay\"><\/div>\n\t\t\t\t\t\t\t<div class=\"elementor-container elementor-column-gap-extended\">\n\t\t\t\t\t<div class=\"elementor-column elementor-col-100 elementor-top-column elementor-element elementor-element-ec60f23 sc_inner_width_none sc_content_align_inherit sc_layouts_column_icons_position_left sc_fly_static\" data-id=\"ec60f23\" data-element_type=\"column\" data-e-type=\"column\">\n\t\t\t<div class=\"elementor-widget-wrap elementor-element-populated\">\n\t\t\t\t\t\t<div class=\"elementor-element elementor-element-fd5810d sc_fly_static elementor-widget elementor-widget-trx_sc_title\" data-id=\"fd5810d\" data-element_type=\"widget\" data-e-type=\"widget\" data-widget_type=\"trx_sc_title.default\">\n\t\t\t\t<div class=\"elementor-widget-container\">\n\t\t\t\t\t<div\t\tclass=\"sc_title sc_title_default\" ><div class=\"sc_item_descr sc_title_descr sc_align_center sc_item_descr_with_custom_color trx_addons_inline_940213282\"><p>Las ayudas visuales, como gafas o lentes de contacto, deben llevarse al examen. Si los criterios solo se cumplen con el uso de estas ayudas, esto debe anotarse en el informe. Todas las evaluaciones son generalmente servicios electivos de los Servicios de Salud Individual (IGeL) y deben ser pagados por el paciente.<\/p>\n<\/div><\/div>\t\t\t\t<\/div>\n\t\t\t\t<\/div>\n\t\t\t\t\t<\/div>\n\t\t<\/div>\n\t\t\t\t\t<\/div>\n\t\t<\/section>\n\t\t\t\t<\/div>\n\t\t","protected":false},"excerpt":{"rendered":"<p>Examen Informe Ocular Las pruebas oculares ponen a prueba su visi\u00f3n. Sirven, entre otras cosas, para evaluar la agudeza visual y la percepci\u00f3n del color. La agudeza visual cambia gradualmente,&hellip;<\/p>\n","protected":false},"author":2,"featured_media":26944,"parent":0,"menu_order":0,"comment_status":"closed","ping_status":"closed","template":"elementor_header_footer","meta":{"footnotes":""},"class_list":["post-28437","page","type-page","status-publish","has-post-thumbnail","hentry"],"_links":{"self":[{"href":"https:\/\/eyedoc-ahmedgalal.com\/es\/wp-json\/wp\/v2\/pages\/28437","targetHints":{"allow":["GET"]}}],"collection":[{"href":"https:\/\/eyedoc-ahmedgalal.com\/es\/wp-json\/wp\/v2\/pages"}],"about":[{"href":"https:\/\/eyedoc-ahmedgalal.com\/es\/wp-json\/wp\/v2\/types\/page"}],"author":[{"embeddable":true,"href":"https:\/\/eyedoc-ahmedgalal.com\/es\/wp-json\/wp\/v2\/users\/2"}],"replies":[{"embeddable":true,"href":"https:\/\/eyedoc-ahmedgalal.com\/es\/wp-json\/wp\/v2\/comments?post=28437"}],"version-history":[{"count":4,"href":"https:\/\/eyedoc-ahmedgalal.com\/es\/wp-json\/wp\/v2\/pages\/28437\/revisions"}],"predecessor-version":[{"id":28442,"href":"https:\/\/eyedoc-ahmedgalal.com\/es\/wp-json\/wp\/v2\/pages\/28437\/revisions\/28442"}],"wp:featuredmedia":[{"embeddable":true,"href":"https:\/\/eyedoc-ahmedgalal.com\/es\/wp-json\/wp\/v2\/media\/26944"}],"wp:attachment":[{"href":"https:\/\/eyedoc-ahmedgalal.com\/es\/wp-json\/wp\/v2\/media?parent=28437"}],"curies":[{"name":"wp","href":"https:\/\/api.w.org\/{rel}","templated":true}]}}